{"id":8190,"date":"2018-07-23T12:50:24","date_gmt":"2018-07-23T10:50:24","guid":{"rendered":"http:\/\/ksiegarnia-akademicka.pl\/?post_type=product&#038;p=8190"},"modified":"2018-07-23T12:50:24","modified_gmt":"2018-07-23T10:50:24","slug":"przewodnik-po-zadaniach-z-makroekonomii","status":"publish","type":"product","link":"https:\/\/ksiegarnia-akademicka.pl\/index.php\/product\/przewodnik-po-zadaniach-z-makroekonomii\/","title":{"rendered":"Przewodnik po zadaniach z makroekonomii"},"content":{"rendered":"<p>Autor:<br \/>\nAdam Baszy\u0144ski<br \/>\nDawid Pi\u0105tek<br \/>\nKatarzyna Szarzec<br \/>\nWydawca: CeDeWu<br \/>\nOprawa: Mi\u0119kka<br \/>\nFormat: 16.5&#215;23.5cm<br \/>\nLiczba stron: 176<br \/>\nWydanie: 2<br \/>\nRok wydania: 2015<\/p>\n<p>Tre\u015b\u0107 \u201ePrzewodnika po zadaniach z makroekonomii&#8221; zosta\u0142a uj\u0119ta w jedenastu rozdzia\u0142ach, kt\u00f3rych wsp\u00f3ln\u0105 cech\u0105 jest uwzgl\u0119dnienie dorobku najnow\u00adszych nurt\u00f3w makroekonomii, a tak\u017ce zaprezentowanie g\u0142\u00f3wnych obszar\u00f3w spor\u00f3w mi\u0119dzy ekonomistami oraz argument\u00f3w u\u017cywanych w tych spo\u00adrach. Wprowadzenia rozpoczynaj\u0105ce poszczeg\u00f3lne rozdzia\u0142y stanowi\u0105 pomoc dydaktyczn\u0105 do wyk\u0142ad\u00f3w i \u0107wicze\u0144 z makroekonomii, u\u0142atwiaj\u0105 opraco\u00adwanie i zrozumienie teorii ekonomii oraz realizacj\u0119 wymagaj\u0105cego programu nauczania na drugim stopniu studi\u00f3w. Zalet\u0105 przewodnika jest przemy\u015blany zbi\u00f3r zada\u0144, opracowany w oparciu o opinie student\u00f3w i dobrany tak, aby u\u0142atwi\u0107 zrozumienie materia\u0142u om\u00f3wionego na wyk\u0142adach.<\/p>\n","protected":false},"excerpt":{"rendered":"<p>Autor: Adam Baszy\u0144ski Dawid Pi\u0105tek Katarzyna Szarzec Wydawca: CeDeWu Oprawa: [&hellip;]<\/p>\n","protected":false},"featured_media":8191,"template":"","meta":[],"product_brand":[],"product_cat":[17,7499],"product_tag":[7599,342],"class_list":{"0":"post-8190","1":"product","2":"type-product","3":"status-publish","4":"has-post-thumbnail","6":"product_cat-ekonomia","7":"product_cat-makro-i-mikroekonomia","8":"product_tag-cwiczenia-z-makroekonomii","9":"product_tag-makroekonomia","11":"first","12":"instock","13":"sale","14":"shipping-taxable","15":"purchasable","16":"product-type-simple"},"_links":{"self":[{"href":"https:\/\/ksiegarnia-akademicka.pl\/index.php\/wp-json\/wp\/v2\/product\/8190","targetHints":{"allow":["GET"]}}],"collection":[{"href":"https:\/\/ksiegarnia-akademicka.pl\/index.php\/wp-json\/wp\/v2\/product"}],"about":[{"href":"https:\/\/ksiegarnia-akademicka.pl\/index.php\/wp-json\/wp\/v2\/types\/product"}],"wp:featuredmedia":[{"embeddable":true,"href":"https:\/\/ksiegarnia-akademicka.pl\/index.php\/wp-json\/wp\/v2\/media\/8191"}],"wp:attachment":[{"href":"https:\/\/ksiegarnia-akademicka.pl\/index.php\/wp-json\/wp\/v2\/media?parent=8190"}],"wp:term":[{"taxonomy":"product_brand","embeddable":true,"href":"https:\/\/ksiegarnia-akademicka.pl\/index.php\/wp-json\/wp\/v2\/product_brand?post=8190"},{"taxonomy":"product_cat","embeddable":true,"href":"https:\/\/ksiegarnia-akademicka.pl\/index.php\/wp-json\/wp\/v2\/product_cat?post=8190"},{"taxonomy":"product_tag","embeddable":true,"href":"https:\/\/ksiegarnia-akademicka.pl\/index.php\/wp-json\/wp\/v2\/product_tag?post=8190"}],"curies":[{"name":"wp","href":"https:\/\/api.w.org\/{rel}","templated":true}]}}