{"id":8103,"date":"2018-07-19T11:04:45","date_gmt":"2018-07-19T09:04:45","guid":{"rendered":"http:\/\/ksiegarnia-akademicka.pl\/?post_type=product&#038;p=8103"},"modified":"2018-07-19T11:04:45","modified_gmt":"2018-07-19T09:04:45","slug":"pokaz-opowiedz-i-zainteresuj-jak-przygotowac-i-przeprowadzic-niezwykla-prezentacje","status":"publish","type":"product","link":"https:\/\/ksiegarnia-akademicka.pl\/index.php\/product\/pokaz-opowiedz-i-zainteresuj-jak-przygotowac-i-przeprowadzic-niezwykla-prezentacje\/","title":{"rendered":"Poka\u017c opowiedz i zainteresuj Jak przygotowa\u0107 i przeprowadzi\u0107 niezwyk\u0142\u0105 prezentacj\u0119"},"content":{"rendered":"<p>Autor:<br \/>\nDan Roam<br \/>\nWydawca: Helion<br \/>\nOprawa: Mi\u0119kka<br \/>\nFormat: 16.3&#215;16.1<br \/>\nLiczba stron: 272<br \/>\nRok wydania: 2018<\/p>\n<p>Prezentacje cz\u0119sto bywaj\u0105 karko\u0142omnym do\u015bwiadczeniem: rozwlek\u0142e wypowiedzi, niesp\u00f3jne i nudne slajdy w PowerPoincie, sztuczno\u015b\u0107 i widoczna trema prelegenta. S\u0142uchacze zajmuj\u0105 si\u0119 w ich czasie mniej lub bardziej dyskretnie swoimi smartfonami lub po prostu przysypiaj\u0105. Tymczasem bardzo wiele zale\u017cy od tego, w jaki spos\u00f3b opowiada si\u0119 o nowatorskim produkcie czy o zasadach nowego systemu zarz\u0105dzania w firmie. Skupienie uwagi s\u0142uchaczy i zainteresowanie ich prezentacj\u0105 nie jest jednak \u0142atwym zadaniem.<\/p>\n<p>Niniejsza ksi\u0105\u017cka pozwoli Ci zrozumie\u0107 zasady skutecznej, ciekawej prezentacji. W interesuj\u0105cy spos\u00f3b poka\u017ce Ci, jak przygotowa\u0107 si\u0119 do wyst\u0105pienia, m\u00f3wi\u0107 i wykorzysta\u0107 obrazy do opowiedzenia swojej historii. Wskaz\u00f3wki, kt\u00f3re tutaj znajdziesz, umo\u017cliwi\u0105 Ci nauczenie si\u0119 sztuki wypowiadania si\u0119 i wykorzystywania w tym celu metod my\u015blenia wizualnego. To bezcenna pozycja, zar\u00f3wno dla nowicjuszy, jak i zaprawionych w bojach prezenter\u00f3w i m\u00f3wc\u00f3w!<\/p>\n<p>Dzi\u0119ki tej ksi\u0105\u017cce:<\/p>\n<p>poznasz trzy zasady przekazywania wiedzy i opowiadania,<br \/>\ndowiesz si\u0119, co musisz wiedzie\u0107 o swoim audytorium jeszcze przed prezentacj\u0105,<br \/>\nzbudujesz skuteczne scenariusze prezentacji,<br \/>\nwykorzystasz obrazy do przekazywania swej opowie\u015bci,<br \/>\ndowiesz si\u0119, jak pokona\u0107 stres przed publicznym przemawianiem.<br \/>\nPrzygotuj niezwyk\u0142\u0105 prezentacj\u0119. Opowiedz. Przekonaj ka\u017cdego.<br \/>\nDan Roam &#8211; jest autorem bestsellera Narysuj swoje my\u015bli, uznanego za najpopularniejsz\u0105 ksi\u0105\u017ck\u0119 ucz\u0105c\u0105 metod my\u015blenia wizualnego. Za\u0142o\u017cy\u0142 przedsi\u0119biorstwo Digital Roam Inc., kt\u00f3re doradza takim firmom i instytucjom, jak Microsoft, Google, Wal-Mart, System Rezerwy Federalnej, Boeing i Senat Stan\u00f3w Zjednoczonych. Roam cz\u0119sto pojawia si\u0119 w CNN, MSNBC, ABC News, FOX News i NPR. Mieszka w San Francisco.<\/p>\n","protected":false},"excerpt":{"rendered":"<p>Autor: Dan Roam Wydawca: Helion Oprawa: Mi\u0119kka Format: 16.3&#215;16.1 Liczba [&hellip;]<\/p>\n","protected":false},"featured_media":8104,"template":"","meta":[],"product_brand":[],"product_cat":[31,30,7515,7513],"product_tag":[735,617,538],"class_list":{"0":"post-8103","1":"product","2":"type-product","3":"status-publish","4":"has-post-thumbnail","6":"product_cat-przedsiebiorstwo","7":"product_cat-zarzadzanie","8":"product_cat-zarzadzanie-przedsiebiorstwem","9":"product_cat-zarzadzanie-zasobami-ludzkimi","10":"product_tag-kadry","11":"product_tag-prezentacje","12":"product_tag-zarzadzanie-zasobami-ludzkimi","14":"first","15":"instock","16":"sale","17":"shipping-taxable","18":"purchasable","19":"product-type-simple"},"_links":{"self":[{"href":"https:\/\/ksiegarnia-akademicka.pl\/index.php\/wp-json\/wp\/v2\/product\/8103","targetHints":{"allow":["GET"]}}],"collection":[{"href":"https:\/\/ksiegarnia-akademicka.pl\/index.php\/wp-json\/wp\/v2\/product"}],"about":[{"href":"https:\/\/ksiegarnia-akademicka.pl\/index.php\/wp-json\/wp\/v2\/types\/product"}],"wp:featuredmedia":[{"embeddable":true,"href":"https:\/\/ksiegarnia-akademicka.pl\/index.php\/wp-json\/wp\/v2\/media\/8104"}],"wp:attachment":[{"href":"https:\/\/ksiegarnia-akademicka.pl\/index.php\/wp-json\/wp\/v2\/media?parent=8103"}],"wp:term":[{"taxonomy":"product_brand","embeddable":true,"href":"https:\/\/ksiegarnia-akademicka.pl\/index.php\/wp-json\/wp\/v2\/product_brand?post=8103"},{"taxonomy":"product_cat","embeddable":true,"href":"https:\/\/ksiegarnia-akademicka.pl\/index.php\/wp-json\/wp\/v2\/product_cat?post=8103"},{"taxonomy":"product_tag","embeddable":true,"href":"https:\/\/ksiegarnia-akademicka.pl\/index.php\/wp-json\/wp\/v2\/product_tag?post=8103"}],"curies":[{"name":"wp","href":"https:\/\/api.w.org\/{rel}","templated":true}]}}