{"id":8101,"date":"2018-07-19T11:02:53","date_gmt":"2018-07-19T09:02:53","guid":{"rendered":"http:\/\/ksiegarnia-akademicka.pl\/?post_type=product&#038;p=8101"},"modified":"2018-07-19T11:02:53","modified_gmt":"2018-07-19T09:02:53","slug":"autor-mel-silberman-wydawca-wolters-kluwer-oprawa-twarda-format-24-5x31-5cm-liczba-stron-402-wydanie-2-rok-wydania-2013","status":"publish","type":"product","link":"https:\/\/ksiegarnia-akademicka.pl\/index.php\/product\/autor-mel-silberman-wydawca-wolters-kluwer-oprawa-twarda-format-24-5x31-5cm-liczba-stron-402-wydanie-2-rok-wydania-2013\/","title":{"rendered":"Autor: Mel Silberman Wydawca: Wolters Kluwer Oprawa: Twarda Format: 24.5&#215;31.5cm Liczba stron: 402 Wydanie: 2 Rok wydania: 2013"},"content":{"rendered":"<p>Autor:<br \/>\nMel Silberman<br \/>\nWydawca: Wolters Kluwer<br \/>\nOprawa: Twarda<br \/>\nFormat: 24.5&#215;31.5cm<br \/>\nLiczba stron: 402<br \/>\nWydanie: 2<br \/>\nRok wydania: 2013<\/p>\n<p>Aktywne \u0107wiczenia szkoleniowe zosta\u0142y opracowane w taki spos\u00f3b, aby by\u0142y zaskakuj\u0105ce, dynamiczne, pe\u0142ne dramaturgii i zapewnia\u0142y niezapomniane wra\u017cenia. Dzi\u0119ki temu szkolenie pozostaje d\u0142u\u017cej w pami\u0119ci jego uczestnik\u00f3w, gwarantuje osi\u0105gni\u0119cie cel\u00f3w szkoleniowych i pozwala uzyska\u0107 trwa\u0142e efekty. \u0106wiczenia powsta\u0142y na podstawie trzydziestopi\u0119cioletniego do\u015bwiadczenia autora w zawodzie trenera i projektanta szkole\u0144. W trakcie aktywnych \u0107wicze\u0144 szkoleniowych stosuje si\u0119 gry, symulacje, scenki i wizualizacje, kt\u00f3re anga\u017cuj\u0105 zar\u00f3wno my\u015blenie, jak i emocje uczestnik\u00f3w. Zamieszczone w tym zbiorze \u0107wiczenia stanowi\u0105 cenn\u0105 podpowied\u017a i \u017ar\u00f3d\u0142o inspiracji dla trener\u00f3w, by mogli samodzielnie projektowa\u0107 i udoskonala\u0107 proces aktywnych szkole\u0144 oparty na metodzie uczenia przez do\u015bwiadczanie. <\/p>\n<p>\u0106wiczenia mo\u017cna wykorzysta\u0107 przy omawianiu takich zagadnie\u0144, jak:<br \/>\n&#8211; zapoznawanie si\u0119 i komunikacja,<br \/>\n&#8211; zachowanie asertywne,<br \/>\n&#8211; wywieranie wp\u0142ywu na inne osoby,<br \/>\n&#8211; konflikt i negocjacje,<br \/>\n&#8211; kreatywno\u015b\u0107 a rozwi\u0105zywanie problem\u00f3w,<br \/>\n&#8211; usprawnianie pracy zespo\u0142owej,<br \/>\n&#8211; wymiana informacji zwrotnych,<br \/>\n&#8211; przyw\u00f3dztwo,<br \/>\n&#8211; szkolenie i coaching pracownik\u00f3w,<br \/>\n&#8211; zrozumienie innych os\u00f3b,<br \/>\n&#8211; sprzeda\u017c i obs\u0142uga klienta,<br \/>\n&#8211; budowanie zespo\u0142u,<br \/>\n&#8211; szkolenie szkoleniowca.<\/p>\n","protected":false},"excerpt":{"rendered":"<p>Autor: Mel Silberman Wydawca: Wolters Kluwer Oprawa: Twarda Format: 24.5&#215;31.5cm [&hellip;]<\/p>\n","protected":false},"featured_media":8102,"template":"","meta":[],"product_brand":[],"product_cat":[30,7513],"product_tag":[543,7589,538],"class_list":{"0":"post-8101","1":"product","2":"type-product","3":"status-publish","4":"has-post-thumbnail","6":"product_cat-zarzadzanie","7":"product_cat-zarzadzanie-zasobami-ludzkimi","8":"product_tag-hr","9":"product_tag-trening-i-szkolenia","10":"product_tag-zarzadzanie-zasobami-ludzkimi","12":"first","13":"instock","14":"sale","15":"shipping-taxable","16":"purchasable","17":"product-type-simple"},"_links":{"self":[{"href":"https:\/\/ksiegarnia-akademicka.pl\/index.php\/wp-json\/wp\/v2\/product\/8101","targetHints":{"allow":["GET"]}}],"collection":[{"href":"https:\/\/ksiegarnia-akademicka.pl\/index.php\/wp-json\/wp\/v2\/product"}],"about":[{"href":"https:\/\/ksiegarnia-akademicka.pl\/index.php\/wp-json\/wp\/v2\/types\/product"}],"wp:featuredmedia":[{"embeddable":true,"href":"https:\/\/ksiegarnia-akademicka.pl\/index.php\/wp-json\/wp\/v2\/media\/8102"}],"wp:attachment":[{"href":"https:\/\/ksiegarnia-akademicka.pl\/index.php\/wp-json\/wp\/v2\/media?parent=8101"}],"wp:term":[{"taxonomy":"product_brand","embeddable":true,"href":"https:\/\/ksiegarnia-akademicka.pl\/index.php\/wp-json\/wp\/v2\/product_brand?post=8101"},{"taxonomy":"product_cat","embeddable":true,"href":"https:\/\/ksiegarnia-akademicka.pl\/index.php\/wp-json\/wp\/v2\/product_cat?post=8101"},{"taxonomy":"product_tag","embeddable":true,"href":"https:\/\/ksiegarnia-akademicka.pl\/index.php\/wp-json\/wp\/v2\/product_tag?post=8101"}],"curies":[{"name":"wp","href":"https:\/\/api.w.org\/{rel}","templated":true}]}}