{"id":8099,"date":"2018-07-19T11:00:39","date_gmt":"2018-07-19T09:00:39","guid":{"rendered":"http:\/\/ksiegarnia-akademicka.pl\/?post_type=product&#038;p=8099"},"modified":"2024-01-08T11:46:35","modified_gmt":"2024-01-08T10:46:35","slug":"coaching-inteligencji-emocjonalnej","status":"publish","type":"product","link":"https:\/\/ksiegarnia-akademicka.pl\/index.php\/product\/coaching-inteligencji-emocjonalnej\/","title":{"rendered":"Coaching inteligencji emocjonalnej"},"content":{"rendered":"<p>Autor:<br \/>\nStephen Neale<br \/>\nLisa Spencer-Arnell<br \/>\nLiz Wilson<br \/>\nWydawca: Wolters Kluwer<br \/>\nOprawa: Mi\u0119kka<br \/>\nFormat: 16.9&#215;23.6<br \/>\nLiczba stron: 252<br \/>\nWydanie: 3<br \/>\nRok wydania: 2018<\/p>\n<p>Inteligencja emocjonalna to zdolno\u015b\u0107 rozpoznawania uczu\u0107 w\u0142asnych oraz uczu\u0107 innych os\u00f3b. Zastosowanie jej w coachingu pomaga doskonali\u0107 swoje umiej\u0119tno\u015bci oraz kierowa\u0107 rozwojem innych.<br \/>\nLektura tej ksi\u0105\u017cki pozwala m.in.:<br \/>\n&#8211; spojrze\u0107 z nowej perspektywy na metody rozwoju osobistego,<br \/>\n&#8211; zwi\u0119kszy\u0107 swoj\u0105 \u015bwiadomo\u015b\u0107 i odpowiedzialno\u015b\u0107,<br \/>\n&#8211; rozwin\u0105\u0107 umiej\u0119tno\u015b\u0107 prowadzenia coachingu dla innych os\u00f3b, np. podw\u0142adnych,<br \/>\n&#8211; pozna\u0107 skuteczne sposoby rozpoznawania emocji i zarz\u0105dzania nimi,<br \/>\n&#8211; okre\u015bli\u0107 i \u2013 w razie potrzeby \u2013 skorygowa\u0107 swoj\u0105 postaw\u0119 \u017cyciow\u0105,<br \/>\n&#8211; nauczy\u0107 si\u0119 wyznacza\u0107 cele, kt\u00f3rych osi\u0105ganie daje prawdziw\u0105 satysfakcj\u0119.<br \/>\nAutorzy s\u0105 coachami, kt\u00f3rzy podj\u0119li pionierski wysi\u0142ek usystematyzowania wiedzy na temat coachingu inteligencji emocjonalnej oraz wyznaczenia standard\u00f3w etycznych dla os\u00f3b i organizacji zajmuj\u0105cych si\u0119 t\u0105 dziedzin\u0105. Ich ksi\u0105\u017cka powinna wi\u0119c zainteresowa\u0107 ka\u017cdego mened\u017cera.<br \/>\nCzytelnik znajdzie tu liczne zadania do wykonania, studia i opisy przypadk\u00f3w, kwestionariusze do wype\u0142nienia, listy kontrolne, formularze, wywiady z coachami praktykami, list\u0119 pyta\u0144, kt\u00f3re nale\u017cy zada\u0107 przed rozpocz\u0119ciem i w trakcie coachingu, przyk\u0142ad umowy coachingowej do podpisania przed rozpocz\u0119ciem coachingu, a tak\u017ce przyk\u0142adowy kodeks etyczny dotycz\u0105cy sposobu prowadzenia coachingu.<\/p>\n","protected":false},"excerpt":{"rendered":"<p>Autor: Stephen Neale Lisa Spencer-Arnell Liz Wilson Wydawca: Wolters Kluwer [&hellip;]<\/p>\n","protected":false},"featured_media":8100,"template":"","meta":[],"product_brand":[],"product_cat":[31,30,7515,7513],"product_tag":[7584,1720,541,538],"class_list":{"0":"post-8099","1":"product","2":"type-product","3":"status-publish","4":"has-post-thumbnail","6":"product_cat-przedsiebiorstwo","7":"product_cat-zarzadzanie","8":"product_cat-zarzadzanie-przedsiebiorstwem","9":"product_cat-zarzadzanie-zasobami-ludzkimi","10":"product_tag-coaching","11":"product_tag-kierowanie","12":"product_tag-zarzadzanie","13":"product_tag-zarzadzanie-zasobami-ludzkimi","15":"first","16":"outofstock","17":"sale","18":"shipping-taxable","19":"purchasable","20":"product-type-simple"},"_links":{"self":[{"href":"https:\/\/ksiegarnia-akademicka.pl\/index.php\/wp-json\/wp\/v2\/product\/8099","targetHints":{"allow":["GET"]}}],"collection":[{"href":"https:\/\/ksiegarnia-akademicka.pl\/index.php\/wp-json\/wp\/v2\/product"}],"about":[{"href":"https:\/\/ksiegarnia-akademicka.pl\/index.php\/wp-json\/wp\/v2\/types\/product"}],"wp:featuredmedia":[{"embeddable":true,"href":"https:\/\/ksiegarnia-akademicka.pl\/index.php\/wp-json\/wp\/v2\/media\/8100"}],"wp:attachment":[{"href":"https:\/\/ksiegarnia-akademicka.pl\/index.php\/wp-json\/wp\/v2\/media?parent=8099"}],"wp:term":[{"taxonomy":"product_brand","embeddable":true,"href":"https:\/\/ksiegarnia-akademicka.pl\/index.php\/wp-json\/wp\/v2\/product_brand?post=8099"},{"taxonomy":"product_cat","embeddable":true,"href":"https:\/\/ksiegarnia-akademicka.pl\/index.php\/wp-json\/wp\/v2\/product_cat?post=8099"},{"taxonomy":"product_tag","embeddable":true,"href":"https:\/\/ksiegarnia-akademicka.pl\/index.php\/wp-json\/wp\/v2\/product_tag?post=8099"}],"curies":[{"name":"wp","href":"https:\/\/api.w.org\/{rel}","templated":true}]}}