{"id":8081,"date":"2018-07-19T09:10:22","date_gmt":"2018-07-19T07:10:22","guid":{"rendered":"http:\/\/ksiegarnia-akademicka.pl\/?post_type=product&#038;p=8081"},"modified":"2023-09-19T10:30:18","modified_gmt":"2023-09-19T08:30:18","slug":"ocena-pracownikow-nowa-generacja-narzedzi-do-oceny-pracownikow-w-nowym-ujeciu-klasycznego-modelu-kompetencji","status":"publish","type":"product","link":"https:\/\/ksiegarnia-akademicka.pl\/index.php\/product\/ocena-pracownikow-nowa-generacja-narzedzi-do-oceny-pracownikow-w-nowym-ujeciu-klasycznego-modelu-kompetencji\/","title":{"rendered":"Ocena pracownik\u00f3w Nowa generacja narz\u0119dzi do oceny pracownik\u00f3w w nowym uj\u0119ciu klasycznego modelu kompetencji"},"content":{"rendered":"<p>Autor:<br \/>\nKinga Padzik<br \/>\nWydawca: Wolters Kluwer<br \/>\nOprawa: Twarda<br \/>\nFormat: 17.0&#215;24.5cm<br \/>\nLiczba stron: 404<br \/>\nRok wydania: 2013<\/p>\n<p>Zaproponowane w ksi\u0105\u017cce rozwi\u0105zania oraz aplikacja informatyczna zawieraj\u0105ca proste, cho\u0107 bardzo u\u017cyteczne narz\u0119dzie kompetencyjnej oceny pracownika, odwo\u0142uj\u0105 si\u0119 do podstawowej zasady: Oceniaj to, co widzisz, nie to, co nazywasz. Zrozum, co widzia\u0142e\u015b, zanim wydasz s\u0105d. Regu\u0142a ta nawi\u0105zuje do prostoty podej\u015bcia behawioralnego w obserwacji i z\u0142o\u017cono\u015bci analizy podczas wnioskowania. Zestawia informacyjn\u0105 warto\u015b\u0107 jednoznacznych wska\u017anik\u00f3w z szerok\u0105 i skomplikowan\u0105 wiedz\u0105 na temat motyw\u00f3w funkcjonowania ludzi. Jednocze\u015bnie uwalnia u\u017cytkownika od konieczno\u015bci samodzielnej analizy znacznej cz\u0119\u015bci materia\u0142u. Dzieje si\u0119 to za po\u015brednictwem po\u0142\u0105czonych ze sob\u0105 trzech baz danych: bazy kompetencji i wska\u017anik\u00f3w, bazy potencjalnych przyczyn wyst\u0119powania zachowa\u0144 niepo\u017c\u0105danych oraz bazy wskaz\u00f3wek na temat rekomendowanych dzia\u0142a\u0144 koryguj\u0105cych. Dzi\u0119ki powi\u0105zaniu tych element\u00f3w u\u017cytkownik mo\u017ce skoncentrowa\u0107 si\u0119 na obserwacji pracownika oraz precyzyjnym i wiarygodnym wype\u0142nieniu arkusza obserwacji \u2013 dalej wiele rzeczy dzieje si\u0119 automatycznie. Efekt wype\u0142nionego arkusza to r\u00f3\u017cne zestawienia zachowa\u0144 pozytywnych i negatywnych, sugestie znacze\u0144 tych uk\u0142ad\u00f3w, opis potencjalnych przyczyn oraz wskaz\u00f3wki, co warto dalej robi\u0107, by dzia\u0142ania zwi\u0105zane z ocen\u0105 ostatecznie okaza\u0142y si\u0119 efektywne i dla pracownika, i dla firmy.<\/p>\n","protected":false},"excerpt":{"rendered":"<p>Autor: Kinga Padzik Wydawca: Wolters Kluwer Oprawa: Twarda Format: 17.0&#215;24.5cm [&hellip;]<\/p>\n","protected":false},"featured_media":8082,"template":"","meta":[],"product_brand":[],"product_cat":[31,30,7515,7513],"product_tag":[735,1720,7585,538],"class_list":{"0":"post-8081","1":"product","2":"type-product","3":"status-publish","4":"has-post-thumbnail","6":"product_cat-przedsiebiorstwo","7":"product_cat-zarzadzanie","8":"product_cat-zarzadzanie-przedsiebiorstwem","9":"product_cat-zarzadzanie-zasobami-ludzkimi","10":"product_tag-kadry","11":"product_tag-kierowanie","12":"product_tag-testy-kompetencyjne","13":"product_tag-zarzadzanie-zasobami-ludzkimi","15":"first","16":"outofstock","17":"sale","18":"shipping-taxable","19":"purchasable","20":"product-type-simple"},"_links":{"self":[{"href":"https:\/\/ksiegarnia-akademicka.pl\/index.php\/wp-json\/wp\/v2\/product\/8081","targetHints":{"allow":["GET"]}}],"collection":[{"href":"https:\/\/ksiegarnia-akademicka.pl\/index.php\/wp-json\/wp\/v2\/product"}],"about":[{"href":"https:\/\/ksiegarnia-akademicka.pl\/index.php\/wp-json\/wp\/v2\/types\/product"}],"wp:featuredmedia":[{"embeddable":true,"href":"https:\/\/ksiegarnia-akademicka.pl\/index.php\/wp-json\/wp\/v2\/media\/8082"}],"wp:attachment":[{"href":"https:\/\/ksiegarnia-akademicka.pl\/index.php\/wp-json\/wp\/v2\/media?parent=8081"}],"wp:term":[{"taxonomy":"product_brand","embeddable":true,"href":"https:\/\/ksiegarnia-akademicka.pl\/index.php\/wp-json\/wp\/v2\/product_brand?post=8081"},{"taxonomy":"product_cat","embeddable":true,"href":"https:\/\/ksiegarnia-akademicka.pl\/index.php\/wp-json\/wp\/v2\/product_cat?post=8081"},{"taxonomy":"product_tag","embeddable":true,"href":"https:\/\/ksiegarnia-akademicka.pl\/index.php\/wp-json\/wp\/v2\/product_tag?post=8081"}],"curies":[{"name":"wp","href":"https:\/\/api.w.org\/{rel}","templated":true}]}}