{"id":8079,"date":"2018-07-19T09:06:00","date_gmt":"2018-07-19T07:06:00","guid":{"rendered":"http:\/\/ksiegarnia-akademicka.pl\/?post_type=product&#038;p=8079"},"modified":"2018-07-19T09:06:01","modified_gmt":"2018-07-19T07:06:01","slug":"ksztaltowanie-nowoczesnych-systemow-ocen-pracownikow-3","status":"publish","type":"product","link":"https:\/\/ksiegarnia-akademicka.pl\/index.php\/product\/ksztaltowanie-nowoczesnych-systemow-ocen-pracownikow-3\/","title":{"rendered":"Kszta\u0142towanie nowoczesnych system\u00f3w ocen pracownik\u00f3w"},"content":{"rendered":"<p>Autor:<br \/>\nMa\u0142gorzata Sidor-Rz\u0105dkowska<br \/>\nWydawca: Wolters Kluwer<br \/>\nOprawa: Mi\u0119kka<br \/>\nFormat: 17.0&#215;24.0cm<br \/>\nLiczba stron: 256<br \/>\nWydanie: 5<br \/>\nRok wydania: 2016<\/p>\n<p>Ksi\u0105\u017cka jest pi\u0105tym wydaniem klasycznej ju\u017c pracy Ma\u0142gorzaty Sidor-Rz\u0105dkowskiej na temat system\u00f3w ocen okresowych. Publikacja ta \u0142\u0105czy solidne podstawy teoretyczne z przegl\u0105dem rozwi\u0105za\u0144 stosowanych w praktyce. Kompleksowo om\u00f3wiono w niej zagadnienia, z kt\u00f3rymi nale\u017cy si\u0119 zapozna\u0107 przed wprowadzeniem systemu ocen sprzyjaj\u0105cego otwartej polityce informacyjnej i wzmacniaj\u0105cego motywacj\u0119 pracownik\u00f3w, takie jak:<br \/>\n&#8211; powi\u0105zanie sposob\u00f3w oceny z typem dzia\u0142alno\u015bci i celami strategicznymi organizacji,<br \/>\n&#8211; planowanie system\u00f3w oraz szkolenia os\u00f3b oceniaj\u0105cych,<br \/>\n&#8211; wyb\u00f3r odpowiednich metod oceny i ustalanie kryteri\u00f3w,<br \/>\n&#8211; zasady prowadzenia rozm\u00f3w oceniaj\u0105cych,<br \/>\n&#8211; ocena oddolna jako uzupe\u0142nienie systemu,<br \/>\n&#8211; unikanie b\u0142\u0119d\u00f3w oceniania,<br \/>\n&#8211; system ocen okresowych na tle g\u0142\u00f3wnych aspekt\u00f3w polityki personalnej organizacji.<br \/>\nAutorka przytacza r\u00f3wnie\u017c liczne przyk\u0142ady i studia przypadk\u00f3w oraz zamieszcza bardzo przydatny zestaw formularzy ocen pracownik\u00f3w.<\/p>\n","protected":false},"excerpt":{"rendered":"<p>Autor: Ma\u0142gorzata Sidor-Rz\u0105dkowska Wydawca: Wolters Kluwer Oprawa: Mi\u0119kka Format: 17.0&#215;24.0cm [&hellip;]<\/p>\n","protected":false},"featured_media":8080,"template":"","meta":[],"product_brand":[],"product_cat":[31,30,7515,7513],"product_tag":[1720,7586,7587,538],"class_list":{"0":"post-8079","1":"product","2":"type-product","3":"status-publish","4":"has-post-thumbnail","6":"product_cat-przedsiebiorstwo","7":"product_cat-zarzadzanie","8":"product_cat-zarzadzanie-przedsiebiorstwem","9":"product_cat-zarzadzanie-zasobami-ludzkimi","10":"product_tag-kierowanie","11":"product_tag-seria-hr","12":"product_tag-systemy-oceny-pracownikow","13":"product_tag-zarzadzanie-zasobami-ludzkimi","15":"first","16":"instock","17":"sale","18":"shipping-taxable","19":"purchasable","20":"product-type-simple"},"_links":{"self":[{"href":"https:\/\/ksiegarnia-akademicka.pl\/index.php\/wp-json\/wp\/v2\/product\/8079","targetHints":{"allow":["GET"]}}],"collection":[{"href":"https:\/\/ksiegarnia-akademicka.pl\/index.php\/wp-json\/wp\/v2\/product"}],"about":[{"href":"https:\/\/ksiegarnia-akademicka.pl\/index.php\/wp-json\/wp\/v2\/types\/product"}],"wp:featuredmedia":[{"embeddable":true,"href":"https:\/\/ksiegarnia-akademicka.pl\/index.php\/wp-json\/wp\/v2\/media\/8080"}],"wp:attachment":[{"href":"https:\/\/ksiegarnia-akademicka.pl\/index.php\/wp-json\/wp\/v2\/media?parent=8079"}],"wp:term":[{"taxonomy":"product_brand","embeddable":true,"href":"https:\/\/ksiegarnia-akademicka.pl\/index.php\/wp-json\/wp\/v2\/product_brand?post=8079"},{"taxonomy":"product_cat","embeddable":true,"href":"https:\/\/ksiegarnia-akademicka.pl\/index.php\/wp-json\/wp\/v2\/product_cat?post=8079"},{"taxonomy":"product_tag","embeddable":true,"href":"https:\/\/ksiegarnia-akademicka.pl\/index.php\/wp-json\/wp\/v2\/product_tag?post=8079"}],"curies":[{"name":"wp","href":"https:\/\/api.w.org\/{rel}","templated":true}]}}