{"id":8065,"date":"2018-07-18T12:42:52","date_gmt":"2018-07-18T10:42:52","guid":{"rendered":"http:\/\/ksiegarnia-akademicka.pl\/?post_type=product&#038;p=8065"},"modified":"2021-03-09T13:15:54","modified_gmt":"2021-03-09T12:15:54","slug":"komunalne-przepompownie-sciekow","status":"publish","type":"product","link":"https:\/\/ksiegarnia-akademicka.pl\/index.php\/product\/komunalne-przepompownie-sciekow\/","title":{"rendered":"Komunalne przepompownie \u015bciek\u00f3w"},"content":{"rendered":"<p>Dieter Weismann<br \/>\nWydawnictwo: Seidel-Przywecki<br \/>\nRok: 2001<\/p>\n<p>Ksi\u0105\u017cka omawia ca\u0142\u0105 palet\u0119 problem\u00f3w wyst\u0119puj\u0105cych przy projektowaniu, budowie i eksploatacji pompowni \u015bciek\u00f3w komunalnych. Nie jest opisana wprost teoria doboru pomp, natomiast podane s\u0105 wskaz\u00f3wki jak unikn\u0105\u0107 z\u0142ego ich doboru. Autorem jest in\u017cynier praktyk zajmuj\u0105cy si\u0119 na co dzie\u0144 projektowaniem i wykonaniem ca\u0142ych instalacji t\u0142ocznych.<\/p>\n<p>W ksi\u0105\u017cce mo\u017cna znale\u017a\u0107 praktyczne wskaz\u00f3wki dotycz\u0105ce wszystkich stosowanych obecnie system\u00f3w t\u0142oczenia \u015bciek\u00f3w &#8211; od prostych pomp wirnikowych, po skomplikowane systemy po\u0142\u0105czenia pomp wyporowych z pneumatycznym p\u0142ukaniem przewodu t\u0142ocznego.<\/p>\n<p>Ksi\u0105\u017cka przeznaczona jest dla projektant\u00f3w i u\u017cytkownik\u00f3w kanalizacji i oczyszczalni \u015bciek\u00f3w, pracownik\u00f3w naukowych wy\u017cszych uczelni, urz\u0119d\u00f3w wodnych i student\u00f3w.<\/p>\n","protected":false},"excerpt":{"rendered":"<p>Dieter Weismann Wydawnictwo: Seidel-Przywecki Rok: 2001 Ksi\u0105\u017cka omawia ca\u0142\u0105 palet\u0119 [&hellip;]<\/p>\n","protected":false},"featured_media":8066,"template":"","meta":[],"product_brand":[],"product_cat":[41,7494],"product_tag":[6687,8103,7582,486,7581],"class_list":{"0":"post-8065","1":"product","2":"type-product","3":"status-publish","4":"has-post-thumbnail","6":"product_cat-nauki-techniczne","7":"product_cat-samorzad-terytorialny","8":"product_tag-ekonomika-miasta","9":"product_tag-inzynieria-sanitarna","10":"product_tag-przepompownie","11":"product_tag-samorzad-terytorialny","12":"product_tag-uslugi-komunalne","14":"first","15":"instock","16":"sale","17":"shipping-taxable","18":"purchasable","19":"product-type-simple"},"_links":{"self":[{"href":"https:\/\/ksiegarnia-akademicka.pl\/index.php\/wp-json\/wp\/v2\/product\/8065","targetHints":{"allow":["GET"]}}],"collection":[{"href":"https:\/\/ksiegarnia-akademicka.pl\/index.php\/wp-json\/wp\/v2\/product"}],"about":[{"href":"https:\/\/ksiegarnia-akademicka.pl\/index.php\/wp-json\/wp\/v2\/types\/product"}],"wp:featuredmedia":[{"embeddable":true,"href":"https:\/\/ksiegarnia-akademicka.pl\/index.php\/wp-json\/wp\/v2\/media\/8066"}],"wp:attachment":[{"href":"https:\/\/ksiegarnia-akademicka.pl\/index.php\/wp-json\/wp\/v2\/media?parent=8065"}],"wp:term":[{"taxonomy":"product_brand","embeddable":true,"href":"https:\/\/ksiegarnia-akademicka.pl\/index.php\/wp-json\/wp\/v2\/product_brand?post=8065"},{"taxonomy":"product_cat","embeddable":true,"href":"https:\/\/ksiegarnia-akademicka.pl\/index.php\/wp-json\/wp\/v2\/product_cat?post=8065"},{"taxonomy":"product_tag","embeddable":true,"href":"https:\/\/ksiegarnia-akademicka.pl\/index.php\/wp-json\/wp\/v2\/product_tag?post=8065"}],"curies":[{"name":"wp","href":"https:\/\/api.w.org\/{rel}","templated":true}]}}