{"id":8033,"date":"2018-07-18T10:04:49","date_gmt":"2018-07-18T08:04:49","guid":{"rendered":"http:\/\/ksiegarnia-akademicka.pl\/?post_type=product&#038;p=8033"},"modified":"2018-07-18T10:04:49","modified_gmt":"2018-07-18T08:04:49","slug":"zrownowazony-rozwoj-miast-polityka-i-finanse","status":"publish","type":"product","link":"https:\/\/ksiegarnia-akademicka.pl\/index.php\/product\/zrownowazony-rozwoj-miast-polityka-i-finanse\/","title":{"rendered":"Zr\u00f3wnowa\u017cony rozw\u00f3j miast Polityka i finanse"},"content":{"rendered":"<p>Redakcja: Guziejewska Beata<br \/>\nWydawca: Wydawnictwo Uniwersytetu \u0141\u00f3dzkiego<br \/>\nOprawa: Mi\u0119kka<br \/>\nFormat: 16.5&#215;24.0cm<br \/>\nLiczba stron: 274<br \/>\nRok wydania: 2015<\/p>\n<p>Publikacja jest po\u015bwi\u0119cona finansom jednostek samorz\u0105du terytorialnego, w szczeg\u00f3lno\u015bci miast, w dw\u00f3ch kontekstach: krajowej polityki miejskiej oraz zr\u00f3wnowa\u017conego rozwoju. Na tym tle omawiane s\u0105 zagadnienia finansowania rozwoju miast, inwestycji, zad\u0142u\u017cenia, rewitalizacji oraz zada\u0144, takich jak polityka mieszkaniowa czy ochrona zdrowia. Rozwa\u017cania zosta\u0142y podzielone na cztery cz\u0119\u015bci tematyczne, obejmuj\u0105ce: wybrane aspekty polityki rozwoju lokalnego i regionalnego, \u017ar\u00f3d\u0142a finansowania zr\u00f3wnowa\u017conego rozwoju miast, rozw\u00f3j \u0141odzi i jego uwarunkowania finansowe oraz wybrane aspekty spo\u0142eczne finansowania miast.<br \/>\nKsi\u0105\u017cka stanowi pok\u0142osie konferencji naukowej zorganizowanej w kwietniu 2015 r. przez Katedr\u0119 Finans\u00f3w Publicznych Uniwersytetu \u0141\u00f3dzkiego, kt\u00f3r\u0105 wzbogaci\u0142y interesuj\u0105ce wyst\u0105pienia go\u015bci \u2013 praktyk\u00f3w \u017cycia spo\u0142eczno-gospodarczego.<\/p>\n","protected":false},"excerpt":{"rendered":"<p>Redakcja: Guziejewska Beata Wydawca: Wydawnictwo Uniwersytetu \u0141\u00f3dzkiego Oprawa: Mi\u0119kka Format: [&hellip;]<\/p>\n","protected":false},"featured_media":8034,"template":"","meta":[],"product_brand":[],"product_cat":[27,7494,7508],"product_tag":[7104,6687,4376],"class_list":{"0":"post-8033","1":"product","2":"type-product","3":"status-publish","4":"has-post-thumbnail","6":"product_cat-nauki-spoleczne","7":"product_cat-samorzad-terytorialny","8":"product_cat-socjologia","9":"product_tag-administracja-samorzad-terytorialny","10":"product_tag-ekonomika-miasta","11":"product_tag-zrownowazony-rozwoj","13":"first","14":"instock","15":"sale","16":"shipping-taxable","17":"purchasable","18":"product-type-simple"},"_links":{"self":[{"href":"https:\/\/ksiegarnia-akademicka.pl\/index.php\/wp-json\/wp\/v2\/product\/8033","targetHints":{"allow":["GET"]}}],"collection":[{"href":"https:\/\/ksiegarnia-akademicka.pl\/index.php\/wp-json\/wp\/v2\/product"}],"about":[{"href":"https:\/\/ksiegarnia-akademicka.pl\/index.php\/wp-json\/wp\/v2\/types\/product"}],"wp:featuredmedia":[{"embeddable":true,"href":"https:\/\/ksiegarnia-akademicka.pl\/index.php\/wp-json\/wp\/v2\/media\/8034"}],"wp:attachment":[{"href":"https:\/\/ksiegarnia-akademicka.pl\/index.php\/wp-json\/wp\/v2\/media?parent=8033"}],"wp:term":[{"taxonomy":"product_brand","embeddable":true,"href":"https:\/\/ksiegarnia-akademicka.pl\/index.php\/wp-json\/wp\/v2\/product_brand?post=8033"},{"taxonomy":"product_cat","embeddable":true,"href":"https:\/\/ksiegarnia-akademicka.pl\/index.php\/wp-json\/wp\/v2\/product_cat?post=8033"},{"taxonomy":"product_tag","embeddable":true,"href":"https:\/\/ksiegarnia-akademicka.pl\/index.php\/wp-json\/wp\/v2\/product_tag?post=8033"}],"curies":[{"name":"wp","href":"https:\/\/api.w.org\/{rel}","templated":true}]}}