{"id":7937,"date":"2018-07-14T09:37:44","date_gmt":"2018-07-14T07:37:44","guid":{"rendered":"http:\/\/ksiegarnia-akademicka.pl\/?post_type=product&#038;p=7937"},"modified":"2018-07-14T09:37:44","modified_gmt":"2018-07-14T07:37:44","slug":"tworczosc-pracownikow-naukowych-regulacja-prawna","status":"publish","type":"product","link":"https:\/\/ksiegarnia-akademicka.pl\/index.php\/product\/tworczosc-pracownikow-naukowych-regulacja-prawna\/","title":{"rendered":"Tw\u00f3rczo\u015b\u0107 pracownik\u00f3w naukowych Regulacja prawna"},"content":{"rendered":"<p>Autor:<br \/>\nTomasz Bakalarz<br \/>\nWydawca: Difin<br \/>\nOprawa: Mi\u0119kka<br \/>\nFormat: 16.0&#215;23.0cm<br \/>\nLiczba stron: 250<br \/>\nRok wydania: 2015<\/p>\n<p>Prezentowane opracowanie to analiza regulacji prawnych dotycz\u0105cych tw\u00f3rczo\u015bci pracownik\u00f3w naukowych, rozumianej jako zesp\u00f3\u0142 czynno\u015bci podejmowanych przez pracownika pozostaj\u0105cego pod kierownictwem pracodawcy oraz jako rezultat wykonanej pracy. Autor wskazuje na specy?czny model kierowania prac\u0105 tw\u00f3rcz\u0105 pracownik\u00f3w naukowych. Charakterystyczna dla tej grupy zawodowej samodzielno\u015b\u0107 rzutuje na rozk\u0142ad ryzyka w podejmowanej pracy oraz na odpowiedzialno\u015b\u0107 pracownicz\u0105. Autor analizuje r\u00f3wnie\u017c problematyk\u0119 uprawnie\u0144 do rezultatu pracy tw\u00f3rczej pracownik\u00f3w naukowych, wskazuj\u0105c na swoist\u0105 regulacj\u0119 prawn\u0105 dotycz\u0105c\u0105 pracowniczych utwor\u00f3w naukowych oraz projekt\u00f3w wynalazczych, przy uwzgl\u0119dnieniu nowej regulacji Prawa o szkolnictwie wy\u017cszym.<\/p>\n<p>Opracowanie, pr\u00f3cz rozwa\u017ca\u0144 naukowych, zawiera tak\u017ce liczne zagadnienia praktyczne, kt\u00f3re powinny zainteresowa\u0107 szerokie grono odbiorc\u00f3w, w tym w szczeg\u00f3lno\u015bci pracownik\u00f3w naukowych oraz przedstawicieli instytucji ich zatrudniaj\u0105cych.<\/p>\n","protected":false},"excerpt":{"rendered":"<p>Autor: Tomasz Bakalarz Wydawca: Difin Oprawa: Mi\u0119kka Format: 16.0&#215;23.0cm Liczba [&hellip;]<\/p>\n","protected":false},"featured_media":7938,"template":"","meta":[],"product_brand":[],"product_cat":[7497,18,7550],"product_tag":[4993,1016,793],"class_list":{"0":"post-7937","1":"product","2":"type-product","3":"status-publish","4":"has-post-thumbnail","6":"product_cat-ogolne-zagadnienia-prawa","7":"product_cat-prawo","8":"product_cat-prawo-pracy","9":"product_tag-komentarze-i-opracowania-prawne","10":"product_tag-prawo-autorskie","11":"product_tag-prawo-pracy","13":"first","14":"instock","15":"sale","16":"shipping-taxable","17":"purchasable","18":"product-type-simple"},"_links":{"self":[{"href":"https:\/\/ksiegarnia-akademicka.pl\/index.php\/wp-json\/wp\/v2\/product\/7937","targetHints":{"allow":["GET"]}}],"collection":[{"href":"https:\/\/ksiegarnia-akademicka.pl\/index.php\/wp-json\/wp\/v2\/product"}],"about":[{"href":"https:\/\/ksiegarnia-akademicka.pl\/index.php\/wp-json\/wp\/v2\/types\/product"}],"wp:featuredmedia":[{"embeddable":true,"href":"https:\/\/ksiegarnia-akademicka.pl\/index.php\/wp-json\/wp\/v2\/media\/7938"}],"wp:attachment":[{"href":"https:\/\/ksiegarnia-akademicka.pl\/index.php\/wp-json\/wp\/v2\/media?parent=7937"}],"wp:term":[{"taxonomy":"product_brand","embeddable":true,"href":"https:\/\/ksiegarnia-akademicka.pl\/index.php\/wp-json\/wp\/v2\/product_brand?post=7937"},{"taxonomy":"product_cat","embeddable":true,"href":"https:\/\/ksiegarnia-akademicka.pl\/index.php\/wp-json\/wp\/v2\/product_cat?post=7937"},{"taxonomy":"product_tag","embeddable":true,"href":"https:\/\/ksiegarnia-akademicka.pl\/index.php\/wp-json\/wp\/v2\/product_tag?post=7937"}],"curies":[{"name":"wp","href":"https:\/\/api.w.org\/{rel}","templated":true}]}}