{"id":7789,"date":"2018-07-12T12:30:14","date_gmt":"2018-07-12T10:30:14","guid":{"rendered":"http:\/\/ksiegarnia-akademicka.pl\/?post_type=product&#038;p=7789"},"modified":"2021-02-01T11:18:36","modified_gmt":"2021-02-01T10:18:36","slug":"biznes-miedzynarodowy","status":"publish","type":"product","link":"https:\/\/ksiegarnia-akademicka.pl\/index.php\/product\/biznes-miedzynarodowy\/","title":{"rendered":"Biznes mi\u0119dzynarodowy"},"content":{"rendered":"<p>Jan Rymarczyk<br \/>\nWydawca: PWE<br \/>\nOprawa: Twarda<br \/>\nFormat: 16.2&#215;23.7cm<br \/>\nLiczba stron: 604<br \/>\nRok wydania: 2012<\/p>\n<p>Podr\u0119cznik ten jest usystematyzowanym kompendium wiedzy na temat biznesu mi\u0119dzynarodowego. Zawiera mi\u0119dzy innymi om\u00f3wienie wp\u0142ywu globalizacji i integracji regionalnej na gospodark\u0119 \u015bwiatow\u0105, a tak\u017ce dw\u00f3ch najwa\u017cniejszych form biznesu mi\u0119dzynarodowego \u2013 handlu i bezpo\u015brednich inwestycji.<br \/>\nWalorem ksi\u0105\u017cki jest umiej\u0119tne po\u0142\u0105czenie aspekt\u00f3w makroekonomicznych z mikroekonomicznych oraz zagadnie\u0144 teoretycznych z praktyk\u0105 dzia\u0142ania przedsi\u0119biorstw. <\/p>\n<p>Ksi\u0105\u017cka jest przeznaczona dla student\u00f3w kierunk\u00f3w ekonomicznych w wy\u017cszych uczelniach r\u00f3\u017cnego typu, a tak\u017ce dla praktyk\u00f3w gospodarczych zainteresowanych prezentowan\u0105 tematyk\u0105.<\/p>\n","protected":false},"excerpt":{"rendered":"<p>Jan Rymarczyk Wydawca: PWE Oprawa: Twarda Format: 16.2&#215;23.7cm Liczba stron: [&hellip;]<\/p>\n","protected":false},"featured_media":7790,"template":"","meta":[],"product_brand":[],"product_cat":[33,26],"product_tag":[222,537],"class_list":{"0":"post-7789","1":"product","2":"type-product","3":"status-publish","4":"has-post-thumbnail","6":"product_cat-handel","7":"product_cat-miedzynarodowe-stosunki-gospodarcze","8":"product_tag-handel-miedzynarodowy","9":"product_tag-miedzynarodowe-stosunki-gospodarcze","11":"first","12":"outofstock","13":"sale","14":"shipping-taxable","15":"purchasable","16":"product-type-simple"},"_links":{"self":[{"href":"https:\/\/ksiegarnia-akademicka.pl\/index.php\/wp-json\/wp\/v2\/product\/7789","targetHints":{"allow":["GET"]}}],"collection":[{"href":"https:\/\/ksiegarnia-akademicka.pl\/index.php\/wp-json\/wp\/v2\/product"}],"about":[{"href":"https:\/\/ksiegarnia-akademicka.pl\/index.php\/wp-json\/wp\/v2\/types\/product"}],"wp:featuredmedia":[{"embeddable":true,"href":"https:\/\/ksiegarnia-akademicka.pl\/index.php\/wp-json\/wp\/v2\/media\/7790"}],"wp:attachment":[{"href":"https:\/\/ksiegarnia-akademicka.pl\/index.php\/wp-json\/wp\/v2\/media?parent=7789"}],"wp:term":[{"taxonomy":"product_brand","embeddable":true,"href":"https:\/\/ksiegarnia-akademicka.pl\/index.php\/wp-json\/wp\/v2\/product_brand?post=7789"},{"taxonomy":"product_cat","embeddable":true,"href":"https:\/\/ksiegarnia-akademicka.pl\/index.php\/wp-json\/wp\/v2\/product_cat?post=7789"},{"taxonomy":"product_tag","embeddable":true,"href":"https:\/\/ksiegarnia-akademicka.pl\/index.php\/wp-json\/wp\/v2\/product_tag?post=7789"}],"curies":[{"name":"wp","href":"https:\/\/api.w.org\/{rel}","templated":true}]}}