{"id":7783,"date":"2018-07-12T11:56:30","date_gmt":"2018-07-12T09:56:30","guid":{"rendered":"http:\/\/ksiegarnia-akademicka.pl\/?post_type=product&#038;p=7783"},"modified":"2018-07-12T11:56:30","modified_gmt":"2018-07-12T09:56:30","slug":"finanse-miedzynarodowe-przedsiebiorstw","status":"publish","type":"product","link":"https:\/\/ksiegarnia-akademicka.pl\/index.php\/product\/finanse-miedzynarodowe-przedsiebiorstw\/","title":{"rendered":"Finanse mi\u0119dzynarodowe przedsi\u0119biorstw"},"content":{"rendered":"<p>Eugeniusz Najlepszy<br \/>\nWydawca: PWE<br \/>\nOprawa: Mi\u0119kka<br \/>\nFormat: 16.2&#215;23.7cm<br \/>\nLiczba stron: 428<br \/>\nWydanie: 2<br \/>\nRok wydania: 2013<\/p>\n<p>Podr\u0119cznik zawiera wiedz\u0119 o finansowaniu przedsi\u0119biorstw mi\u0119dzynarodowych. Autor przeanalizowa\u0142 m.in.: bilans obrot\u00f3w bie\u017c\u0105cych i przep\u0142ywy kapita\u0142u, kurs walutowy i mechanizm dostosowawczy, rynki walutowe i typy transakcji, derywaty walutowe, ryzyko kursowe, kursowe ryzyko kr\u00f3tko- i d\u0142ugookresowe, zarz\u0105dzanie ryzykiem (ksi\u0119gowym, kr\u00f3tko- i d\u0142ugookresowym), mi\u0119dzynarodowe finansowanie kr\u00f3tkoterminowe, finansowanie handlu zagranicznego, kapita\u0142 obrotowy i bie\u017c\u0105c\u0105 polityk\u0119 kredytow\u0105, przep\u0142ywy finansowe, strategie inwestycyjne, ocen\u0119 efektywno\u015bci inwestycji zagranicznych, ryzyko polityczne a inwestycje mi\u0119dzynarodowe, opodatkowanie dochod\u00f3w zagranicznych.<\/p>\n<p>Podr\u0119cznik jest przeznaczony dla student\u00f3w uczelni kierunk\u00f3w ekonomicznych, s\u0142uchaczy studi\u00f3w MBA, student\u00f3w studi\u00f3w podyplomowych na kierunkach ekonomicznych.<\/p>\n","protected":false},"excerpt":{"rendered":"<p>Eugeniusz Najlepszy Wydawca: PWE Oprawa: Mi\u0119kka Format: 16.2&#215;23.7cm Liczba stron: [&hellip;]<\/p>\n","protected":false},"featured_media":7784,"template":"","meta":[],"product_brand":[],"product_cat":[7516,31],"product_tag":[3103,1258,4594],"class_list":{"0":"post-7783","1":"product","2":"type-product","3":"status-publish","4":"has-post-thumbnail","6":"product_cat-finanse-przedsiebiorstwa","7":"product_cat-przedsiebiorstwo","8":"product_tag-finanse-miedzynarodowe","9":"product_tag-finanse-przedsiebiorstw","10":"product_tag-organizacja-i-zarzadzanie-przedsiebiorstwem","12":"first","13":"instock","14":"sale","15":"shipping-taxable","16":"purchasable","17":"product-type-simple"},"_links":{"self":[{"href":"https:\/\/ksiegarnia-akademicka.pl\/index.php\/wp-json\/wp\/v2\/product\/7783","targetHints":{"allow":["GET"]}}],"collection":[{"href":"https:\/\/ksiegarnia-akademicka.pl\/index.php\/wp-json\/wp\/v2\/product"}],"about":[{"href":"https:\/\/ksiegarnia-akademicka.pl\/index.php\/wp-json\/wp\/v2\/types\/product"}],"wp:featuredmedia":[{"embeddable":true,"href":"https:\/\/ksiegarnia-akademicka.pl\/index.php\/wp-json\/wp\/v2\/media\/7784"}],"wp:attachment":[{"href":"https:\/\/ksiegarnia-akademicka.pl\/index.php\/wp-json\/wp\/v2\/media?parent=7783"}],"wp:term":[{"taxonomy":"product_brand","embeddable":true,"href":"https:\/\/ksiegarnia-akademicka.pl\/index.php\/wp-json\/wp\/v2\/product_brand?post=7783"},{"taxonomy":"product_cat","embeddable":true,"href":"https:\/\/ksiegarnia-akademicka.pl\/index.php\/wp-json\/wp\/v2\/product_cat?post=7783"},{"taxonomy":"product_tag","embeddable":true,"href":"https:\/\/ksiegarnia-akademicka.pl\/index.php\/wp-json\/wp\/v2\/product_tag?post=7783"}],"curies":[{"name":"wp","href":"https:\/\/api.w.org\/{rel}","templated":true}]}}