{"id":7771,"date":"2018-07-12T11:21:48","date_gmt":"2018-07-12T09:21:48","guid":{"rendered":"http:\/\/ksiegarnia-akademicka.pl\/?post_type=product&#038;p=7771"},"modified":"2018-12-14T15:46:52","modified_gmt":"2018-12-14T14:46:52","slug":"strategie-inwestycyjne","status":"publish","type":"product","link":"https:\/\/ksiegarnia-akademicka.pl\/index.php\/product\/strategie-inwestycyjne\/","title":{"rendered":"Strategie inwestycyjne"},"content":{"rendered":"<p>Rafa\u0142 J\u00f3\u017awicki<br \/>\nWydawca: CeDeWu<br \/>\nOprawa: Mi\u0119kka<br \/>\nFormat: 16.5&#215;23.5cm<br \/>\nLiczba stron: 116<br \/>\nWydanie: 3<br \/>\nRok wydania: 2018<\/p>\n<p>Ksi\u0105\u017cka \u201eStrategie inwestycyjne&#8221; adresowana jest do os\u00f3b zainteresowanych inwestowaniem na rynku kapita\u0142owym. W publikacji tej om\u00f3wione s\u0105 narz\u0119dzia analizy technicznej i fundamentalnej oraz efektywne sposoby ich wykorzystania.<\/p>\n<p>Publikacja opisuje sposoby predykcji kurs\u00f3w papier\u00f3w warto\u015bciowych i instrument\u00f3w finansowych, z wykorzystaniem zasad rz\u0105dz\u0105cych rynkiem kapita\u0142owym, zak\u0142adaj\u0105cych powtarzalno\u015b\u0107 sytuacji, okresowo\u015b\u0107 i to, \u017ce w ruchu cen wystepuj\u0105 pewne trendy. Stanowi to podstaw\u0119 dla analizy technicznej, kt\u00f3rej podstawowym narz\u0119dziem jest wykres zmian cen. Dla os\u00f3b kieruj\u0105cych si\u0119 twardymi faktami z \u017cycia przedsi\u0119biorstw przezna\u00adczona jest druga cz\u0119\u015b\u0107 ksi\u0105\u017cki po\u015bwi\u0119cona analizie fundamentalnej.<\/p>\n<p>Tajemnic\u0105 skutecznych inwestycji na rynku kapita\u0142owym jest po\u0142\u0105czenie analizy fundamentalnej z analiz\u0105 techniczn\u0105, dzi\u0119ki czemu istnieje mo\u017cli\u00adwo\u015b\u0107 podj\u0119cia decyzji inwestycyjnej w najbardziej dogodnym momencie.<\/p>\n<p>Ponadto publikacja:<br \/>\n&#8211; w przyst\u0119pny spos\u00f3b omawia zagadnienia zwi\u0105zane ze strategiami inwestycyjnymi wykorzystuj\u0105cymi analiz\u0119 techniczn\u0105,<br \/>\n&#8211; pokazuje na przyk\u0142adach wykorzystanie narz\u0119dzi analizy technicznej dla podejmowania decyzji,<br \/>\n&#8211; opisuje wykorzystanie specjalistycznego oprogramowania dla cel\u00f3w analizy technicznej,<br \/>\n&#8211; charakteryzuje narz\u0119dzia analizy fundamentalnej.<\/p>\n<p>Ksi\u0105\u017cka stanowi tak\u017ce doskona\u0142y podr\u0119cznik dla student\u00f3w zg\u0142\u0119biaj\u0105cych przedmioty: analiza techniczna, analiza fundamentalna, czy wyb\u00f3r kie\u00adrunk\u00f3w inwestowania.<\/p>\n","protected":false},"excerpt":{"rendered":"<p>Rafa\u0142 J\u00f3\u017awicki Wydawca: CeDeWu Oprawa: Mi\u0119kka Format: 16.5&#215;23.5cm Liczba stron: [&hellip;]<\/p>\n","protected":false},"featured_media":7772,"template":"","meta":[],"product_brand":[],"product_cat":[20,7504],"product_tag":[7553,1147,7552],"class_list":{"0":"post-7771","1":"product","2":"type-product","3":"status-publish","4":"has-post-thumbnail","6":"product_cat-bankowosc","7":"product_cat-rynek-pieniezny-i-kapitalowy","8":"product_tag-analiza-techniczna-i-fundamentalna","9":"product_tag-rynek-kapitalowy","10":"product_tag-strategie-inwestycyjne","12":"first","13":"instock","14":"sale","15":"shipping-taxable","16":"purchasable","17":"product-type-simple"},"_links":{"self":[{"href":"https:\/\/ksiegarnia-akademicka.pl\/index.php\/wp-json\/wp\/v2\/product\/7771","targetHints":{"allow":["GET"]}}],"collection":[{"href":"https:\/\/ksiegarnia-akademicka.pl\/index.php\/wp-json\/wp\/v2\/product"}],"about":[{"href":"https:\/\/ksiegarnia-akademicka.pl\/index.php\/wp-json\/wp\/v2\/types\/product"}],"wp:featuredmedia":[{"embeddable":true,"href":"https:\/\/ksiegarnia-akademicka.pl\/index.php\/wp-json\/wp\/v2\/media\/7772"}],"wp:attachment":[{"href":"https:\/\/ksiegarnia-akademicka.pl\/index.php\/wp-json\/wp\/v2\/media?parent=7771"}],"wp:term":[{"taxonomy":"product_brand","embeddable":true,"href":"https:\/\/ksiegarnia-akademicka.pl\/index.php\/wp-json\/wp\/v2\/product_brand?post=7771"},{"taxonomy":"product_cat","embeddable":true,"href":"https:\/\/ksiegarnia-akademicka.pl\/index.php\/wp-json\/wp\/v2\/product_cat?post=7771"},{"taxonomy":"product_tag","embeddable":true,"href":"https:\/\/ksiegarnia-akademicka.pl\/index.php\/wp-json\/wp\/v2\/product_tag?post=7771"}],"curies":[{"name":"wp","href":"https:\/\/api.w.org\/{rel}","templated":true}]}}