{"id":7685,"date":"2018-07-11T13:30:17","date_gmt":"2018-07-11T11:30:17","guid":{"rendered":"http:\/\/ksiegarnia-akademicka.pl\/?post_type=product&#038;p=7685"},"modified":"2018-07-11T13:30:18","modified_gmt":"2018-07-11T11:30:18","slug":"wspinaczka-po-profesure-przewodnik-po-karierze-akademickiej-od-upadkow-na-kolana-i-ciosow-w-plecy-do-zaszczytow","status":"publish","type":"product","link":"https:\/\/ksiegarnia-akademicka.pl\/index.php\/product\/wspinaczka-po-profesure-przewodnik-po-karierze-akademickiej-od-upadkow-na-kolana-i-ciosow-w-plecy-do-zaszczytow\/","title":{"rendered":"Wspinaczka po profesur\u0119 Przewodnik po karierze akademickiej &#8211; od upadk\u00f3w na kolana i cios\u00f3w w plecy do zaszczyt\u00f3w."},"content":{"rendered":"<p>Gianfranco Gambarelli<br \/>\nT\u0142umacze: \u0141ucki Zbigniew<br \/>\nWydawca: CeDeWu<br \/>\nOprawa: Mi\u0119kka<br \/>\nFormat: 14.5&#215;21.0cm<br \/>\nLiczba stron: 140<br \/>\nWydanie: 2<br \/>\nRok wydania: 2018<\/p>\n<p>Asystent wie wszystko; adiunkt wie, w kt\u00f3rych ksi\u0105\u017ckach mo\u017cna wszystko znale\u017a\u0107, a profesor wie, gdzie znale\u017a\u0107 adiunkta. Aby doj\u015b\u0107 z pierwszego stanowiska na ostatnie, trzeba przeby\u0107 drog\u0119 pe\u0142n\u0105 nawrot\u00f3w pasji, upadk\u00f3w na kolana, uderze\u0144 zimnych pot\u00f3w, cios\u00f3w w plecy i szcz\u0119\u015bliwych zbieg\u00f3w okoliczno\u015bci.<br \/>\nKsi\u0105\u017cka ta jest poradnikiem, jak przetrwa\u0107 w tym \u015brodowisku.<\/p>\n<p>Jak przetrwa\u0107&#8230;<br \/>\ncz\u0142onk\u00f3w komisji,<br \/>\nstudent\u00f3w na zaj\u0119ciach,<br \/>\nrecenzent\u00f3w publikacji,<br \/>\nVIP-\u00f3w na odczytach,<br \/>\nmarudz\u0105cych na konferencjach,<br \/>\nkoleg\u00f3w przy wielkim \u017carciu,<br \/>\nszefa.<\/p>\n","protected":false},"excerpt":{"rendered":"<p>Gianfranco Gambarelli T\u0142umacze: \u0141ucki Zbigniew Wydawca: CeDeWu Oprawa: Mi\u0119kka Format: [&hellip;]<\/p>\n","protected":false},"featured_media":7686,"template":"","meta":[],"product_brand":[],"product_cat":[28],"product_tag":[6861],"class_list":{"0":"post-7685","1":"product","2":"type-product","3":"status-publish","4":"has-post-thumbnail","6":"product_cat-pedagogika","7":"product_tag-metodyka-pracy-naukowej","9":"first","10":"instock","11":"sale","12":"shipping-taxable","13":"purchasable","14":"product-type-simple"},"_links":{"self":[{"href":"https:\/\/ksiegarnia-akademicka.pl\/index.php\/wp-json\/wp\/v2\/product\/7685","targetHints":{"allow":["GET"]}}],"collection":[{"href":"https:\/\/ksiegarnia-akademicka.pl\/index.php\/wp-json\/wp\/v2\/product"}],"about":[{"href":"https:\/\/ksiegarnia-akademicka.pl\/index.php\/wp-json\/wp\/v2\/types\/product"}],"wp:featuredmedia":[{"embeddable":true,"href":"https:\/\/ksiegarnia-akademicka.pl\/index.php\/wp-json\/wp\/v2\/media\/7686"}],"wp:attachment":[{"href":"https:\/\/ksiegarnia-akademicka.pl\/index.php\/wp-json\/wp\/v2\/media?parent=7685"}],"wp:term":[{"taxonomy":"product_brand","embeddable":true,"href":"https:\/\/ksiegarnia-akademicka.pl\/index.php\/wp-json\/wp\/v2\/product_brand?post=7685"},{"taxonomy":"product_cat","embeddable":true,"href":"https:\/\/ksiegarnia-akademicka.pl\/index.php\/wp-json\/wp\/v2\/product_cat?post=7685"},{"taxonomy":"product_tag","embeddable":true,"href":"https:\/\/ksiegarnia-akademicka.pl\/index.php\/wp-json\/wp\/v2\/product_tag?post=7685"}],"curies":[{"name":"wp","href":"https:\/\/api.w.org\/{rel}","templated":true}]}}