{"id":7677,"date":"2018-07-11T13:10:09","date_gmt":"2018-07-11T11:10:09","guid":{"rendered":"http:\/\/ksiegarnia-akademicka.pl\/?post_type=product&#038;p=7677"},"modified":"2024-12-04T13:50:46","modified_gmt":"2024-12-04T12:50:46","slug":"praca-operacyjna-policji","status":"publish","type":"product","link":"https:\/\/ksiegarnia-akademicka.pl\/index.php\/product\/praca-operacyjna-policji\/","title":{"rendered":"Praca operacyjna Policji"},"content":{"rendered":"<p>Boles\u0142aw Sprengel<br \/>\nWydawca: Wydawnictwo Naukowe UMK<br \/>\nOprawa: Mi\u0119kka<br \/>\nFormat: 15.6&#215;22.6<br \/>\nLiczba stron: 286<br \/>\nRok wydania: 2018<\/p>\n<p>Czynno\u015bci operacyjno-rozpoznawcze to najbardziej utajnione metody i formy pracy policyjnej. Wymagaj\u0105 specyficznych umiej\u0119tno\u015bci, niekt\u00f3re z nich zastrze\u017cone s\u0105 tylko dla funkcjonariuszy posiadaj\u0105cych najwy\u017csze kwalifikacje. Budz\u0105 du\u017ce emocje i zainteresowanie. S\u0105 tematem powie\u015bci oraz film\u00f3w kryminalnych i sensacyjnych. W rzeczywisto\u015bci wygl\u0105daj\u0105 nieco inaczej ni\u017c w \u015bwicie fikcji, ale s\u0105 nie mniej interesuj\u0105ce. Ich rozwojowi oraz r\u00f3\u017cnym formom po\u015bwi\u0119cona niniejsza ksi\u0105\u017cka, kt\u00f3ra pokazuje, jak si\u0119 zmienia\u0142y, na czym praktycznie polegaj\u0105 i z jakimi wi\u0105\u017c\u0105 si\u0119 niebezpiecze\u0144stwami. Mowa jest o przeszukaniach, pods\u0142uchach, perlustracji korespondencji, bilingach, osobowych \u017ar\u00f3d\u0142ach informacji, poszukiwaniach, policyjnych kartotekach i etyce pracy operacyjnej. Ksi\u0105\u017cka przeznaczona jest dla student\u00f3w, os\u00f3b zawodowo zajmuj\u0105cych si\u0119 bezpiecze\u0144stwem wewn\u0119trznym i wszystkich interesuj\u0105cych si\u0119 tajnikami pracy policyjnej.<\/p>\n","protected":false},"excerpt":{"rendered":"<p>Boles\u0142aw Sprengel Wydawca: Wydawnictwo Naukowe UMK Oprawa: Mi\u0119kka Format: 15.6&#215;22.6 [&hellip;]<\/p>\n","protected":false},"featured_media":7678,"template":"","meta":[],"product_brand":[],"product_cat":[7492,7490,18],"product_tag":[308,269,4231],"class_list":{"0":"post-7677","1":"product","2":"type-product","3":"status-publish","4":"has-post-thumbnail","6":"product_cat-administracyjne","7":"product_cat-karne","8":"product_cat-prawo","9":"product_tag-kryminalistyka","10":"product_tag-podrecznik-akademicki","11":"product_tag-policja","13":"first","14":"instock","15":"sale","16":"shipping-taxable","17":"purchasable","18":"product-type-simple"},"_links":{"self":[{"href":"https:\/\/ksiegarnia-akademicka.pl\/index.php\/wp-json\/wp\/v2\/product\/7677","targetHints":{"allow":["GET"]}}],"collection":[{"href":"https:\/\/ksiegarnia-akademicka.pl\/index.php\/wp-json\/wp\/v2\/product"}],"about":[{"href":"https:\/\/ksiegarnia-akademicka.pl\/index.php\/wp-json\/wp\/v2\/types\/product"}],"wp:featuredmedia":[{"embeddable":true,"href":"https:\/\/ksiegarnia-akademicka.pl\/index.php\/wp-json\/wp\/v2\/media\/7678"}],"wp:attachment":[{"href":"https:\/\/ksiegarnia-akademicka.pl\/index.php\/wp-json\/wp\/v2\/media?parent=7677"}],"wp:term":[{"taxonomy":"product_brand","embeddable":true,"href":"https:\/\/ksiegarnia-akademicka.pl\/index.php\/wp-json\/wp\/v2\/product_brand?post=7677"},{"taxonomy":"product_cat","embeddable":true,"href":"https:\/\/ksiegarnia-akademicka.pl\/index.php\/wp-json\/wp\/v2\/product_cat?post=7677"},{"taxonomy":"product_tag","embeddable":true,"href":"https:\/\/ksiegarnia-akademicka.pl\/index.php\/wp-json\/wp\/v2\/product_tag?post=7677"}],"curies":[{"name":"wp","href":"https:\/\/api.w.org\/{rel}","templated":true}]}}