{"id":766,"date":"2018-05-22T12:42:07","date_gmt":"2018-05-22T10:42:07","guid":{"rendered":"http:\/\/ksiegarnia-akademicka.pl\/index.php\/product\/aplikacje-prawnicze-w-pytaniach-i-odpowiedziach-tom-1\/"},"modified":"2024-12-04T13:22:04","modified_gmt":"2024-12-04T12:22:04","slug":"aplikacje-prawnicze-w-pytaniach-i-odpowiedziach-tom-1","status":"publish","type":"product","link":"https:\/\/ksiegarnia-akademicka.pl\/index.php\/product\/aplikacje-prawnicze-w-pytaniach-i-odpowiedziach-tom-1\/","title":{"rendered":"Aplikacje prawnicze w pytaniach i odpowiedziach Tom 1"},"content":{"rendered":"<p>Seria: Aplikacje prawnicze<br \/>\nAutor: Katarzyna Czajkowska-Matosiuk<br \/>\nWydawnictwo: C.H. Beck<br \/>\nWydanie 14<br \/>\nRok wydania: 2020<br \/>\nLiczba stron: 1006<br \/>\nISBN: 978-83-8198-317-4<\/p>\n<p>Przyst\u0119pujesz wkr\u00f3tce do trudnego egzaminu na aplikacj\u0119 radcowsk\u0105, adwokack\u0105 lub notarialn\u0105?<\/p>\n<p>Nie masz do\u015b\u0107 czasu na d\u0142ugie i teoretyczne podr\u0119czniki?<\/p>\n<p>Je\u017celi tak, to masz przed sob\u0105 jedyn\u0105 na rynku publikacj\u0119, kt\u00f3rej celem jest szybkie powt\u00f3rzenie materia\u0142u przed tymi konkretnymi egzaminami. W dw\u00f3ch tomach otrzymujesz skondensowan\u0105 wiedz\u0119 z kilkunastu dziedzin prawa. Zawarty tu materia\u0142 z wielu dzia\u0142\u00f3w prawa pomaga zda\u0107 egzamin na aplikacj\u0119 radcowsk\u0105, adwokack\u0105 i notarialn\u0105.<\/p>\n<p>Tom 1<\/p>\n<p>prawo konstytucyjne,<br \/>\nprawo cywilne,<br \/>\npost\u0119powanie cywilne,<br \/>\nprawo Unii Europejskiej.<br \/>\nAutentyczne pytania egzaminacyjne s\u0105 odpowiednio usystematyzowane i zaktualizowane. Pod ka\u017cdym pytaniem znajdziesz odpowiedzi (w tym t\u0119 prawid\u0142ow\u0105), podstaw\u0119 prawn\u0105 i dok\u0142adne om\u00f3wienie ca\u0142ego zagadnienia.<\/p>\n","protected":false},"excerpt":{"rendered":"<p>Seria: Aplikacje prawnicze Autor: Katarzyna Czajkowska-Matosiuk Wydawnictwo: C.H. Beck Wydanie [&hellip;]<\/p>\n","protected":false},"featured_media":12202,"template":"","meta":[],"product_brand":[],"product_cat":[7497,18],"product_tag":[1008,5120],"class_list":{"0":"post-766","1":"product","2":"type-product","3":"status-publish","4":"has-post-thumbnail","6":"product_cat-ogolne-zagadnienia-prawa","7":"product_cat-prawo","8":"product_tag-prawo","9":"product_tag-seria-aplikacje-prawnicze","11":"first","12":"instock","13":"sale","14":"shipping-taxable","15":"purchasable","16":"product-type-simple"},"_links":{"self":[{"href":"https:\/\/ksiegarnia-akademicka.pl\/index.php\/wp-json\/wp\/v2\/product\/766","targetHints":{"allow":["GET"]}}],"collection":[{"href":"https:\/\/ksiegarnia-akademicka.pl\/index.php\/wp-json\/wp\/v2\/product"}],"about":[{"href":"https:\/\/ksiegarnia-akademicka.pl\/index.php\/wp-json\/wp\/v2\/types\/product"}],"wp:featuredmedia":[{"embeddable":true,"href":"https:\/\/ksiegarnia-akademicka.pl\/index.php\/wp-json\/wp\/v2\/media\/12202"}],"wp:attachment":[{"href":"https:\/\/ksiegarnia-akademicka.pl\/index.php\/wp-json\/wp\/v2\/media?parent=766"}],"wp:term":[{"taxonomy":"product_brand","embeddable":true,"href":"https:\/\/ksiegarnia-akademicka.pl\/index.php\/wp-json\/wp\/v2\/product_brand?post=766"},{"taxonomy":"product_cat","embeddable":true,"href":"https:\/\/ksiegarnia-akademicka.pl\/index.php\/wp-json\/wp\/v2\/product_cat?post=766"},{"taxonomy":"product_tag","embeddable":true,"href":"https:\/\/ksiegarnia-akademicka.pl\/index.php\/wp-json\/wp\/v2\/product_tag?post=766"}],"curies":[{"name":"wp","href":"https:\/\/api.w.org\/{rel}","templated":true}]}}