{"id":7593,"date":"2018-07-07T13:47:19","date_gmt":"2018-07-07T11:47:19","guid":{"rendered":"http:\/\/ksiegarnia-akademicka.pl\/?post_type=product&#038;p=7593"},"modified":"2018-07-07T13:47:20","modified_gmt":"2018-07-07T11:47:20","slug":"pedagogika-dla-nauczycieli-w-praktyce-materialy-metodyczne","status":"publish","type":"product","link":"https:\/\/ksiegarnia-akademicka.pl\/index.php\/product\/pedagogika-dla-nauczycieli-w-praktyce-materialy-metodyczne\/","title":{"rendered":"Pedagogika dla nauczycieli w praktyce Materia\u0142y metodyczne"},"content":{"rendered":"<p>Dorota Pankowska<br \/>\nWydawca: Impuls<br \/>\nOprawa: Mi\u0119kka<br \/>\nFormat: 16.0&#215;23.5cm<br \/>\nLiczba stron: 260<br \/>\nWydanie: 2<br \/>\nRok wydania: 2018<\/p>\n<p>Ksi\u0105\u017cka jest zbiorem \u0107wicze\u0144, zada\u0144 i materia\u0142\u00f3w dydaktycznych, przydatnych w kszta\u0142ceniu pedagogicznym student\u00f3w i doskonaleniu zawodowym nauczycieli. Autorka proponuje w niej aktywizuj\u0105ce sytuacje dydaktyczne do wykorzystania na zaj\u0119ciach z pedagogiki dla nauczycieli oraz na zaj\u0119ciach z innych przedmiot\u00f3w na studiach stricte pedagogicznych (z dydaktyki, teorii wychowania, pedagogiki og\u00f3lnej, i in.).<\/p>\n<p>\u0106wiczenia odnosz\u0105 si\u0119 do podstawowych kompetencji profesjonalnego nauczyciela-wychowawcy klasy. Zadania polecane w ksi\u0105\u017cce mog\u0105 zr\u00f3wnowa\u017cy\u0107 nadmiernie teoretyczny model kszta\u0142cenia nauczycieli, poniewa\u017c \u2013 poza uczeniem umiej\u0119tno\u015bci \u2013 wymagaj\u0105 od student\u00f3w pog\u0142\u0119bionego analizowania zjawisk, samodzielno\u015bci my\u015blenia, konfrontowania teorii z rzeczywisto\u015bci\u0105, krytycznej refleksji i inwencji tw\u00f3rczej.<\/p>\n<p>Z uwagi na brak publikacji o charakterze praktycznym dotycz\u0105cych kszta\u0142cenia nauczycieli i pedagog\u00f3w (w literaturze pedentologicznej dominuj\u0105 prace teoretyczne i badawcze, brak r\u00f3wnie\u017c czasopisma, kt\u00f3re mog\u0142oby by\u0107 form\u0105 wymiany do\u015bwiadcze\u0144 w tym zakresie), ksi\u0105\u017cka mo\u017ce by\u0107 du\u017c\u0105 pomoc\u0105 zar\u00f3wno dla pocz\u0105tkuj\u0105cych nauczycieli akademickich, jak i dla starszych, kt\u00f3rzy chc\u0105 rozwija\u0107 swoje umiej\u0119tno\u015bci dydaktyczne czy przeciwdzia\u0142a\u0107 rutynie.<\/p>\n","protected":false},"excerpt":{"rendered":"<p>Dorota Pankowska Wydawca: Impuls Oprawa: Mi\u0119kka Format: 16.0&#215;23.5cm Liczba stron: [&hellip;]<\/p>\n","protected":false},"featured_media":7594,"template":"","meta":[],"product_brand":[],"product_cat":[28],"product_tag":[5437,51,269],"class_list":{"0":"post-7593","1":"product","2":"type-product","3":"status-publish","4":"has-post-thumbnail","6":"product_cat-pedagogika","7":"product_tag-metodyka-nauczania","8":"product_tag-pedagogika","9":"product_tag-podrecznik-akademicki","11":"first","12":"instock","13":"sale","14":"shipping-taxable","15":"purchasable","16":"product-type-simple"},"_links":{"self":[{"href":"https:\/\/ksiegarnia-akademicka.pl\/index.php\/wp-json\/wp\/v2\/product\/7593","targetHints":{"allow":["GET"]}}],"collection":[{"href":"https:\/\/ksiegarnia-akademicka.pl\/index.php\/wp-json\/wp\/v2\/product"}],"about":[{"href":"https:\/\/ksiegarnia-akademicka.pl\/index.php\/wp-json\/wp\/v2\/types\/product"}],"wp:featuredmedia":[{"embeddable":true,"href":"https:\/\/ksiegarnia-akademicka.pl\/index.php\/wp-json\/wp\/v2\/media\/7594"}],"wp:attachment":[{"href":"https:\/\/ksiegarnia-akademicka.pl\/index.php\/wp-json\/wp\/v2\/media?parent=7593"}],"wp:term":[{"taxonomy":"product_brand","embeddable":true,"href":"https:\/\/ksiegarnia-akademicka.pl\/index.php\/wp-json\/wp\/v2\/product_brand?post=7593"},{"taxonomy":"product_cat","embeddable":true,"href":"https:\/\/ksiegarnia-akademicka.pl\/index.php\/wp-json\/wp\/v2\/product_cat?post=7593"},{"taxonomy":"product_tag","embeddable":true,"href":"https:\/\/ksiegarnia-akademicka.pl\/index.php\/wp-json\/wp\/v2\/product_tag?post=7593"}],"curies":[{"name":"wp","href":"https:\/\/api.w.org\/{rel}","templated":true}]}}