{"id":75,"date":"2018-05-22T12:40:44","date_gmt":"2018-05-22T10:40:44","guid":{"rendered":"http:\/\/ksiegarnia-akademicka.pl\/index.php\/product\/cwiczenia-laboratoryjne-z-technologii-chemicznej-surowce-i-procesy-cz-2\/"},"modified":"2018-07-27T13:13:20","modified_gmt":"2018-07-27T11:13:20","slug":"cwiczenia-laboratoryjne-z-technologii-chemicznej-surowce-i-procesy-cz-2","status":"publish","type":"product","link":"https:\/\/ksiegarnia-akademicka.pl\/index.php\/product\/cwiczenia-laboratoryjne-z-technologii-chemicznej-surowce-i-procesy-cz-2\/","title":{"rendered":"\u0106wiczenia laboratoryjne z technologii chemicznej. Surowce i procesy cz.2"},"content":{"rendered":"<p>Ryszarda Berezowska-Ornat, Halina Dominiak, Barbara Siepracka<br \/>\n2003, wyd. I, B-5, str. 336 (podr\u0119cznik),<\/p>\n<p>Materia\u0142 podr\u0119cznika obejmuje m.in.: jednostki i podstawowe procesy technologiczne \u2013 alkilowanie, nitrowanie, utlenianie. Ka\u017cdy rozdzia\u0142 zawiera wiadomo\u015bci teoretyczne, opis \u0107wicze\u0144 laboratoryjnych i obliczenia in\u017cynierskie dla przeprowadzonego procesu.<\/p>\n","protected":false},"excerpt":{"rendered":"<p>Ryszarda Berezowska-Ornat, Halina Dominiak, Barbara Siepracka 2003, wyd. I, B-5, [&hellip;]<\/p>\n","protected":false},"featured_media":8390,"template":"","meta":[],"product_brand":[],"product_cat":[7528,43],"product_tag":[177,173,79,161,1324,178],"class_list":{"0":"post-75","1":"product","2":"type-product","3":"status-publish","4":"has-post-thumbnail","6":"product_cat-technologie-chemiczne","7":"product_cat-wydawnictwo-uth","8":"product_tag-alkilowanie","9":"product_tag-cwiczenia-laboratoryjne","10":"product_tag-skrypty-uth","11":"product_tag-sulfonowanie","12":"product_tag-technologia-chemiczna","13":"product_tag-utlenianie","15":"first","16":"instock","17":"shipping-taxable","18":"purchasable","19":"product-type-simple"},"_links":{"self":[{"href":"https:\/\/ksiegarnia-akademicka.pl\/index.php\/wp-json\/wp\/v2\/product\/75","targetHints":{"allow":["GET"]}}],"collection":[{"href":"https:\/\/ksiegarnia-akademicka.pl\/index.php\/wp-json\/wp\/v2\/product"}],"about":[{"href":"https:\/\/ksiegarnia-akademicka.pl\/index.php\/wp-json\/wp\/v2\/types\/product"}],"wp:featuredmedia":[{"embeddable":true,"href":"https:\/\/ksiegarnia-akademicka.pl\/index.php\/wp-json\/wp\/v2\/media\/8390"}],"wp:attachment":[{"href":"https:\/\/ksiegarnia-akademicka.pl\/index.php\/wp-json\/wp\/v2\/media?parent=75"}],"wp:term":[{"taxonomy":"product_brand","embeddable":true,"href":"https:\/\/ksiegarnia-akademicka.pl\/index.php\/wp-json\/wp\/v2\/product_brand?post=75"},{"taxonomy":"product_cat","embeddable":true,"href":"https:\/\/ksiegarnia-akademicka.pl\/index.php\/wp-json\/wp\/v2\/product_cat?post=75"},{"taxonomy":"product_tag","embeddable":true,"href":"https:\/\/ksiegarnia-akademicka.pl\/index.php\/wp-json\/wp\/v2\/product_tag?post=75"}],"curies":[{"name":"wp","href":"https:\/\/api.w.org\/{rel}","templated":true}]}}