{"id":7488,"date":"2018-07-05T08:57:48","date_gmt":"2018-07-05T06:57:48","guid":{"rendered":"http:\/\/ksiegarnia-akademicka.pl\/?post_type=product&#038;p=7488"},"modified":"2020-10-30T08:27:03","modified_gmt":"2020-10-30T07:27:03","slug":"kompendium-histologii-podrecznik-dla-studentow-nauk-medycznych-i-przyrodniczych","status":"publish","type":"product","link":"https:\/\/ksiegarnia-akademicka.pl\/index.php\/product\/kompendium-histologii-podrecznik-dla-studentow-nauk-medycznych-i-przyrodniczych\/","title":{"rendered":"Kompendium histologii Podr\u0119cznik dla student\u00f3w nauk medycznych i przyrodniczych"},"content":{"rendered":"<p>Tadeusz Cichocki<br \/>\nJan A. Litwin<br \/>\nJadwiga Mirecka<br \/>\nWydawca: Wydawnictwo Uniwersytetu Jagiello\u0144skiego<br \/>\nOprawa: Mi\u0119kka<br \/>\nFormat: 17.0&#215;24.0cm<br \/>\nLiczba stron: 458<br \/>\nWydanie: 5 poprawione uzupe\u0142nione<br \/>\nRok wydania: 2016<\/p>\n<p>Zwarty i nowoczesny podr\u0119cznik napisany przez profesor\u00f3w Katedry Histologii Collegium Medium Uniwersytetu Jagiello\u0144skiego.<\/p>\n<p>Przedstawia w przyst\u0119pny spos\u00f3b struktur\u0119 mikroskopow\u0105 i jej powi\u0105zania z funkcj\u0105 kom\u00f3rek, tkanek i narz\u0105d\u00f3w. Aby u\u0142atwi\u0107 zrozumienie tych relacji, wprowadzono niezb\u0119dne informacje z pokrewnych dziedzin nauk biomedycznych: fizjologii, biochemii, biologii molekularnej czy immunologii, wsp\u00f3\u0142czesna histologia jest bowiem nauk\u0105 interdyscyplinarn\u0105.<\/p>\n<p>Odzwierciedla najbardziej aktualny stan wiedzy, niejednokrotnie wynikaj\u0105cy z osi\u0105gni\u0119\u0107 badawczych ostatnich lat.<\/p>\n<p>Zawiera mianownictwo angloj\u0119zyczne zgodnie z wytycznymi przedstawionymi w Krajowych Ramach Kwalifikacyjnych.<\/p>\n<p>Jest zilustrowane prostymi, syntetycznymi schematami prezentuj\u0105cymi najwa\u017cniejsze cechy morfologiczne lub aspekty czynno\u015bciowe omawianych struktur.<\/p>\n<p>Podr\u0119cznik jest przeznaczony przede wszystkim dla student\u00f3w kierunku lekarskiego i lekarsko-dentystycznego, ale mog\u0105 z niego korzysta\u0107 r\u00f3wnie\u017c studenci nauk przyrodniczych i lekarze.<br \/>\nZwarty i nowoczesny podr\u0119cznik napisany przez profesor\u00f3w Katedry Histologii Collegium Medium Uniwersytetu Jagiello\u0144skiego.<\/p>\n<p>Przedstawia w przyst\u0119pny spos\u00f3b struktur\u0119 mikroskopow\u0105 i jej powi\u0105zania z funkcj\u0105 kom\u00f3rek, tkanek i narz\u0105d\u00f3w. Aby u\u0142atwi\u0107 zrozumienie tych relacji, wprowadzono niezb\u0119dne informacje z pokrewnych dziedzin nauk biomedycznych: fizjologii, biochemii, biologii molekularnej czy immunologii, wsp\u00f3\u0142czesna histologia jest bowiem nauk\u0105 interdyscyplinarn\u0105.<\/p>\n<p>Odzwierciedla najbardziej aktualny stan wiedzy, niejednokrotnie wynikaj\u0105cy z osi\u0105gni\u0119\u0107 badawczych ostatnich lat.<\/p>\n<p>Zawiera mianownictwo angloj\u0119zyczne zgodnie z wytycznymi przedstawionymi w Krajowych Ramach Kwalifikacyjnych.<\/p>\n<p>Jest zilustrowane prostymi, syntetycznymi schematami prezentuj\u0105cymi najwa\u017cniejsze cechy morfologiczne lub aspekty czynno\u015bciowe omawianych struktur.<\/p>\n<p>Podr\u0119cznik jest przeznaczony przede wszystkim dla student\u00f3w kierunku lekarskiego i lekarsko-dentystycznego, ale mog\u0105 z niego korzysta\u0107 r\u00f3wnie\u017c studenci nauk przyrodniczych i lekarze.<\/p>\n","protected":false},"excerpt":{"rendered":"<p>Tadeusz Cichocki Jan A. Litwin Jadwiga Mirecka Wydawca: Wydawnictwo Uniwersytetu [&hellip;]<\/p>\n","protected":false},"featured_media":7489,"template":"","meta":[],"product_brand":[],"product_cat":[7963,7493],"product_tag":[4852,7403],"class_list":{"0":"post-7488","1":"product","2":"type-product","3":"status-publish","4":"has-post-thumbnail","6":"product_cat-anatomia","7":"product_cat-medycyna","8":"product_tag-anatomia","9":"product_tag-histologia","11":"first","12":"instock","13":"sale","14":"shipping-taxable","15":"purchasable","16":"product-type-simple"},"_links":{"self":[{"href":"https:\/\/ksiegarnia-akademicka.pl\/index.php\/wp-json\/wp\/v2\/product\/7488","targetHints":{"allow":["GET"]}}],"collection":[{"href":"https:\/\/ksiegarnia-akademicka.pl\/index.php\/wp-json\/wp\/v2\/product"}],"about":[{"href":"https:\/\/ksiegarnia-akademicka.pl\/index.php\/wp-json\/wp\/v2\/types\/product"}],"wp:featuredmedia":[{"embeddable":true,"href":"https:\/\/ksiegarnia-akademicka.pl\/index.php\/wp-json\/wp\/v2\/media\/7489"}],"wp:attachment":[{"href":"https:\/\/ksiegarnia-akademicka.pl\/index.php\/wp-json\/wp\/v2\/media?parent=7488"}],"wp:term":[{"taxonomy":"product_brand","embeddable":true,"href":"https:\/\/ksiegarnia-akademicka.pl\/index.php\/wp-json\/wp\/v2\/product_brand?post=7488"},{"taxonomy":"product_cat","embeddable":true,"href":"https:\/\/ksiegarnia-akademicka.pl\/index.php\/wp-json\/wp\/v2\/product_cat?post=7488"},{"taxonomy":"product_tag","embeddable":true,"href":"https:\/\/ksiegarnia-akademicka.pl\/index.php\/wp-json\/wp\/v2\/product_tag?post=7488"}],"curies":[{"name":"wp","href":"https:\/\/api.w.org\/{rel}","templated":true}]}}