{"id":7357,"date":"2018-05-22T12:59:12","date_gmt":"2018-05-22T10:59:12","guid":{"rendered":"http:\/\/ksiegarnia-akademicka.pl\/index.php\/product\/psychologia-kliniczna\/"},"modified":"2018-07-26T09:52:37","modified_gmt":"2018-07-26T07:52:37","slug":"psychologia-kliniczna","status":"publish","type":"product","link":"https:\/\/ksiegarnia-akademicka.pl\/index.php\/product\/psychologia-kliniczna\/","title":{"rendered":"Psychologia kliniczna"},"content":{"rendered":"<p>Podr\u0119cznik akademicki Psychologia kliniczna jest kontynuacj\u0105 poprzednich opracowa\u0144 redagowanych przez Andrzeja Lewickiego (1969\/1978) oraz Helen\u0119 S\u0119k (1991\/2006) \u2013 czterokrotnie publikowanych w Wydawnictwie Naukowym PWN. Zawarte w nim teksty zosta\u0142y przygotowane przez Autorki i Autor\u00f3w reprezentuj\u0105cych wiod\u0105ce o\u015brodki naukowe w Polsce, nale\u017c\u0105cych do trzech pokole\u0144 psycholog\u00f3w klinicznych. Dzi\u0119ki temu spos\u00f3b rozumienia i wyja\u015bniania r\u00f3\u017cnych problem\u00f3w klinicznych uwzgl\u0119dnia zar\u00f3wno tradycj\u0119 uprawiania psychologii klinicznej w Polsce, jak i najnowsze wyzwania w dziedzinie teorii, bada\u0144 i standard\u00f3w praktycznej dzia\u0142alno\u015bci psychologa klinicznego.<br \/>\nW kolejnych cz\u0119\u015bciach podr\u0119cznika Czytelnik znajdzie informacje na temat:<br \/>\n\u00b7 Teoretycznych podstaw psychologii klinicznej<br \/>\n\u00b7 Podstawowych kierunk\u00f3w i podej\u015b\u0107 w psychologii klinicznej: orientacji psychoanalitycznej, behawioralno-poznawczej, egzystencjalno-humanistycznej i koncepcjach systemowych<br \/>\n\u00b7 Diagnozy psychologicznej \u2013 modeli, metod diagnostycznych oraz czynnik\u00f3w warunkuj\u0105cych jako\u015b\u0107 diagnozy<br \/>\n\u00b7 Psychologii zaburze\u0144 psychicznych opisanych w aktualnie obwi\u0105zuj\u0105cych systemach klasyfikacyjnych (ICD-10 i DSM-5)<br \/>\n\u00b7 Subdyscyplin psychologii klinicznej (psychologia kliniczna dziecka, neuropsychologia kliniczna, kliniczna psychologia zdrowia, psychologia niepe\u0142nosprawno\u015bci i rehabilitacji, psychogerontologia oraz psychologia s\u0105dowa)<br \/>\n\u00b7 Form pomocy psychologicznej w rozwi\u0105zywaniu problem\u00f3w zdrowotnych (psychoterapia, poradnictwo psychologiczne, promocja zdrowia, prewencja zaburze\u0144, pomoc psychologiczna w sytuacjach kryzysu i inne)<br \/>\nKsi\u0105\u017cka jest nowoczesnym podr\u0119cznikiem, opartym na najnowszej wiedzy psychologicznej, w kt\u00f3rym w spos\u00f3b systematyczny i wyczerpuj\u0105cy, ale jednocze\u015bnie klarowny, przedstawiono poszczeg\u00f3lne zagadnienia z obszaru wsp\u00f3\u0142czesnej psychologii klinicznej.<br \/>\nZ recenzji prof. dr hab. W\u0142adys\u0142awa \u0141osiaka<\/p>\n","protected":false},"excerpt":{"rendered":"<p>Podr\u0119cznik akademicki Psychologia kliniczna jest kontynuacj\u0105 poprzednich opracowa\u0144 redagowanych przez [&hellip;]<\/p>\n","protected":false},"featured_media":7367,"template":"","meta":[],"product_brand":[],"product_cat":[27,7509],"product_tag":[269,1186,5143],"class_list":{"0":"post-7357","1":"product","2":"type-product","3":"status-publish","4":"has-post-thumbnail","6":"product_cat-nauki-spoleczne","7":"product_cat-psychologia","8":"product_tag-podrecznik-akademicki","9":"product_tag-psychologia","10":"product_tag-psychologia-kliniczna","12":"first","13":"instock","14":"sale","15":"shipping-taxable","16":"purchasable","17":"product-type-simple"},"_links":{"self":[{"href":"https:\/\/ksiegarnia-akademicka.pl\/index.php\/wp-json\/wp\/v2\/product\/7357","targetHints":{"allow":["GET"]}}],"collection":[{"href":"https:\/\/ksiegarnia-akademicka.pl\/index.php\/wp-json\/wp\/v2\/product"}],"about":[{"href":"https:\/\/ksiegarnia-akademicka.pl\/index.php\/wp-json\/wp\/v2\/types\/product"}],"wp:featuredmedia":[{"embeddable":true,"href":"https:\/\/ksiegarnia-akademicka.pl\/index.php\/wp-json\/wp\/v2\/media\/7367"}],"wp:attachment":[{"href":"https:\/\/ksiegarnia-akademicka.pl\/index.php\/wp-json\/wp\/v2\/media?parent=7357"}],"wp:term":[{"taxonomy":"product_brand","embeddable":true,"href":"https:\/\/ksiegarnia-akademicka.pl\/index.php\/wp-json\/wp\/v2\/product_brand?post=7357"},{"taxonomy":"product_cat","embeddable":true,"href":"https:\/\/ksiegarnia-akademicka.pl\/index.php\/wp-json\/wp\/v2\/product_cat?post=7357"},{"taxonomy":"product_tag","embeddable":true,"href":"https:\/\/ksiegarnia-akademicka.pl\/index.php\/wp-json\/wp\/v2\/product_tag?post=7357"}],"curies":[{"name":"wp","href":"https:\/\/api.w.org\/{rel}","templated":true}]}}