{"id":7345,"date":"2018-05-22T12:59:10","date_gmt":"2018-05-22T10:59:10","guid":{"rendered":"http:\/\/ksiegarnia-akademicka.pl\/index.php\/product\/daf-kompakt-neu-a1-b1-ubungsbuch-mp3-cd\/"},"modified":"2018-12-20T09:07:40","modified_gmt":"2018-12-20T08:07:40","slug":"daf-kompakt-neu-a1-b1-ubungsbuch-mp3-cd","status":"publish","type":"product","link":"https:\/\/ksiegarnia-akademicka.pl\/index.php\/product\/daf-kompakt-neu-a1-b1-ubungsbuch-mp3-cd\/","title":{"rendered":"DaF kompakt Neu A1-B1 Ubungsbuch + MP3-CD"},"content":{"rendered":"<p>Wydawca: LektorKlett<br \/>\nOprawa: Mi\u0119kka<br \/>\nFormat: 21.0&#215;28.0cm<br \/>\nLiczba stron: 328<br \/>\nRok wydania: 2017<\/p>\n<p>Das \u00dcbungsbuch DaF kompakt neu A1-B1 erg\u00e4nzt das Kursbuch und ist ideal, um das im Unterricht Gelernte im Selbststudium zu vertiefen.<\/p>\n<p>Es folgt dem Doppelseitenprinzip des Kursbuchs und unterst\u00fctzt den gezielten Aufbau aller Fertigkeiten von Anfang an. Als Abschluss und Erg\u00e4nzung jeder Lektion bietet es unter der Rubrik \u201emehr entdecken\u201c Lern- und Arbeitsstrategien zu Lese- und H\u00f6rverstehen, Textproduktion, Wortschatzerweiterung sowie Anregungen f\u00fcr Projekte.<\/p>\n<p>Klare Angaben im Kursbuch verweisen auf die passenden Lektionen im \u00dcbungsbuch. Au\u00dferdem sind alle Aufgaben, die dem Pr\u00fcfungsformat des Goethe-\/\u00d6SD-Zertifikats B1 entsprechen, mit einem Symbol gekennzeichnet. Nach jeder \u00dcbungsbuchlektion gibt es ein ausf\u00fchrliches Trainingsprogramm zur Phonetik.<\/p>\n<p>Im Anhang des \u00dcbungsbuchs finden sich Modelltests zum Goethe-\/\u00d6SD-Zertifikat A1, zum Goethe-Zertifikat A2 (neu) und zum Goethe-\/\u00d6SD-Zertifikat B1.<\/p>\n","protected":false},"excerpt":{"rendered":"<p>Wydawca: LektorKlett Oprawa: Mi\u0119kka Format: 21.0&#215;28.0cm Liczba stron: 328 Rok [&hellip;]<\/p>\n","protected":false},"featured_media":9854,"template":"","meta":[],"product_brand":[],"product_cat":[37],"product_tag":[3619,347,7748],"class_list":{"0":"post-7345","1":"product","2":"type-product","3":"status-publish","4":"has-post-thumbnail","6":"product_cat-jezyki-obce","7":"product_tag-jezyk-niemiecki","8":"product_tag-podrecznik","9":"product_tag-seria-daf-kompakt","11":"first","12":"instock","13":"sale","14":"shipping-taxable","15":"purchasable","16":"product-type-simple"},"_links":{"self":[{"href":"https:\/\/ksiegarnia-akademicka.pl\/index.php\/wp-json\/wp\/v2\/product\/7345","targetHints":{"allow":["GET"]}}],"collection":[{"href":"https:\/\/ksiegarnia-akademicka.pl\/index.php\/wp-json\/wp\/v2\/product"}],"about":[{"href":"https:\/\/ksiegarnia-akademicka.pl\/index.php\/wp-json\/wp\/v2\/types\/product"}],"wp:featuredmedia":[{"embeddable":true,"href":"https:\/\/ksiegarnia-akademicka.pl\/index.php\/wp-json\/wp\/v2\/media\/9854"}],"wp:attachment":[{"href":"https:\/\/ksiegarnia-akademicka.pl\/index.php\/wp-json\/wp\/v2\/media?parent=7345"}],"wp:term":[{"taxonomy":"product_brand","embeddable":true,"href":"https:\/\/ksiegarnia-akademicka.pl\/index.php\/wp-json\/wp\/v2\/product_brand?post=7345"},{"taxonomy":"product_cat","embeddable":true,"href":"https:\/\/ksiegarnia-akademicka.pl\/index.php\/wp-json\/wp\/v2\/product_cat?post=7345"},{"taxonomy":"product_tag","embeddable":true,"href":"https:\/\/ksiegarnia-akademicka.pl\/index.php\/wp-json\/wp\/v2\/product_tag?post=7345"}],"curies":[{"name":"wp","href":"https:\/\/api.w.org\/{rel}","templated":true}]}}