{"id":7334,"date":"2018-05-22T12:59:08","date_gmt":"2018-05-22T10:59:08","guid":{"rendered":"http:\/\/ksiegarnia-akademicka.pl\/index.php\/product\/nienawidze-cie-nie-odchodz-zrozumiec-osobowosc-borderline\/"},"modified":"2018-07-25T12:12:35","modified_gmt":"2018-07-25T10:12:35","slug":"nienawidze-cie-nie-odchodz-zrozumiec-osobowosc-borderline","status":"publish","type":"product","link":"https:\/\/ksiegarnia-akademicka.pl\/index.php\/product\/nienawidze-cie-nie-odchodz-zrozumiec-osobowosc-borderline\/","title":{"rendered":"Nienawidz\u0119 ci\u0119! Nie odchod\u017a! Zrozumie\u0107 osobowo\u015b\u0107 borderline"},"content":{"rendered":"<p>Autor:<br \/>\nJerold J. Kreisman<br \/>\nT\u0142umacze: Szya\u0144ska-B\u0142otnicka Marzena<br \/>\nWydawca: Wydawnictwo Uniwersytetu Jagiello\u0144skiego<br \/>\nOprawa: Mi\u0119kka ze skrzyde\u0142kami<br \/>\nFormat: 15.0&#215;23.0cm<br \/>\nLiczba stron: 302<br \/>\nRok wydania: 2018<\/p>\n<p>Dla pacjent\u00f3w, ich bliskich, przyjaci\u00f3\u0142 i terapeut\u00f3w.<\/p>\n<p>Skrajne wahania nastroju i nieprzewidywalne wybuchy gniewu; dojmuj\u0105ce uczucie pustki i strach przed porzuceniem; burzliwe relacje mi\u0119dzyludzkie i sk\u0142onno\u015b\u0107 do zachowa\u0144 autodestrukcyjnych, a\u017c po gro\u017aby i gesty samob\u00f3jcze. Te powtarzaj\u0105ce si\u0119 objawy stanowi\u0105 codzienno\u015b\u0107 milin\u00f3w os\u00f3b z zaburzeniami osobowo\u015bci z pogranicza (Borderline<br \/>\nPersonality Dissorder \u2013 BPD), ich krewnych i przyjaci\u00f3\u0142. Chocia\u017c badania pokazuj\u0105, \u017ce problem ten dotyka nawet co czwartej osoby poszukuj\u0105cej pomocy psychiatrycznej, to wci\u0105\u017c spotyka si\u0119 z du\u017cym niezrozumieniem spo\u0142ecznym, za\u015b specjalistom przysparza trudno\u015bci z diagnoz\u0105.<br \/>\nAutorzy w przyst\u0119pny spos\u00f3b przybli\u017caj\u0105 czytelnikowi \u015bwiat osoby z BPD, pomagaj\u0105c zrozumie\u0107, w jaki spos\u00f3b postrzega ona rzeczywisto\u015b\u0107 oraz jakie uczucia i my\u015bli k\u0142\u0119bi\u0105 si\u0119 w jej g\u0142owie \u2013 co znacznie u\u0142atwiaj\u0105 liczne przyk\u0142ady i zrozumia\u0142e por\u00f3wnania. Jednocze\u015bnie dok\u0142adnie omawiaj\u0105 wszystkie typowe objawy, mo\u017cliwe przyczyny zaburzenia i sposoby terapii. Osobne rozdzia\u0142y po\u015bwi\u0119cono tak\u017ce praktycznym wskaz\u00f3wkom dotycz\u0105cym rozwi\u0105zywania sytuacji kryzysowych i komunikacji z osobami z zaburzeniami borderline. To doskona\u0142\u0105 lektura zar\u00f3wno dla samych os\u00f3b z objawami BPD, ich bliskich, jak i terapeut\u00f3w.<\/p>\n<p>Nienawidz\u0119 ci\u0119! Nie odchod\u017a! to pierwsza ksi\u0105\u017cka, dzi\u0119ki kt\u00f3rej czytelnicy zapoznali si\u0119 z zaburzeniem osobowo\u015bci z pogranicza. Wszyscy jeste\u015bmy ogromnie wdzi\u0119czni doktorowi Kreismanowi za jego pionierskie wysi\u0142ki na rzecz podniesienia \u015bwiadomo\u015bci na temat tego przysparzaj\u0105cego ogromnych cierpie\u0144 zaburzenia psychicznego.<br \/>\nmgr Valerie Porr, za\u0142o\u017cycielka i prezes Treatment and Research, Advancements National Association for Personality Disorder, autorka ksi\u0105\u017cki Overcoming BPD<\/p>\n<p>Analiza prawdziwych przypadk\u00f3w oraz obszerna lista odno\u015bnik\u00f3w do \u017ar\u00f3de\u0142 pozwoli lepiej zrozumie\u0107 osobowo\u015b\u0107 z pogranicza nie tylko szerokiemu gronu czytelnik\u00f3w, lecz r\u00f3wnie\u017c specjalistom. Ksi\u0105\u017cka ta powinna trafi\u0107 na p\u00f3\u0142ki pacjent\u00f3w, ich przyjaci\u00f3\u0142 i krewnych oraz wszystkich os\u00f3b zaanga\u017cowanych w ich leczenie.<br \/>\nRandi Kreger, autorka ksi\u0105\u017cek Borderline: jak \u017cy\u0107 z osob\u0105 o skrajnych emocjach i The Essential Family Guide to Borderline Personality Disorder<\/p>\n","protected":false},"excerpt":{"rendered":"<p>Autor: Jerold J. Kreisman T\u0142umacze: Szya\u0144ska-B\u0142otnicka Marzena Wydawca: Wydawnictwo Uniwersytetu [&hellip;]<\/p>\n","protected":false},"featured_media":8279,"template":"","meta":[],"product_brand":[],"product_cat":[27,7509],"product_tag":[7483,1186,1659],"class_list":{"0":"post-7334","1":"product","2":"type-product","3":"status-publish","4":"has-post-thumbnail","6":"product_cat-nauki-spoleczne","7":"product_cat-psychologia","8":"product_tag-borderline","9":"product_tag-psychologia","10":"product_tag-psychoterapia","12":"first","13":"instock","14":"sale","15":"shipping-taxable","16":"purchasable","17":"product-type-simple"},"_links":{"self":[{"href":"https:\/\/ksiegarnia-akademicka.pl\/index.php\/wp-json\/wp\/v2\/product\/7334","targetHints":{"allow":["GET"]}}],"collection":[{"href":"https:\/\/ksiegarnia-akademicka.pl\/index.php\/wp-json\/wp\/v2\/product"}],"about":[{"href":"https:\/\/ksiegarnia-akademicka.pl\/index.php\/wp-json\/wp\/v2\/types\/product"}],"wp:featuredmedia":[{"embeddable":true,"href":"https:\/\/ksiegarnia-akademicka.pl\/index.php\/wp-json\/wp\/v2\/media\/8279"}],"wp:attachment":[{"href":"https:\/\/ksiegarnia-akademicka.pl\/index.php\/wp-json\/wp\/v2\/media?parent=7334"}],"wp:term":[{"taxonomy":"product_brand","embeddable":true,"href":"https:\/\/ksiegarnia-akademicka.pl\/index.php\/wp-json\/wp\/v2\/product_brand?post=7334"},{"taxonomy":"product_cat","embeddable":true,"href":"https:\/\/ksiegarnia-akademicka.pl\/index.php\/wp-json\/wp\/v2\/product_cat?post=7334"},{"taxonomy":"product_tag","embeddable":true,"href":"https:\/\/ksiegarnia-akademicka.pl\/index.php\/wp-json\/wp\/v2\/product_tag?post=7334"}],"curies":[{"name":"wp","href":"https:\/\/api.w.org\/{rel}","templated":true}]}}