{"id":7333,"date":"2018-05-22T12:59:08","date_gmt":"2018-05-22T10:59:08","guid":{"rendered":"http:\/\/ksiegarnia-akademicka.pl\/index.php\/product\/sokrates-i-panstwo\/"},"modified":"2018-07-12T09:37:13","modified_gmt":"2018-07-12T07:37:13","slug":"sokrates-i-panstwo","status":"publish","type":"product","link":"https:\/\/ksiegarnia-akademicka.pl\/index.php\/product\/sokrates-i-panstwo\/","title":{"rendered":"Sokrates i pa\u0144stwo"},"content":{"rendered":"<p>Richard Kraut<br \/>\nT\u0142umacze: Micha\u0142 Filipczuk<br \/>\nWydawca: Teologia Polityczna<br \/>\nOprawa: Mi\u0119kka<br \/>\nFormat: 14.0&#215;21.0cm<br \/>\nLiczba stron: 483<br \/>\nWydanie: 1<br \/>\nRok wydania: 2018<\/p>\n<p>Sokrates i pa\u0144stwo Richarda Krauta to jedna z najwa\u017cniejszych pozycji we wsp\u00f3\u0142czesnej literaturze naukowej po\u015bwi\u0119conej dialogom sokratycznym Platona. Autor, profesor filozofii na Northwestern University, stawia sobie w tej ksi\u0105\u017cce dwa cele: pierwszym z nich jest \u201euchwycenie teorii politycznej, na gruncie kt\u00f3rej Sokrates odrzuca w plato\u0144skim Kritonie sugesti\u0119 ucieczki z wi\u0119zienia\u201d, a drugim \u2013 \u201eumieszczenie tego dialogu w kontek\u015bcie analizy og\u00f3lnej orientacji politycznej przypisywanej Sokratesowi (\u2026) we wszystkich wczesnych dialogach Platona\u201d.<\/p>\n","protected":false},"excerpt":{"rendered":"<p>Richard Kraut T\u0142umacze: Micha\u0142 Filipczuk Wydawca: Teologia Polityczna Oprawa: Mi\u0119kka [&hellip;]<\/p>\n","protected":false},"featured_media":7731,"template":"","meta":[],"product_brand":[],"product_cat":[7506,27,7507],"product_tag":[233,495],"class_list":{"0":"post-7333","1":"product","2":"type-product","3":"status-publish","4":"has-post-thumbnail","6":"product_cat-filozofia","7":"product_cat-nauki-spoleczne","8":"product_cat-politologia","9":"product_tag-filozofia","10":"product_tag-polityka","12":"first","13":"instock","14":"sale","15":"shipping-taxable","16":"purchasable","17":"product-type-simple"},"_links":{"self":[{"href":"https:\/\/ksiegarnia-akademicka.pl\/index.php\/wp-json\/wp\/v2\/product\/7333","targetHints":{"allow":["GET"]}}],"collection":[{"href":"https:\/\/ksiegarnia-akademicka.pl\/index.php\/wp-json\/wp\/v2\/product"}],"about":[{"href":"https:\/\/ksiegarnia-akademicka.pl\/index.php\/wp-json\/wp\/v2\/types\/product"}],"wp:featuredmedia":[{"embeddable":true,"href":"https:\/\/ksiegarnia-akademicka.pl\/index.php\/wp-json\/wp\/v2\/media\/7731"}],"wp:attachment":[{"href":"https:\/\/ksiegarnia-akademicka.pl\/index.php\/wp-json\/wp\/v2\/media?parent=7333"}],"wp:term":[{"taxonomy":"product_brand","embeddable":true,"href":"https:\/\/ksiegarnia-akademicka.pl\/index.php\/wp-json\/wp\/v2\/product_brand?post=7333"},{"taxonomy":"product_cat","embeddable":true,"href":"https:\/\/ksiegarnia-akademicka.pl\/index.php\/wp-json\/wp\/v2\/product_cat?post=7333"},{"taxonomy":"product_tag","embeddable":true,"href":"https:\/\/ksiegarnia-akademicka.pl\/index.php\/wp-json\/wp\/v2\/product_tag?post=7333"}],"curies":[{"name":"wp","href":"https:\/\/api.w.org\/{rel}","templated":true}]}}