{"id":7322,"date":"2018-05-22T12:59:06","date_gmt":"2018-05-22T10:59:06","guid":{"rendered":"http:\/\/ksiegarnia-akademicka.pl\/index.php\/product\/spoldzielnie-mieszkaniowe-komentarz\/"},"modified":"2018-12-19T14:07:40","modified_gmt":"2018-12-19T13:07:40","slug":"spoldzielnie-mieszkaniowe-komentarz","status":"publish","type":"product","link":"https:\/\/ksiegarnia-akademicka.pl\/index.php\/product\/spoldzielnie-mieszkaniowe-komentarz\/","title":{"rendered":"Sp\u00f3\u0142dzielnie mieszkaniowe Komentarz"},"content":{"rendered":"<p>Ewa Bo\u0144czak-Kucharczyk<br \/>\nWydawca: Wolters Kluwer<br \/>\nOprawa: Twarda<br \/>\nFormat: 15.3&#215;21.0<br \/>\nLiczba stron: 1362<br \/>\nWydanie: 4<br \/>\nRok wydania: 2018<\/p>\n<p>W komentarzu zosta\u0142y om\u00f3wione zagadnienia zwi\u0105zane z bie\u017c\u0105cym funkcjonowaniem sp\u00f3\u0142dzielni mieszkaniowych. Autorka wkracza w nim r\u00f3wnie\u017c w problematyk\u0119 innych ustaw, kt\u00f3rych przepisy maj\u0105 do nich zastosowanie, dzi\u0119ki czemu zakres poruszanych kwestii jest szerszy ni\u017c w innych komentarzach do ustawy o sp\u00f3\u0142dzielniach mieszkaniowych. Szeroko analizuje orzecznictwo, a zw\u0142aszcza zmiany linii orzeczniczych odnosz\u0105cych si\u0119 do kluczowych zagadnie\u0144. <\/p>\n<p>W publikacji du\u017co uwagi po\u015bwi\u0119cono uprawnieniom cz\u0142onk\u00f3w i innych os\u00f3b do nabywania w\u0142asno\u015bci lokali od sp\u00f3\u0142dzielni oraz funkcjonowaniu w\u0142asno\u015bci lokali w sp\u00f3\u0142dzielniach mieszkaniowych, a w zwi\u0105zku z najnowszymi zmianami komentowanej ustawy &#8211; tak\u017ce zagadnieniom zarz\u0105dzania nieruchomo\u015bciami w sp\u00f3\u0142dzielniach mieszkaniowych (m.in. tych, w kt\u00f3rych sp\u00f3\u0142dzielnia przenios\u0142a w\u0142asno\u015b\u0107 lokali na inne osoby) oraz zmianom zasad nabywania i utraty cz\u0142onkostwa. <\/p>\n<p>Co wa\u017cne &#8211; komentarz mo\u017ce by\u0107 przydatny podczas projektowania obowi\u0105zkowych zmian statut\u00f3w sp\u00f3\u0142dzielni, jakich nale\u017cy dokona\u0107 w ci\u0105gu 12 miesi\u0119cy od wej\u015bcia w \u017cycie ustawy z 20.07.2017 r., tzn. do 9.09.2018 r. <\/p>\n<p>W czwartym wydaniu ksi\u0105\u017cki uwzgl\u0119dniono przede wszystkim zmiany wprowadzone ustawami:<\/p>\n<p>&#8211; z 22.06.2017 r. o zmianie ustawy o niekt\u00f3rych formach popierania budownictwa mieszkaniowego oraz niekt\u00f3rych innych ustaw, dotycz\u0105c\u0105 m.in. finansowania zwrotnego,<br \/>\n&#8211; z 20.07.2017 r. o zmianie ustawy o sp\u00f3\u0142dzielniach mieszkaniowych, ustawy &#8211; Kodeks post\u0119powania cywilnego oraz ustawy &#8211; Prawo sp\u00f3\u0142dzielcze, dotycz\u0105c\u0105 m.in. cz\u0142onkostwa w sp\u00f3\u0142dzielni mieszkaniowej i zasad rozliczania funduszu remontowego.<\/p>\n","protected":false},"excerpt":{"rendered":"<p>Ewa Bo\u0144czak-Kucharczyk Wydawca: Wolters Kluwer Oprawa: Twarda Format: 15.3&#215;21.0 Liczba [&hellip;]<\/p>\n","protected":false},"featured_media":7493,"template":"","meta":[],"product_brand":[],"product_cat":[7491,7495,34,18],"product_tag":[4993,5173,953],"class_list":{"0":"post-7322","1":"product","2":"type-product","3":"status-publish","4":"has-post-thumbnail","6":"product_cat-cywilne","7":"product_cat-gospodarcze-i-handlowe","8":"product_cat-nieruchomosci","9":"product_cat-prawo","10":"product_tag-komentarze-i-opracowania-prawne","11":"product_tag-prawo-spoldzielcze","12":"product_tag-spoldzielnie-mieszkaniowe","14":"first","15":"instock","16":"sale","17":"shipping-taxable","18":"purchasable","19":"product-type-simple"},"_links":{"self":[{"href":"https:\/\/ksiegarnia-akademicka.pl\/index.php\/wp-json\/wp\/v2\/product\/7322","targetHints":{"allow":["GET"]}}],"collection":[{"href":"https:\/\/ksiegarnia-akademicka.pl\/index.php\/wp-json\/wp\/v2\/product"}],"about":[{"href":"https:\/\/ksiegarnia-akademicka.pl\/index.php\/wp-json\/wp\/v2\/types\/product"}],"wp:featuredmedia":[{"embeddable":true,"href":"https:\/\/ksiegarnia-akademicka.pl\/index.php\/wp-json\/wp\/v2\/media\/7493"}],"wp:attachment":[{"href":"https:\/\/ksiegarnia-akademicka.pl\/index.php\/wp-json\/wp\/v2\/media?parent=7322"}],"wp:term":[{"taxonomy":"product_brand","embeddable":true,"href":"https:\/\/ksiegarnia-akademicka.pl\/index.php\/wp-json\/wp\/v2\/product_brand?post=7322"},{"taxonomy":"product_cat","embeddable":true,"href":"https:\/\/ksiegarnia-akademicka.pl\/index.php\/wp-json\/wp\/v2\/product_cat?post=7322"},{"taxonomy":"product_tag","embeddable":true,"href":"https:\/\/ksiegarnia-akademicka.pl\/index.php\/wp-json\/wp\/v2\/product_tag?post=7322"}],"curies":[{"name":"wp","href":"https:\/\/api.w.org\/{rel}","templated":true}]}}