{"id":7278,"date":"2018-05-22T12:58:57","date_gmt":"2018-05-22T10:58:57","guid":{"rendered":"http:\/\/ksiegarnia-akademicka.pl\/index.php\/product\/biochemia-podrecznik-dla-studentow-uczelni-medycznych\/"},"modified":"2026-02-23T15:36:05","modified_gmt":"2026-02-23T14:36:05","slug":"biochemia-podrecznik-dla-studentow-uczelni-medycznych","status":"publish","type":"product","link":"https:\/\/ksiegarnia-akademicka.pl\/index.php\/product\/biochemia-podrecznik-dla-studentow-uczelni-medycznych\/","title":{"rendered":"Biochemia"},"content":{"rendered":"<p>Autor:<br \/>\nEdward Ba\u0144kowski<br \/>\nWydawca: Edra Urban &amp; Partner<br \/>\nOprawa: Mi\u0119kka<br \/>\nFormat: 21.0&#215;27.0cm<br \/>\nLiczba stron: 512<br \/>\nWydanie: 4<br \/>\nRok wydania: 2022<br \/>\nJ\u0119zyk wydania: polski<\/p>\n<p>Niniejszy podr\u0119cznik jest czwartym wydaniem dzie\u0142a o tym samym tytule, r\u00f3\u017cni si\u0119 jednak wieloma szczeg\u00f3\u0142ami od jego pierwotnej wersji. W ksi\u0105\u017cce podkre\u015blona zosta\u0142a r\u00f3\u017cnorodno\u015b\u0107 i z\u0142o\u017cono\u015b\u0107 zwi\u0105zk\u00f3w bioorganicznych. Opisano zdolno\u015b\u0107 organizm\u00f3w \u017cywych do samoodtwarzania si\u0119 w identycznej formie przez tysi\u0105ce pokole\u0144, zwr\u00f3cono uwag\u0119 na bardzo precyzyjne mechanizmy regulacji metabolizmu.<br \/>\nZwi\u0119\u017ale potraktowane zosta\u0142y rozdzia\u0142y po\u015bwi\u0119cone strukturze, w\u0142a\u015bciwo\u015bciom, metabolizmowi i funkcjonowaniu kwas\u00f3w nukleinowych, zak\u0142adaj\u0105c i\u017c liczne elementy tej wiedzy s\u0105 przekazywane studentom w trakcie nauczania innych dyscyplin biomedycznych, jak biologia, genetyka, histologia z cytofizjologi\u0105, mikrobiologia, onkologia czy medycyna s\u0105dowa.<\/p>\n","protected":false},"excerpt":{"rendered":"<p>Autor: Edward Ba\u0144kowski Wydawca: Edra Urban &amp; Partner Oprawa: Mi\u0119kka [&hellip;]<\/p>\n","protected":false},"featured_media":21700,"template":"","meta":[],"product_brand":[],"product_cat":[7964,7493],"product_tag":[4806,3994,269],"class_list":{"0":"post-7278","1":"product","2":"type-product","3":"status-publish","4":"has-post-thumbnail","6":"product_cat-biochemia","7":"product_cat-medycyna","8":"product_tag-biochemia","9":"product_tag-medycyna","10":"product_tag-podrecznik-akademicki","12":"first","13":"instock","14":"sale","15":"shipping-taxable","16":"purchasable","17":"product-type-simple"},"_links":{"self":[{"href":"https:\/\/ksiegarnia-akademicka.pl\/index.php\/wp-json\/wp\/v2\/product\/7278","targetHints":{"allow":["GET"]}}],"collection":[{"href":"https:\/\/ksiegarnia-akademicka.pl\/index.php\/wp-json\/wp\/v2\/product"}],"about":[{"href":"https:\/\/ksiegarnia-akademicka.pl\/index.php\/wp-json\/wp\/v2\/types\/product"}],"wp:featuredmedia":[{"embeddable":true,"href":"https:\/\/ksiegarnia-akademicka.pl\/index.php\/wp-json\/wp\/v2\/media\/21700"}],"wp:attachment":[{"href":"https:\/\/ksiegarnia-akademicka.pl\/index.php\/wp-json\/wp\/v2\/media?parent=7278"}],"wp:term":[{"taxonomy":"product_brand","embeddable":true,"href":"https:\/\/ksiegarnia-akademicka.pl\/index.php\/wp-json\/wp\/v2\/product_brand?post=7278"},{"taxonomy":"product_cat","embeddable":true,"href":"https:\/\/ksiegarnia-akademicka.pl\/index.php\/wp-json\/wp\/v2\/product_cat?post=7278"},{"taxonomy":"product_tag","embeddable":true,"href":"https:\/\/ksiegarnia-akademicka.pl\/index.php\/wp-json\/wp\/v2\/product_tag?post=7278"}],"curies":[{"name":"wp","href":"https:\/\/api.w.org\/{rel}","templated":true}]}}