{"id":727,"date":"2018-05-22T12:42:01","date_gmt":"2018-05-22T10:42:01","guid":{"rendered":"http:\/\/ksiegarnia-akademicka.pl\/index.php\/product\/podstawy-metodologiczne-prac-doktorskich-w-naukach-ekonomicznych\/"},"modified":"2018-07-13T14:58:44","modified_gmt":"2018-07-13T12:58:44","slug":"podstawy-metodologiczne-prac-doktorskich-w-naukach-ekonomicznych","status":"publish","type":"product","link":"https:\/\/ksiegarnia-akademicka.pl\/index.php\/product\/podstawy-metodologiczne-prac-doktorskich-w-naukach-ekonomicznych\/","title":{"rendered":"Podstawy metodologiczne prac doktorskich w naukach ekonomicznych"},"content":{"rendered":"<p>S\u0142awi\u0144ska Maria, Witczak Hubert PWE 2012 wyd.2 <\/br><\/br><\/p>\n<p>Rozw&oacute;j studi&oacute;w doktoranckich (okre\u015blanych obecnie jako studia trzeciego<br \/>\nstopnia) sprawia, \u017ce coraz wa\u017cniejsza jest wiedza o wymaganiach, jakie<br \/>\nmusi spe\u0142nia\u0107 rozprawa doktorska. Autorzy w ksi\u0105\u017cce przedstawili wi\u0119c: <br \/> ekonomi\u0119 i zarz\u0105dzanie jako dyscypliny naukowe, <br \/> &bull;formu\u0142owanie problem&oacute;w i twierdze\u0144 naukowych, <br \/> &bull;metody rozwi\u0105zywania problem&oacute;w naukowych, <br \/> &bull;istot\u0119 rozprawy doktorskiej w naukach ekonomicznych, <br \/> &bull;metodyk\u0119 pisania prac doktorskich, <br \/> &bull;kryteria oceny prac doktorskich. <\/p>\n<p> Ksi\u0105\u017cka jest przeznaczona dla doktorant&oacute;w uczelni i wydzia\u0142&oacute;w ekonomicznych, a tak\u017ce promotor&oacute;w rozpraw doktorskich.<\/p>\n<p>&nbsp;<\/p>\n<p><strong>Spis tre\u015bci <\/p>\n<p>Wprowadzenie <br \/><\/strong><br \/><strong>Rozdzia\u0142 1 <br \/>Ekonomia i&nbsp;nauki o&nbsp;zarz\u0105dzaniu jako dyscypliny naukowe <br \/><\/strong>1.1. Nauki spo\u0142eczne w&nbsp;systemie nauk <br \/>1.1.1. Paradygmat mechanistyczno-deterministyczny <br \/>1.1.2. Paradygmat systemowy <br \/>1.1.3. To\u017csamo\u015b\u0107 nauk spo\u0142ecznych na przyk\u0142adzie nauk o&nbsp;zarz\u0105dzaniu <br \/>1.1.4. Nauki spo\u0142eczne a nauki przyrodnicze <br \/>1.1.5. Odpowiedzialno\u015b\u0107 badacza w&nbsp;naukach spo\u0142ecznych <br \/>1.2. Ekonomia jako nauka <br \/>1.2.1. Pocz\u0105tki ekonomii jako nauki <br \/>1.2.2. Jak rozumie\u0107 ekonomi\u0119 i&nbsp;jak wsp&oacute;\u0142cze\u015bnie si\u0119 ni\u0105 zajmowa\u0107 <br \/>1.3. Status nauk o&nbsp;zarz\u0105dzaniu <br \/>1.3.1. Geneza nauk o&nbsp;zarz\u0105dzaniu <br \/>1.3.2. Cele i&nbsp;struktura nauk o&nbsp;zarz\u0105dzaniu <br \/>1.3.3. Stanowiska badawcze w&nbsp;zakresie nauk o&nbsp;zarz\u0105dzaniu <br \/>1.4. Zwi\u0105zki mi\u0119dzy ekonomi\u0105 a naukami o&nbsp;zarz\u0105dzaniu <br \/>1.4.1. Ekonomia i&nbsp;nauki o&nbsp;zarz\u0105dzaniu jako przedmiot analizy <br \/>1.4.2. Cechy dywergencji obu dyscyplin naukowych <br \/>1.4.3. Cechy konwergencji obu dyscyplin naukowych <br \/>1.4.4. Przysz\u0142e zwi\u0105zki mi\u0119dzy ekonomi\u0105 a zarz\u0105dzaniem <\/p>\n<p><strong>Rozdzia\u0142 2 <br \/>Problemy i&nbsp;twierdzenia naukowe <br \/><\/strong>2.1. Problemy naukowe <br \/>2.1.1. Przedmiot procesu naukowego <br \/>2.1.1.1. Podej\u015bcia do interpretacji przedmiotu <br \/>2.1.1.2. Zarz\u0105dzanie i&nbsp;gospodarowanie w&nbsp;w\u0119\u017cszym uj\u0119ciu <br \/>2.1.1.3. Trudno\u015bci w&nbsp;interpretacji przedmiotu <br \/>2.1.2. System naukowy <br \/>2.1.2.1. Istota <br \/>2.1.2.2. Struktura systemu naukowego <br \/>2.1.2.3. Podstawowy proces naukowy <br \/>2.1.3. Naukowo\u015b\u0107 problem&oacute;w <br \/>2.1.4. Formu\u0142owanie problemu <br \/>2.1.5. Struktura i&nbsp;klasyfikacja problem&oacute;w <br \/>2.2. Istota i&nbsp;formu\u0142owanie hipotez <br \/>2.2.1. Istota i&nbsp;znaczenie hipotez w&nbsp;badaniach naukowych <br \/>2.2.2. Metody wysuwania hipotez <br \/>2.3. Twierdzenia naukowe <br \/>2.3.1. Rezultat podstawowego procesu naukowego <br \/>2.3.1.1. Twierdzenia jako rezultat podstawowego procesu naukowego <br \/>2.3.1.2. Fakty jako rezultat podstawowego procesu naukowego <br \/>2.3.2. Systematyzacja twierdze\u0144 naukowych <br \/>2.3.3. Warto\u015b\u0107 naukowa twierdze\u0144 <br \/>2.4. Systemy twierdze\u0144 naukowych <br \/>2.4.1. Twierdzenia naukowe jako systemy <br \/>2.4.2. Problemy naukowe a cele i&nbsp;twierdzenia naukowe <\/p>\n<p><strong>Rozdzia\u0142 3 <br \/>Wybrane metody rozwi\u0105zywania problem&oacute;w naukowych <br \/><\/strong>3.1. Istota i&nbsp;klasyfikacja metod naukowych <br \/>3.1.1. Istota metody naukowej <br \/>3.1.2. Klasyfikacja metod naukowych <br \/>3.1.3. Wyb&oacute;r metody naukowej <br \/>3.2. Metody jako\u015bciowe w&nbsp;badaniach naukowych <br \/>3.2.1. Metody wnioskowania logicznego <br \/>3.2.2. Wywiady jako metoda bada\u0144 jako\u015bciowych <br \/>3.2.3. Metody komparatywne <br \/>3.2.4. Metody my\u015blenia kreatywnego <br \/>3.2.5. Metody badania jako\u015bci us\u0142ug <br \/>3.2.6. Metody obserwacyjne <br \/>3.2.7. Metody eksperymentalne <br \/>3.3. Metody statystyczne w&nbsp;badaniach naukowych <br \/>3.3.1. Pierwotne i&nbsp;wt&oacute;rne \u017ar&oacute;d\u0142a danych statystycznych <br \/>3.3.2. Problemy jako\u015bci bada\u0144 i&nbsp;danych statystycznych <br \/>3.3.3. Populacja generalna, pr&oacute;ba, operat losowania <br \/>3.3.4. Niezb\u0119dna wielko\u015b\u0107 pr&oacute;by <br \/>3.3.5. Osi\u0105gni\u0119cia w&nbsp;badaniach sonda\u017cowych <br \/>3.3.6. G\u0142&oacute;wne b\u0142\u0119dy w&nbsp;badaniach statystycznych <br \/>3.4. Studium przypadku jako metoda badawcza <br \/>3.4.1. Istota i&nbsp;znaczenie studium przypadku <br \/>3.4.2. Potencjalne wykorzystanie studium przypadku <br \/>3.4.3. Niebezpiecze\u0144stwo zg\u0142aszania ekspertyzy jako pracy naukowej <\/p>\n<p><strong>Rozdzia\u0142 4 <br \/>Rozprawa doktorska w&nbsp;naukach ekonomicznych <br \/><\/strong>4.1. Stopie\u0144 naukowy doktora i&nbsp;rozprawa doktorska w&nbsp;\u015bwietle przepis&oacute;w prawnych <br \/>4.2. Naukowy charakter pracy doktorskiej i&nbsp;jej samodzielno\u015b\u0107 <br \/>4.3. Wykorzystanie dorobku teoretycznego dyscypliny naukowej w&nbsp;rozprawie doktorskiej <br \/>4.4. Praca doktorska jako rozwi\u0105zanie problemu naukowego <\/p>\n<p><strong>Rozdzia\u0142 5 <br \/>Metodyka pisania prac doktorskich<\/strong> <br \/>5.1. Cykl dzia\u0142ania zorganizowanego przy pisaniu prac doktorskich <br \/>5.1.1. Faza okre\u015blania (diagnozy) <br \/>5.1.2. Faza poszukiwa\u0144 <br \/>5.1.3. Faza decyzji (realizacji) <br \/>5.2. Typy prac naukowych <br \/>5.2.1. Rodzaje publikacji ze wzgl\u0119du na ich warto\u015b\u0107 naukow\u0105 <br \/>5.2.2. Prace zespo\u0142owe, prace dydaktyczne, komentarze <br \/>5.3. Materia\u0142y empiryczne na potrzeby rozprawy doktorskiej <br \/>5.3.1. Materia\u0142y pierwotne <br \/>5.3.2. Materia\u0142y wt&oacute;rne <br \/>5.3.3. Opracowanie wynik&oacute;w bada\u0144 <br \/>5.3.3.1. Wy\u0142\u0105czanie i&nbsp;w\u0142\u0105czanie cech <br \/>5.3.3.2. Indukcja i&nbsp;dedukcja <br \/>5.3.3.3. Analogia <br \/>5.3.3.4. Ilo\u015bciowe i&nbsp;jako\u015bciowe ujmowanie problem&oacute;w <br \/>5.3.3.5. Systematyzowanie i&nbsp;opracowywanie wynik&oacute;w bada\u0144 na potrzeby pracy doktorskiej <br \/>5.3.3.6. Interpretacja <br \/>5.3.3.7. Wnioskowanie <br \/>5.3.3.8. Definiowanie <br \/>5.3.3.9. Hipoteza <br \/>5.3.3.10. Modele <br \/>5.4. Technika pisania pracy doktorskiej <br \/>5.4.1. Czynno\u015bci preparacyjne <br \/>5.4.2. Uwagi o&nbsp;konstrukcji pracy doktorskiej <br \/>5.4.3. Prace bibliograficzne <br \/>5.4.4. Materia\u0142y empiryczne <br \/>5.4.5. Kolejno\u015b\u0107 pisania pracy doktorskiej <br \/>5.4.6. Struktura wywod&oacute;w <br \/>5.4.7. Przypisy <br \/>5.4.8. Skr&oacute;ty <br \/>5.4.9. Opracowanie tabel, materia\u0142&oacute;w ilustracyjnych, aneksu <br \/>5.4.10. Wykresy, schematy, rysunki, fotografie <br \/>5.4.11. Wymagania og&oacute;lne rozprawy doktorskiej i&nbsp;formalna strona pracy <br \/>5.4.12. Seminaria i&nbsp;konsultacje <br \/>5.5. Struktura autoreferatu rozprawy doktorskiej <\/p>\n<p><strong>Rozdzia\u0142 6 <br \/>Ocena prac doktorskich <br \/><\/strong>6.1. Charakterystyka systemu oceny prac doktorskich <br \/>6.2. Kryteria oceny prac doktorskich <br \/>6.3. Ocena pracy doktorskiej przez&nbsp;recenzent&oacute;w <\/p>\n<p><strong>Bibliografia <br \/><\/strong><\/p>\n<p><\/br><\/br>pozycja dost\u0119pna<\/p>\n","protected":false},"excerpt":{"rendered":"<p>S\u0142awi\u0144ska Maria, Witczak Hubert PWE 2012 wyd.2 Rozw&oacute;j studi&oacute;w doktoranckich [&hellip;]<\/p>\n","protected":false},"featured_media":7895,"template":"","meta":[],"product_brand":[],"product_cat":[28],"product_tag":[1889,1892,1890,1891],"class_list":{"0":"post-727","1":"product","2":"type-product","3":"status-publish","4":"has-post-thumbnail","6":"product_cat-pedagogika","7":"product_tag-metodologia-prac-naukowych","8":"product_tag-metody-obserwacyjne","9":"product_tag-prace-doktorskie","10":"product_tag-system-naukowy","12":"first","13":"instock","14":"sale","15":"shipping-taxable","16":"purchasable","17":"product-type-simple"},"_links":{"self":[{"href":"https:\/\/ksiegarnia-akademicka.pl\/index.php\/wp-json\/wp\/v2\/product\/727","targetHints":{"allow":["GET"]}}],"collection":[{"href":"https:\/\/ksiegarnia-akademicka.pl\/index.php\/wp-json\/wp\/v2\/product"}],"about":[{"href":"https:\/\/ksiegarnia-akademicka.pl\/index.php\/wp-json\/wp\/v2\/types\/product"}],"wp:featuredmedia":[{"embeddable":true,"href":"https:\/\/ksiegarnia-akademicka.pl\/index.php\/wp-json\/wp\/v2\/media\/7895"}],"wp:attachment":[{"href":"https:\/\/ksiegarnia-akademicka.pl\/index.php\/wp-json\/wp\/v2\/media?parent=727"}],"wp:term":[{"taxonomy":"product_brand","embeddable":true,"href":"https:\/\/ksiegarnia-akademicka.pl\/index.php\/wp-json\/wp\/v2\/product_brand?post=727"},{"taxonomy":"product_cat","embeddable":true,"href":"https:\/\/ksiegarnia-akademicka.pl\/index.php\/wp-json\/wp\/v2\/product_cat?post=727"},{"taxonomy":"product_tag","embeddable":true,"href":"https:\/\/ksiegarnia-akademicka.pl\/index.php\/wp-json\/wp\/v2\/product_tag?post=727"}],"curies":[{"name":"wp","href":"https:\/\/api.w.org\/{rel}","templated":true}]}}