{"id":7255,"date":"2018-05-22T12:58:53","date_gmt":"2018-05-22T10:58:53","guid":{"rendered":"http:\/\/ksiegarnia-akademicka.pl\/index.php\/product\/oddychanie-czynnosci-nerek-rownowaga-kwasowo-zasadowa-plyny-ustrojowe-fizjologia-czlowieka-tom-3\/"},"modified":"2018-05-22T12:58:53","modified_gmt":"2018-05-22T10:58:53","slug":"oddychanie-czynnosci-nerek-rownowaga-kwasowo-zasadowa-plyny-ustrojowe-fizjologia-czlowieka-tom-3","status":"publish","type":"product","link":"https:\/\/ksiegarnia-akademicka.pl\/index.php\/product\/oddychanie-czynnosci-nerek-rownowaga-kwasowo-zasadowa-plyny-ustrojowe-fizjologia-czlowieka-tom-3\/","title":{"rendered":"Oddychanie, czynno\u015bci nerek, r\u00f3wnowaga kwasowo-zasadowa, p\u0142yny ustrojowe Fizjologia cz\u0142owieka Tom 3"},"content":{"rendered":"","protected":false},"excerpt":{"rendered":"","protected":false},"featured_media":0,"template":"","meta":[],"product_brand":[],"product_cat":[16],"product_tag":[4819,269],"class_list":{"0":"post-7255","1":"product","2":"type-product","3":"status-publish","5":"product_cat-ksiegarnia-akademicka-radom","6":"product_tag-fizjologia-czlowieka","7":"product_tag-podrecznik-akademicki","9":"first","10":"instock","11":"shipping-taxable","12":"purchasable","13":"product-type-simple"},"_links":{"self":[{"href":"https:\/\/ksiegarnia-akademicka.pl\/index.php\/wp-json\/wp\/v2\/product\/7255","targetHints":{"allow":["GET"]}}],"collection":[{"href":"https:\/\/ksiegarnia-akademicka.pl\/index.php\/wp-json\/wp\/v2\/product"}],"about":[{"href":"https:\/\/ksiegarnia-akademicka.pl\/index.php\/wp-json\/wp\/v2\/types\/product"}],"wp:attachment":[{"href":"https:\/\/ksiegarnia-akademicka.pl\/index.php\/wp-json\/wp\/v2\/media?parent=7255"}],"wp:term":[{"taxonomy":"product_brand","embeddable":true,"href":"https:\/\/ksiegarnia-akademicka.pl\/index.php\/wp-json\/wp\/v2\/product_brand?post=7255"},{"taxonomy":"product_cat","embeddable":true,"href":"https:\/\/ksiegarnia-akademicka.pl\/index.php\/wp-json\/wp\/v2\/product_cat?post=7255"},{"taxonomy":"product_tag","embeddable":true,"href":"https:\/\/ksiegarnia-akademicka.pl\/index.php\/wp-json\/wp\/v2\/product_tag?post=7255"}],"curies":[{"name":"wp","href":"https:\/\/api.w.org\/{rel}","templated":true}]}}