{"id":7253,"date":"2018-05-22T12:58:52","date_gmt":"2018-05-22T10:58:52","guid":{"rendered":"http:\/\/ksiegarnia-akademicka.pl\/index.php\/product\/fizjologia-ogolna-krew-i-miesnie-fizjologia-czlowieka-tom-1\/"},"modified":"2018-05-22T12:58:52","modified_gmt":"2018-05-22T10:58:52","slug":"fizjologia-ogolna-krew-i-miesnie-fizjologia-czlowieka-tom-1","status":"publish","type":"product","link":"https:\/\/ksiegarnia-akademicka.pl\/index.php\/product\/fizjologia-ogolna-krew-i-miesnie-fizjologia-czlowieka-tom-1\/","title":{"rendered":"Fizjologia og\u00f3lna, krew i mi\u0119\u015bnie Fizjologia cz\u0142owieka Tom 1"},"content":{"rendered":"","protected":false},"excerpt":{"rendered":"","protected":false},"featured_media":0,"template":"","meta":[],"product_brand":[],"product_cat":[16],"product_tag":[4819,7463,269],"class_list":{"0":"post-7253","1":"product","2":"type-product","3":"status-publish","5":"product_cat-ksiegarnia-akademicka-radom","6":"product_tag-fizjologia-czlowieka","7":"product_tag-fizjologia-ogolna","8":"product_tag-podrecznik-akademicki","10":"first","11":"instock","12":"shipping-taxable","13":"purchasable","14":"product-type-simple"},"_links":{"self":[{"href":"https:\/\/ksiegarnia-akademicka.pl\/index.php\/wp-json\/wp\/v2\/product\/7253","targetHints":{"allow":["GET"]}}],"collection":[{"href":"https:\/\/ksiegarnia-akademicka.pl\/index.php\/wp-json\/wp\/v2\/product"}],"about":[{"href":"https:\/\/ksiegarnia-akademicka.pl\/index.php\/wp-json\/wp\/v2\/types\/product"}],"wp:attachment":[{"href":"https:\/\/ksiegarnia-akademicka.pl\/index.php\/wp-json\/wp\/v2\/media?parent=7253"}],"wp:term":[{"taxonomy":"product_brand","embeddable":true,"href":"https:\/\/ksiegarnia-akademicka.pl\/index.php\/wp-json\/wp\/v2\/product_brand?post=7253"},{"taxonomy":"product_cat","embeddable":true,"href":"https:\/\/ksiegarnia-akademicka.pl\/index.php\/wp-json\/wp\/v2\/product_cat?post=7253"},{"taxonomy":"product_tag","embeddable":true,"href":"https:\/\/ksiegarnia-akademicka.pl\/index.php\/wp-json\/wp\/v2\/product_tag?post=7253"}],"curies":[{"name":"wp","href":"https:\/\/api.w.org\/{rel}","templated":true}]}}