{"id":7208,"date":"2018-05-22T12:58:43","date_gmt":"2018-05-22T10:58:43","guid":{"rendered":"http:\/\/ksiegarnia-akademicka.pl\/index.php\/product\/uniwersytet-dzieciecy-semestr-drugi\/"},"modified":"2018-12-07T09:31:51","modified_gmt":"2018-12-07T08:31:51","slug":"uniwersytet-dzieciecy-semestr-drugi","status":"publish","type":"product","link":"https:\/\/ksiegarnia-akademicka.pl\/index.php\/product\/uniwersytet-dzieciecy-semestr-drugi\/","title":{"rendered":"Uniwersytet Dzieci\u0119cy Semestr drugi"},"content":{"rendered":"<p>Autor:<br \/>\nUlla Steuernagel<br \/>\nUlrich Janssen<br \/>\nT\u0142umacze: K\u0119dzierski Robert<br \/>\nWydawca: Dwie Siostry<br \/>\nOprawa: Twarda<br \/>\nFormat: 16.0&#215;24.0cm<br \/>\nLiczba stron: 224<br \/>\nRok wydania: 2015<\/p>\n<p>Dlaczego doros\u0142ym wolno wi\u0119cej ni\u017c dzieciom?<br \/>\nDlaczego \u015bnimy?<br \/>\nDlaczego greckie rze\u017aby s\u0105 nagie?<br \/>\nDlaczego ja to \u201eja\u201d?<br \/>\nDlaczego gwiazdy nie spadaj\u0105 z nieba?<\/p>\n<p>\u201eUniwersytet Dzieci\u0119cy\u201d powraca! W drugim semestrze dzieci zn\u00f3w zasypa\u0142y profesor\u00f3w trudnymi pytaniami. Ale profesorowie nie dali si\u0119 zagi\u0105\u0107. Ich m\u0105dre odpowiedzi znajdziecie w tej ksi\u0105\u017cce.<\/p>\n<p>Uniwersytety dzieci\u0119ce to cykle wyk\u0142ad\u00f3w dla dzieci prowadzone przez prawdziwych uniwersyteckich profesor\u00f3w. Pierwszy z nich zorganizowano w Tybindze w Niemczech. Dzi\u015b s\u0105 one popularne na ca\u0142ym \u015bwiecie \u2013 tak\u017ce w Polsce.<\/p>\n<p>W\u0142a\u015bnie w Tybindze, w najstarszym uniwersytecie dzieci\u0119cym, dwoje dziennikarzy przez lata zbiera\u0142o pytania dzieci i odpowiedzi naukowc\u00f3w. Tak powsta\u0142y ksi\u0105\u017cki z serii \u201eUniwersytet Dzieci\u0119cy\u201d.<\/p>\n<p>Projekt uniwersytet\u00f3w dzieci\u0119cych (Die Kinder-Uni) otrzyma\u0142 od Komisji Europejskiej nagrod\u0119 Descartes Prize for Science Communication za wybitne zas\u0142ugi w krzewieniu wiedzy.<\/p>\n","protected":false},"excerpt":{"rendered":"<p>Autor: Ulla Steuernagel Ulrich Janssen T\u0142umacze: K\u0119dzierski Robert Wydawca: Dwie [&hellip;]<\/p>\n","protected":false},"featured_media":9213,"template":"","meta":[],"product_brand":[],"product_cat":[28],"product_tag":[51,4451,7391],"class_list":{"0":"post-7208","1":"product","2":"type-product","3":"status-publish","4":"has-post-thumbnail","6":"product_cat-pedagogika","7":"product_tag-pedagogika","8":"product_tag-wychowanie","9":"product_tag-wydawnictwo-popularnonaukowe","11":"first","12":"instock","13":"sale","14":"shipping-taxable","15":"purchasable","16":"product-type-simple"},"_links":{"self":[{"href":"https:\/\/ksiegarnia-akademicka.pl\/index.php\/wp-json\/wp\/v2\/product\/7208","targetHints":{"allow":["GET"]}}],"collection":[{"href":"https:\/\/ksiegarnia-akademicka.pl\/index.php\/wp-json\/wp\/v2\/product"}],"about":[{"href":"https:\/\/ksiegarnia-akademicka.pl\/index.php\/wp-json\/wp\/v2\/types\/product"}],"wp:featuredmedia":[{"embeddable":true,"href":"https:\/\/ksiegarnia-akademicka.pl\/index.php\/wp-json\/wp\/v2\/media\/9213"}],"wp:attachment":[{"href":"https:\/\/ksiegarnia-akademicka.pl\/index.php\/wp-json\/wp\/v2\/media?parent=7208"}],"wp:term":[{"taxonomy":"product_brand","embeddable":true,"href":"https:\/\/ksiegarnia-akademicka.pl\/index.php\/wp-json\/wp\/v2\/product_brand?post=7208"},{"taxonomy":"product_cat","embeddable":true,"href":"https:\/\/ksiegarnia-akademicka.pl\/index.php\/wp-json\/wp\/v2\/product_cat?post=7208"},{"taxonomy":"product_tag","embeddable":true,"href":"https:\/\/ksiegarnia-akademicka.pl\/index.php\/wp-json\/wp\/v2\/product_tag?post=7208"}],"curies":[{"name":"wp","href":"https:\/\/api.w.org\/{rel}","templated":true}]}}