{"id":7207,"date":"2018-05-22T12:58:43","date_gmt":"2018-05-22T10:58:43","guid":{"rendered":"http:\/\/ksiegarnia-akademicka.pl\/index.php\/product\/elementy-pedagogiki-specjalnej\/"},"modified":"2021-03-29T10:27:00","modified_gmt":"2021-03-29T08:27:00","slug":"elementy-pedagogiki-specjalnej","status":"publish","type":"product","link":"https:\/\/ksiegarnia-akademicka.pl\/index.php\/product\/elementy-pedagogiki-specjalnej\/","title":{"rendered":"Elementy pedagogiki specjalnej"},"content":{"rendered":"<p>Autor:<br \/>\nRenata Szczepaniak<br \/>\nWydawca: Wydawnictwo Akademii Humanistyczno-Ekonomicznej w \u0141odzi<br \/>\nOprawa: Mi\u0119kka<br \/>\nFormat: 15.0&#215;20.0cm<br \/>\nLiczba stron: 244<br \/>\nRok wydania: 2015<\/p>\n<p>Ukazanie przez autork\u0119 w spos\u00f3b wieloaspektowy problematyki pedagogiki specjalnej z uwzgl\u0119dnieniem jej tradycyjnych kanon\u00f3w w po\u0142\u0105czeniu z aktualnie zarysowuj\u0105cymi si\u0119 trendami umo\u017cliwia czytelnikom usystematyzowanie wiedzy dotycz\u0105cej m. In. :<br \/>\n&#8211; znaczenia tradycji w procesie opracowania procedur rehabilitacyjnych&#8230;<\/p>\n","protected":false},"excerpt":{"rendered":"<p>Autor: Renata Szczepaniak Wydawca: Wydawnictwo Akademii Humanistyczno-Ekonomicznej w \u0141odzi Oprawa: [&hellip;]<\/p>\n","protected":false},"featured_media":9162,"template":"","meta":[],"product_brand":[],"product_cat":[28],"product_tag":[51,1706,7453],"class_list":{"0":"post-7207","1":"product","2":"type-product","3":"status-publish","4":"has-post-thumbnail","6":"product_cat-pedagogika","7":"product_tag-pedagogika","8":"product_tag-pedagogika-specjalna","9":"product_tag-pedagogika-specjalna-szczegolowa","11":"first","12":"instock","13":"sale","14":"shipping-taxable","15":"purchasable","16":"product-type-simple"},"_links":{"self":[{"href":"https:\/\/ksiegarnia-akademicka.pl\/index.php\/wp-json\/wp\/v2\/product\/7207","targetHints":{"allow":["GET"]}}],"collection":[{"href":"https:\/\/ksiegarnia-akademicka.pl\/index.php\/wp-json\/wp\/v2\/product"}],"about":[{"href":"https:\/\/ksiegarnia-akademicka.pl\/index.php\/wp-json\/wp\/v2\/types\/product"}],"wp:featuredmedia":[{"embeddable":true,"href":"https:\/\/ksiegarnia-akademicka.pl\/index.php\/wp-json\/wp\/v2\/media\/9162"}],"wp:attachment":[{"href":"https:\/\/ksiegarnia-akademicka.pl\/index.php\/wp-json\/wp\/v2\/media?parent=7207"}],"wp:term":[{"taxonomy":"product_brand","embeddable":true,"href":"https:\/\/ksiegarnia-akademicka.pl\/index.php\/wp-json\/wp\/v2\/product_brand?post=7207"},{"taxonomy":"product_cat","embeddable":true,"href":"https:\/\/ksiegarnia-akademicka.pl\/index.php\/wp-json\/wp\/v2\/product_cat?post=7207"},{"taxonomy":"product_tag","embeddable":true,"href":"https:\/\/ksiegarnia-akademicka.pl\/index.php\/wp-json\/wp\/v2\/product_tag?post=7207"}],"curies":[{"name":"wp","href":"https:\/\/api.w.org\/{rel}","templated":true}]}}