{"id":7185,"date":"2018-05-22T12:58:39","date_gmt":"2018-05-22T10:58:39","guid":{"rendered":"http:\/\/ksiegarnia-akademicka.pl\/index.php\/product\/infrastruktura-transportu-samochodowego\/"},"modified":"2024-03-25T10:40:38","modified_gmt":"2024-03-25T09:40:38","slug":"infrastruktura-transportu-samochodowego","status":"publish","type":"product","link":"https:\/\/ksiegarnia-akademicka.pl\/index.php\/product\/infrastruktura-transportu-samochodowego\/","title":{"rendered":"Infrastruktura transportu samochodowego"},"content":{"rendered":"<p>K. Towpik<br \/>\nA. Go\u0142aszewski<br \/>\nJ. Kukulski<br \/>\nWydawnictwo: OWPW<br \/>\nSkrypt opracowano zgodnie z programem wyk\u0142ad\u00f3w prowadzonych na wydziale transportu Politechniki Warszawskiej z przedmiotu kierunkowego &#8222;Infrastruktura transportu&#8221; (w cz\u0119\u015bci dotycz\u0105cej transportu samochodowego i miejskiego oraz z przedmiotu specjalizuj\u0105cego &#8222;Infrastruktura transportu drogowego&#8221;). W skrypcie scharakteryzowano transport samochodowy i miejski oraz jego oddzia\u0142ywanie na \u015brodowisko. Om\u00f3wiono liniow\u0105 infrastruktur\u0119 dr\u00f3g samochodowych w zakresie projektowania uk\u0142adu i profilu drogi oraz jej odwodnienia, konstrukcji i utrzymania nawierzchni drogowych. Opisano r\u00f3wnie\u017c infrastruktur\u0119 punktow\u0105 zwi\u0105zan\u0105 z drogami i ulicami.<br \/>\nWydanie: 2 popr., 2013<br \/>\nStron: 174 + wk\u0142a<br \/>\nISBN: 978-83-7814-084-9<\/p>\n","protected":false},"excerpt":{"rendered":"<p>K. Towpik A. Go\u0142aszewski J. Kukulski Wydawnictwo: OWPW Skrypt opracowano [&hellip;]<\/p>\n","protected":false},"featured_media":8940,"template":"","meta":[],"product_brand":[],"product_cat":[41],"product_tag":[511,7434,7446],"class_list":{"0":"post-7185","1":"product","2":"type-product","3":"status-publish","4":"has-post-thumbnail","6":"product_cat-nauki-techniczne","7":"product_tag-infrastruktura-transportu","8":"product_tag-skrypty-pw","9":"product_tag-transport-samochodowy","11":"first","12":"outofstock","13":"sale","14":"shipping-taxable","15":"purchasable","16":"product-type-simple"},"_links":{"self":[{"href":"https:\/\/ksiegarnia-akademicka.pl\/index.php\/wp-json\/wp\/v2\/product\/7185","targetHints":{"allow":["GET"]}}],"collection":[{"href":"https:\/\/ksiegarnia-akademicka.pl\/index.php\/wp-json\/wp\/v2\/product"}],"about":[{"href":"https:\/\/ksiegarnia-akademicka.pl\/index.php\/wp-json\/wp\/v2\/types\/product"}],"wp:featuredmedia":[{"embeddable":true,"href":"https:\/\/ksiegarnia-akademicka.pl\/index.php\/wp-json\/wp\/v2\/media\/8940"}],"wp:attachment":[{"href":"https:\/\/ksiegarnia-akademicka.pl\/index.php\/wp-json\/wp\/v2\/media?parent=7185"}],"wp:term":[{"taxonomy":"product_brand","embeddable":true,"href":"https:\/\/ksiegarnia-akademicka.pl\/index.php\/wp-json\/wp\/v2\/product_brand?post=7185"},{"taxonomy":"product_cat","embeddable":true,"href":"https:\/\/ksiegarnia-akademicka.pl\/index.php\/wp-json\/wp\/v2\/product_cat?post=7185"},{"taxonomy":"product_tag","embeddable":true,"href":"https:\/\/ksiegarnia-akademicka.pl\/index.php\/wp-json\/wp\/v2\/product_tag?post=7185"}],"curies":[{"name":"wp","href":"https:\/\/api.w.org\/{rel}","templated":true}]}}