{"id":7178,"date":"2018-05-22T12:58:37","date_gmt":"2018-05-22T10:58:37","guid":{"rendered":"http:\/\/ksiegarnia-akademicka.pl\/index.php\/product\/przedwojenne-koleje-najpiekniejsze-fotografie\/"},"modified":"2021-03-09T13:33:44","modified_gmt":"2021-03-09T12:33:44","slug":"przedwojenne-koleje-najpiekniejsze-fotografie","status":"publish","type":"product","link":"https:\/\/ksiegarnia-akademicka.pl\/index.php\/product\/przedwojenne-koleje-najpiekniejsze-fotografie\/","title":{"rendered":"Przedwojenne koleje Najpi\u0119kniejsze fotografie"},"content":{"rendered":"<p>Nale\u017cy do serii:<br \/>\nNajpi\u0119kniejsze fotografie<br \/>\nAutor:<br \/>\n\u0141ucjan A. Madziar<br \/>\nWydawca: RM<br \/>\nOprawa: Twarda<br \/>\nFormat: 21.5&#215;27.0cm<br \/>\nLiczba stron: 104<br \/>\nWydanie: 1<br \/>\nRok wydania: 2013<br \/>\nJ\u0119zyk wydania: polski<\/p>\n<p>Parow\u00f3z to prze\u0142omowy wynalazek XIX w. Dzi\u0119ki niemu wygodne podr\u00f3\u017cowanie przesta\u0142o by\u0107 przywilejem najbogatszych i sta\u0142o si\u0119 dost\u0119pne dla wszystkich. W niespe\u0142na p\u00f3\u0142 wieku sie\u0107 dr\u00f3g \u017celaznych oplot\u0142a niemal wszystkie kontynenty. \u015awiat wyra\u017anie si\u0119 zmniejszy\u0142 \u2013 podr\u00f3\u017c l\u0105dem z Pary\u017ca do Petersburga skr\u00f3ci\u0142a si\u0119 z 20 dni w 1800 r. do oko\u0142o 30 godzin w 1900 roku.<br \/>\nKolej jednak to nie tylko poci\u0105gi mkn\u0105ce po szynach, lecz tak\u017ce in\u017cynierowie, konstruktorzy parowoz\u00f3w, budowniczowie wiadukt\u00f3w oraz konduktorzy i maszyni\u015bci. To r\u00f3wnie\u017c pasa\u017cerowie t\u0142umnie zape\u0142niaj\u0105cy perony i przedzia\u0142y wagon\u00f3w wszystkich klas.<br \/>\nTrudno ju\u017c zobaczy\u0107 na w\u0142asne oczy buchaj\u0105c\u0105 par\u0105 lokomotyw\u0119 i umorusanego palacza wygl\u0105daj\u0105cego przez okno parowozu. Wiele pi\u0119knych dworc\u00f3w zburzono, wiele tor\u00f3w zaros\u0142o traw\u0105. Ten \u015bwiat istnieje ju\u017c tylko we wspomnieniach podr\u00f3\u017cnych i na zdj\u0119ciach w naszym albumie.<br \/>\nA zatem prosz\u0119 wsiada\u0107, drzwi zamyka\u0107!<\/p>\n","protected":false},"excerpt":{"rendered":"<p>Nale\u017cy do serii: Najpi\u0119kniejsze fotografie Autor: \u0141ucjan A. Madziar Wydawca: [&hellip;]<\/p>\n","protected":false},"featured_media":13995,"template":"","meta":[],"product_brand":[],"product_cat":[38,41,7923],"product_tag":[5109,67,7444,5430],"class_list":{"0":"post-7178","1":"product","2":"type-product","3":"status-publish","4":"has-post-thumbnail","6":"product_cat-historia","7":"product_cat-nauki-techniczne","8":"product_cat-transport-kolejowy","9":"product_tag-albumy","10":"product_tag-historia-polski","11":"product_tag-koleje-polskie","12":"product_tag-kolejnictwo","14":"first","15":"instock","16":"sale","17":"shipping-taxable","18":"purchasable","19":"product-type-simple"},"_links":{"self":[{"href":"https:\/\/ksiegarnia-akademicka.pl\/index.php\/wp-json\/wp\/v2\/product\/7178","targetHints":{"allow":["GET"]}}],"collection":[{"href":"https:\/\/ksiegarnia-akademicka.pl\/index.php\/wp-json\/wp\/v2\/product"}],"about":[{"href":"https:\/\/ksiegarnia-akademicka.pl\/index.php\/wp-json\/wp\/v2\/types\/product"}],"wp:featuredmedia":[{"embeddable":true,"href":"https:\/\/ksiegarnia-akademicka.pl\/index.php\/wp-json\/wp\/v2\/media\/13995"}],"wp:attachment":[{"href":"https:\/\/ksiegarnia-akademicka.pl\/index.php\/wp-json\/wp\/v2\/media?parent=7178"}],"wp:term":[{"taxonomy":"product_brand","embeddable":true,"href":"https:\/\/ksiegarnia-akademicka.pl\/index.php\/wp-json\/wp\/v2\/product_brand?post=7178"},{"taxonomy":"product_cat","embeddable":true,"href":"https:\/\/ksiegarnia-akademicka.pl\/index.php\/wp-json\/wp\/v2\/product_cat?post=7178"},{"taxonomy":"product_tag","embeddable":true,"href":"https:\/\/ksiegarnia-akademicka.pl\/index.php\/wp-json\/wp\/v2\/product_tag?post=7178"}],"curies":[{"name":"wp","href":"https:\/\/api.w.org\/{rel}","templated":true}]}}