{"id":7166,"date":"2018-05-22T12:58:35","date_gmt":"2018-05-22T10:58:35","guid":{"rendered":"http:\/\/ksiegarnia-akademicka.pl\/index.php\/product\/podstawy-sterowania-ruchem-kolejowym-funkcje-wymagania-zarys-techniki\/"},"modified":"2026-01-30T14:10:57","modified_gmt":"2026-01-30T13:10:57","slug":"podstawy-sterowania-ruchem-kolejowym-funkcje-wymagania-zarys-techniki","status":"publish","type":"product","link":"https:\/\/ksiegarnia-akademicka.pl\/index.php\/product\/podstawy-sterowania-ruchem-kolejowym-funkcje-wymagania-zarys-techniki\/","title":{"rendered":"Podstawy sterowania ruchem kolejowym. Funkcje, wymagania, zarys techniki"},"content":{"rendered":"<p>M. D\u0105browa-Bajon<br \/>\nWydawnictwo: OWPW<\/p>\n<p>Skrypt przeznaczony jest dla student\u00f3w kierunku Transport zajmuj\u0105cych si\u0119 sterowaniem transportu kolejowego. Zawiera uog\u00f3lnione opisy filozofii, funkcji i wymaga\u0144 stawianych urz\u0105dzeniom i systemom srk oraz zarys techniki w obszarach urz\u0105dze\u0144 stacyjnych i liniowych dla linii znaczenia og\u00f3lnego i metra. Uwzgl\u0119dniono urz\u0105dzenia stosowane wsp\u00f3\u0142cze\u015bnie oraz kierunki ich rozwoju na tle nowoczesnych potrzeb funkcjonalnych (tworzenie zintegrowanego transportu og\u00f3lnoeuropejskiego) i mo\u017cliwo\u015bci technicznych ( teleinformatyka). W skrypcie wspomniano o urz\u0105dzeniach starszych typ\u00f3w, poniewa\u017c z uwagi na stan kolejnictwa polskiego s\u0105 one stosowane na wielu obiektach stacyjnych i liniowych.<br \/>\nWydanie: 3 popr., 2014<br \/>\nStron: 392<br \/>\nISBN: 978-83-7814-320-8<\/p>\n","protected":false},"excerpt":{"rendered":"<p>M. D\u0105browa-Bajon Wydawnictwo: OWPW Skrypt przeznaczony jest dla student\u00f3w kierunku [&hellip;]<\/p>\n","protected":false},"featured_media":8731,"template":"","meta":[],"product_brand":[],"product_cat":[41],"product_tag":[5430,7434,151],"class_list":{"0":"post-7166","1":"product","2":"type-product","3":"status-publish","4":"has-post-thumbnail","6":"product_cat-nauki-techniczne","7":"product_tag-kolejnictwo","8":"product_tag-skrypty-pw","9":"product_tag-sterowanie-ruchem-kolejowym","11":"first","12":"outofstock","13":"shipping-taxable","14":"purchasable","15":"product-type-simple"},"_links":{"self":[{"href":"https:\/\/ksiegarnia-akademicka.pl\/index.php\/wp-json\/wp\/v2\/product\/7166","targetHints":{"allow":["GET"]}}],"collection":[{"href":"https:\/\/ksiegarnia-akademicka.pl\/index.php\/wp-json\/wp\/v2\/product"}],"about":[{"href":"https:\/\/ksiegarnia-akademicka.pl\/index.php\/wp-json\/wp\/v2\/types\/product"}],"wp:featuredmedia":[{"embeddable":true,"href":"https:\/\/ksiegarnia-akademicka.pl\/index.php\/wp-json\/wp\/v2\/media\/8731"}],"wp:attachment":[{"href":"https:\/\/ksiegarnia-akademicka.pl\/index.php\/wp-json\/wp\/v2\/media?parent=7166"}],"wp:term":[{"taxonomy":"product_brand","embeddable":true,"href":"https:\/\/ksiegarnia-akademicka.pl\/index.php\/wp-json\/wp\/v2\/product_brand?post=7166"},{"taxonomy":"product_cat","embeddable":true,"href":"https:\/\/ksiegarnia-akademicka.pl\/index.php\/wp-json\/wp\/v2\/product_cat?post=7166"},{"taxonomy":"product_tag","embeddable":true,"href":"https:\/\/ksiegarnia-akademicka.pl\/index.php\/wp-json\/wp\/v2\/product_tag?post=7166"}],"curies":[{"name":"wp","href":"https:\/\/api.w.org\/{rel}","templated":true}]}}