{"id":7155,"date":"2018-05-22T12:58:33","date_gmt":"2018-05-22T10:58:33","guid":{"rendered":"http:\/\/ksiegarnia-akademicka.pl\/index.php\/product\/socjologia-transportu-w-zarysie\/"},"modified":"2021-04-27T08:57:47","modified_gmt":"2021-04-27T06:57:47","slug":"socjologia-transportu-w-zarysie","status":"publish","type":"product","link":"https:\/\/ksiegarnia-akademicka.pl\/index.php\/product\/socjologia-transportu-w-zarysie\/","title":{"rendered":"Socjologia transportu w zarysie"},"content":{"rendered":"<p>Autor: Franciszek Krzyka\u0142a<br \/>\nWydawca: Wydawnictwo Akademii Ekonomicznej w Poznaniu<br \/>\nPozna\u0144 2004<br \/>\nStron: 151<\/p>\n<p>Spis tre\u015bci:<br \/>\nS\u0142owo wst\u0119pne<\/p>\n<p>Cz\u0119\u015b\u0107 I. Za\u0142o\u017cenia teoretyczne i metodologiczne<br \/>\n1. Uzasadnienie podj\u0119cia tematyki badawczej<br \/>\n2. Socjologia transportu czy socjologia komunikacji<br \/>\n3. Istota i poj\u0119cie transportu i jego rozumienie w socjologii<br \/>\n4. Miejsce w gospodarce, podzia\u0142 i klasyfikacja socjologii transportu<br \/>\n5. Zakres zagadnie\u0144 socjologii transportu<br \/>\n6. Socjologia transportu a inne dyscypliny nauk spo\u0142ecznych<br \/>\n7. Cele, zadania i hipotezy robocze socjologii transportu<br \/>\n8. Zwi\u0105zki zale\u017cno\u015bci wyst\u0119puj\u0105ce w ruchu drogowym<br \/>\n8. l. Zwi\u0105zek przyczynowy<br \/>\n8.2. Zwi\u0105zek funkcjonalny<br \/>\n8.3. Zwi\u0105zek strukturalny<\/p>\n<p>Cz\u0119\u015b\u0107 II. Z socjologicznych bada\u0144 ruchu drogowego i wypadkowo\u015bci<br \/>\n1. Uwarunkowania prawne i spo\u0142eczne ruchu drogowego i wypadkowo\u015bci.<br \/>\n2. Przyczyny i skutki b\u0142\u0119d\u00f3w kierowcy w ruchu drogowym<br \/>\n3. Zagadnienia poziomu bezpiecze\u0144stwa dr\u00f3g publicznych<br \/>\n4. Interakcje i bezpiecze\u0144stwo w ruchu drogowym<br \/>\n5. Spo\u0142eczne czynniki umo\u017cliwiaj\u0105ce przewidywanie zachowania si\u0119 innych kierowc\u00f3w<br \/>\n6. Psychospo\u0142eczne uwarunkowania niebezpiecze\u0144stwa na jezdni<br \/>\n7. Spo\u0142eczne czynniki kszta\u0142towania si\u0119 decyzji kierowcy<br \/>\n8. Spo\u0142eczne uwarunkowania zmiennych wsp\u00f3\u0142zale\u017cnych i ich wp\u0142yw na interakcje kierowc\u00f3w<br \/>\n9. Psychospo\u0142eczne determinanty motywacji kierowcy<br \/>\n10. Manipulacja spo\u0142ecznie tolerowanym ryzykiem<br \/>\n11. Kszta\u0142towanie si\u0119 wypadk\u00f3w drogowych w Polsce i w Niemczech &#8211; studium por\u00f3wnawcze<br \/>\n12. Infrastruktura i bezpiecze\u0144stwo w transporcie w Niemczech<br \/>\n13. Zagro\u017cenia ruchu drogowego i wypadkowo\u015b\u0107 w Polsce<br \/>\n14. Uwagi ko\u0144cowe<br \/>\nLiteratura<\/p>\n","protected":false},"excerpt":{"rendered":"<p>Autor: Franciszek Krzyka\u0142a Wydawca: Wydawnictwo Akademii Ekonomicznej w Poznaniu Pozna\u0144 [&hellip;]<\/p>\n","protected":false},"featured_media":8959,"template":"","meta":[],"product_brand":[],"product_cat":[7535],"product_tag":[7424,642,7425],"class_list":{"0":"post-7155","1":"product","2":"type-product","3":"status-publish","4":"has-post-thumbnail","6":"product_cat-transport-2","7":"product_tag-ruch-drogowy","8":"product_tag-transport","9":"product_tag-wypadkowosc","11":"first","12":"outofstock","13":"shipping-taxable","14":"purchasable","15":"product-type-simple"},"_links":{"self":[{"href":"https:\/\/ksiegarnia-akademicka.pl\/index.php\/wp-json\/wp\/v2\/product\/7155","targetHints":{"allow":["GET"]}}],"collection":[{"href":"https:\/\/ksiegarnia-akademicka.pl\/index.php\/wp-json\/wp\/v2\/product"}],"about":[{"href":"https:\/\/ksiegarnia-akademicka.pl\/index.php\/wp-json\/wp\/v2\/types\/product"}],"wp:featuredmedia":[{"embeddable":true,"href":"https:\/\/ksiegarnia-akademicka.pl\/index.php\/wp-json\/wp\/v2\/media\/8959"}],"wp:attachment":[{"href":"https:\/\/ksiegarnia-akademicka.pl\/index.php\/wp-json\/wp\/v2\/media?parent=7155"}],"wp:term":[{"taxonomy":"product_brand","embeddable":true,"href":"https:\/\/ksiegarnia-akademicka.pl\/index.php\/wp-json\/wp\/v2\/product_brand?post=7155"},{"taxonomy":"product_cat","embeddable":true,"href":"https:\/\/ksiegarnia-akademicka.pl\/index.php\/wp-json\/wp\/v2\/product_cat?post=7155"},{"taxonomy":"product_tag","embeddable":true,"href":"https:\/\/ksiegarnia-akademicka.pl\/index.php\/wp-json\/wp\/v2\/product_tag?post=7155"}],"curies":[{"name":"wp","href":"https:\/\/api.w.org\/{rel}","templated":true}]}}