{"id":7147,"date":"2018-05-22T12:58:31","date_gmt":"2018-05-22T10:58:31","guid":{"rendered":"http:\/\/ksiegarnia-akademicka.pl\/index.php\/product\/program-nauczania-wychowania-fizycznego-dla-osmioletniej-szkoly-podstawowej-dla-i-i-ii-etapu-edukacji-wraz-z-rocznymi-planami-pracy-i-przedmiotowym-systemem-oceniania\/"},"modified":"2018-12-06T10:56:45","modified_gmt":"2018-12-06T09:56:45","slug":"program-nauczania-wychowania-fizycznego-dla-osmioletniej-szkoly-podstawowej-dla-i-i-ii-etapu-edukacji-wraz-z-rocznymi-planami-pracy-i-przedmiotowym-systemem-oceniania","status":"publish","type":"product","link":"https:\/\/ksiegarnia-akademicka.pl\/index.php\/product\/program-nauczania-wychowania-fizycznego-dla-osmioletniej-szkoly-podstawowej-dla-i-i-ii-etapu-edukacji-wraz-z-rocznymi-planami-pracy-i-przedmiotowym-systemem-oceniania\/","title":{"rendered":"Program nauczania wychowania fizycznego dla o\u015bmioletniej szko\u0142y podstawowej Dla I i II etapu edukacji wraz z rocznymi planami pracy i przedmiotowym systemem oceniania"},"content":{"rendered":"<p>Krzysztof Warcho\u0142<br \/>\nWydawca: Fosze<br \/>\nOprawa: Mi\u0119kka<br \/>\nFormat: 17.0&#215;21.0cm<br \/>\nLiczba stron: 232<br \/>\nRok wydania: 2017<\/p>\n<p>W ksi\u0105\u017cce tej zawarte s\u0105 cenne i merytoryczne wskaz\u00f3wki niezb\u0119dne do trafnego oceniania ucznia z wychowania fizycznego oraz szczeg\u00f3\u0142owe kryteria oceniania. Autorski program nauczania wychowania fizycznego odnosi si\u0119 do wszystkich etap\u00f3w edukacji. Nauczyciele mog\u0105 wykorzysta\u0107 t\u0119 propozycje do przygotowania lub zmodyfikowania w\u0142asnych przedmiotowych system\u00f3w oceniania. Wymagania szczeg\u00f3\u0142owe dla poszczeg\u00f3lnych etap\u00f3w edukacji zawieraj\u0105 niezwykle wiele trafnych element\u00f3w z zakresu postaw, aktywno\u015bci, sprawno\u015bci fizycznej i umiej\u0119tno\u015bci ruchowych.<\/p>\n","protected":false},"excerpt":{"rendered":"<p>Krzysztof Warcho\u0142 Wydawca: Fosze Oprawa: Mi\u0119kka Format: 17.0&#215;21.0cm Liczba stron: [&hellip;]<\/p>\n","protected":false},"featured_media":7597,"template":"","meta":[],"product_brand":[],"product_cat":[28],"product_tag":[7419,51,3887],"class_list":{"0":"post-7147","1":"product","2":"type-product","3":"status-publish","4":"has-post-thumbnail","6":"product_cat-pedagogika","7":"product_tag-nauczanie-wychowania-fizycznego","8":"product_tag-pedagogika","9":"product_tag-wychowanie-fizyczne","11":"first","12":"instock","13":"sale","14":"shipping-taxable","15":"purchasable","16":"product-type-simple"},"_links":{"self":[{"href":"https:\/\/ksiegarnia-akademicka.pl\/index.php\/wp-json\/wp\/v2\/product\/7147","targetHints":{"allow":["GET"]}}],"collection":[{"href":"https:\/\/ksiegarnia-akademicka.pl\/index.php\/wp-json\/wp\/v2\/product"}],"about":[{"href":"https:\/\/ksiegarnia-akademicka.pl\/index.php\/wp-json\/wp\/v2\/types\/product"}],"wp:featuredmedia":[{"embeddable":true,"href":"https:\/\/ksiegarnia-akademicka.pl\/index.php\/wp-json\/wp\/v2\/media\/7597"}],"wp:attachment":[{"href":"https:\/\/ksiegarnia-akademicka.pl\/index.php\/wp-json\/wp\/v2\/media?parent=7147"}],"wp:term":[{"taxonomy":"product_brand","embeddable":true,"href":"https:\/\/ksiegarnia-akademicka.pl\/index.php\/wp-json\/wp\/v2\/product_brand?post=7147"},{"taxonomy":"product_cat","embeddable":true,"href":"https:\/\/ksiegarnia-akademicka.pl\/index.php\/wp-json\/wp\/v2\/product_cat?post=7147"},{"taxonomy":"product_tag","embeddable":true,"href":"https:\/\/ksiegarnia-akademicka.pl\/index.php\/wp-json\/wp\/v2\/product_tag?post=7147"}],"curies":[{"name":"wp","href":"https:\/\/api.w.org\/{rel}","templated":true}]}}