{"id":7144,"date":"2018-05-22T12:58:31","date_gmt":"2018-05-22T10:58:31","guid":{"rendered":"http:\/\/ksiegarnia-akademicka.pl\/index.php\/product\/metodologia-badan-logopedycznych-z-perspektywy-teorii-i-praktyki\/"},"modified":"2021-03-29T11:19:33","modified_gmt":"2021-03-29T09:19:33","slug":"metodologia-badan-logopedycznych-z-perspektywy-teorii-i-praktyki","status":"publish","type":"product","link":"https:\/\/ksiegarnia-akademicka.pl\/index.php\/product\/metodologia-badan-logopedycznych-z-perspektywy-teorii-i-praktyki\/","title":{"rendered":"Metodologia bada\u0144 logopedycznych z perspektywy teorii i praktyki"},"content":{"rendered":"<p>Redakcja: Milewski Stanis\u0142aw, Kaczorowska-Bray Katarzyna<br \/>\nWydawca: Harmonia<br \/>\nOprawa: Twarda<br \/>\nFormat: 16.5&#215;24.0cm<br \/>\nLiczba stron: 454<br \/>\nWydanie: 1<br \/>\nRok wydania: 2015<\/p>\n<p>Kolejny tom z serii Logopedia XXI Wieku z pewno\u015bci\u0105 zainteresuje i b\u0119dzie pomocny studentom logopedii, logopedom praktykom oraz tym wszystkim, kt\u00f3rzy w swojej pracy zawodowej maj\u0105 do czynienia z osobami z zaburzeniami mowy i\/lub prowadz\u0105 badania naukowe z tego zakresu. Prezentowany tom jest wynikiem wsp\u00f3\u0142pracy naukowc\u00f3w z r\u00f3\u017cnych o\u015brodk\u00f3w badawczych w Polsce, co podkre\u015bla wag\u0119 podj\u0119tej tutaj problematyki.<\/p>\n","protected":false},"excerpt":{"rendered":"<p>Redakcja: Milewski Stanis\u0142aw, Kaczorowska-Bray Katarzyna Wydawca: Harmonia Oprawa: Twarda Format: [&hellip;]<\/p>\n","protected":false},"featured_media":9134,"template":"","meta":[],"product_brand":[],"product_cat":[28],"product_tag":[5400,1196,1706],"class_list":{"0":"post-7144","1":"product","2":"type-product","3":"status-publish","4":"has-post-thumbnail","6":"product_cat-pedagogika","7":"product_tag-fonetyka","8":"product_tag-logopedia","9":"product_tag-pedagogika-specjalna","11":"first","12":"instock","13":"sale","14":"shipping-taxable","15":"purchasable","16":"product-type-simple"},"_links":{"self":[{"href":"https:\/\/ksiegarnia-akademicka.pl\/index.php\/wp-json\/wp\/v2\/product\/7144","targetHints":{"allow":["GET"]}}],"collection":[{"href":"https:\/\/ksiegarnia-akademicka.pl\/index.php\/wp-json\/wp\/v2\/product"}],"about":[{"href":"https:\/\/ksiegarnia-akademicka.pl\/index.php\/wp-json\/wp\/v2\/types\/product"}],"wp:featuredmedia":[{"embeddable":true,"href":"https:\/\/ksiegarnia-akademicka.pl\/index.php\/wp-json\/wp\/v2\/media\/9134"}],"wp:attachment":[{"href":"https:\/\/ksiegarnia-akademicka.pl\/index.php\/wp-json\/wp\/v2\/media?parent=7144"}],"wp:term":[{"taxonomy":"product_brand","embeddable":true,"href":"https:\/\/ksiegarnia-akademicka.pl\/index.php\/wp-json\/wp\/v2\/product_brand?post=7144"},{"taxonomy":"product_cat","embeddable":true,"href":"https:\/\/ksiegarnia-akademicka.pl\/index.php\/wp-json\/wp\/v2\/product_cat?post=7144"},{"taxonomy":"product_tag","embeddable":true,"href":"https:\/\/ksiegarnia-akademicka.pl\/index.php\/wp-json\/wp\/v2\/product_tag?post=7144"}],"curies":[{"name":"wp","href":"https:\/\/api.w.org\/{rel}","templated":true}]}}