{"id":7143,"date":"2018-05-22T12:58:30","date_gmt":"2018-05-22T10:58:30","guid":{"rendered":"http:\/\/ksiegarnia-akademicka.pl\/index.php\/product\/dydaktyka-szkoly-wyzszej-wybrane-problemy\/"},"modified":"2018-12-06T10:37:45","modified_gmt":"2018-12-06T09:37:45","slug":"dydaktyka-szkoly-wyzszej-wybrane-problemy","status":"publish","type":"product","link":"https:\/\/ksiegarnia-akademicka.pl\/index.php\/product\/dydaktyka-szkoly-wyzszej-wybrane-problemy\/","title":{"rendered":"Dydaktyka szko\u0142y wy\u017cszej Wybrane problemy"},"content":{"rendered":"<p>Praca zbiorowa<br \/>\nU. Schrade (red.)<br \/>\nWydawnictwo: OWPW<br \/>\nNiniejsze opracowanie z pedagogiki szko\u0142y wy\u017cszej jest prac\u0105 zbiorow\u0105, przygotowan\u0105 przez trzech niezale\u017cnych autor\u00f3w. Przedstawia oryginalne koncepcje autorskie oparte na wieloletnim w\u0142asnym do\u015bwiadczeniu dydaktycznym w szko\u0142ach wy\u017cszych. Praca jest wi\u0119c dzie\u0142em nie teoretyk\u00f3w pedagogiki, lecz czynnych zawodowo nauczycieli akademickich. <\/p>\n<p>Ksi\u0105\u017cka sk\u0142ada si\u0119 z trzech cz\u0119\u015bci. Cz\u0119\u015b\u0107 I to rozwa\u017cania o stanie i kondycji my\u015bli i praktyki edukacyjnej w \u015bwiecie wsp\u00f3\u0142czesnym; cz\u0119\u015b\u0107 II dotyczy nieporuszonych w cz\u0119\u015bci I kwestii z zakresu pedagogiki og\u00f3lnej oraz szczeg\u00f3\u0142owo analizuje dydaktyk\u0119 szko\u0142y wy\u017cszej; cz\u0119\u015b\u0107 III przedstawia wa\u017cne z punktu widzenia dydaktyki psychologiczne aspekty kszta\u0142cenia akademickiego.<br \/>\nRok: 2010<br \/>\nStron: 112<br \/>\nISBN: 978-83-7207-898-8<\/p>\n","protected":false},"excerpt":{"rendered":"<p>Praca zbiorowa U. Schrade (red.) Wydawnictwo: OWPW Niniejsze opracowanie z [&hellip;]<\/p>\n","protected":false},"featured_media":9120,"template":"","meta":[],"product_brand":[],"product_cat":[28],"product_tag":[46,6146],"class_list":{"0":"post-7143","1":"product","2":"type-product","3":"status-publish","4":"has-post-thumbnail","6":"product_cat-pedagogika","7":"product_tag-dydaktyka","8":"product_tag-szkola-wyzsza","10":"first","11":"instock","12":"shipping-taxable","13":"purchasable","14":"product-type-simple"},"_links":{"self":[{"href":"https:\/\/ksiegarnia-akademicka.pl\/index.php\/wp-json\/wp\/v2\/product\/7143","targetHints":{"allow":["GET"]}}],"collection":[{"href":"https:\/\/ksiegarnia-akademicka.pl\/index.php\/wp-json\/wp\/v2\/product"}],"about":[{"href":"https:\/\/ksiegarnia-akademicka.pl\/index.php\/wp-json\/wp\/v2\/types\/product"}],"wp:featuredmedia":[{"embeddable":true,"href":"https:\/\/ksiegarnia-akademicka.pl\/index.php\/wp-json\/wp\/v2\/media\/9120"}],"wp:attachment":[{"href":"https:\/\/ksiegarnia-akademicka.pl\/index.php\/wp-json\/wp\/v2\/media?parent=7143"}],"wp:term":[{"taxonomy":"product_brand","embeddable":true,"href":"https:\/\/ksiegarnia-akademicka.pl\/index.php\/wp-json\/wp\/v2\/product_brand?post=7143"},{"taxonomy":"product_cat","embeddable":true,"href":"https:\/\/ksiegarnia-akademicka.pl\/index.php\/wp-json\/wp\/v2\/product_cat?post=7143"},{"taxonomy":"product_tag","embeddable":true,"href":"https:\/\/ksiegarnia-akademicka.pl\/index.php\/wp-json\/wp\/v2\/product_tag?post=7143"}],"curies":[{"name":"wp","href":"https:\/\/api.w.org\/{rel}","templated":true}]}}