{"id":7129,"date":"2018-05-22T12:58:28","date_gmt":"2018-05-22T10:58:28","guid":{"rendered":"http:\/\/ksiegarnia-akademicka.pl\/index.php\/product\/pomiar-jakosci-uslug-wybrane-zastosowania-metody-servqual\/"},"modified":"2019-11-26T12:50:22","modified_gmt":"2019-11-26T11:50:22","slug":"pomiar-jakosci-uslug-wybrane-zastosowania-metody-servqual","status":"publish","type":"product","link":"https:\/\/ksiegarnia-akademicka.pl\/index.php\/product\/pomiar-jakosci-uslug-wybrane-zastosowania-metody-servqual\/","title":{"rendered":"Pomiar jako\u015bci us\u0142ug. Wybrane zastosowania metody SERVQUAL"},"content":{"rendered":"<p>Ma\u0142gorzata Lotko, Magdalena Pa\u017adzior, Marcin Nowak, \u0141ukasz W\u00f3jtowicz<br \/>\nISBN: 978-83-62805-35-8<br \/>\nLiczba stron: 174<br \/>\nFormat: B5<br \/>\nOprawa: twarda, szyta<br \/>\nRok wydania: 2017<\/p>\n","protected":false},"excerpt":{"rendered":"<p>Ma\u0142gorzata Lotko, Magdalena Pa\u017adzior, Marcin Nowak, \u0141ukasz W\u00f3jtowicz ISBN: 978-83-62805-35-8 [&hellip;]<\/p>\n","protected":false},"featured_media":9637,"template":"","meta":[],"product_brand":[],"product_cat":[30,7512],"product_tag":[247,1902,100],"class_list":{"0":"post-7129","1":"product","2":"type-product","3":"status-publish","4":"has-post-thumbnail","6":"product_cat-zarzadzanie","7":"product_cat-zarzadzanie-jakoscia","8":"product_tag-jakosc","9":"product_tag-organizacja-i-zarzadzanie","10":"product_tag-zarzadzanie-jakoscia","12":"first","13":"outofstock","14":"shipping-taxable","15":"purchasable","16":"product-type-simple"},"_links":{"self":[{"href":"https:\/\/ksiegarnia-akademicka.pl\/index.php\/wp-json\/wp\/v2\/product\/7129","targetHints":{"allow":["GET"]}}],"collection":[{"href":"https:\/\/ksiegarnia-akademicka.pl\/index.php\/wp-json\/wp\/v2\/product"}],"about":[{"href":"https:\/\/ksiegarnia-akademicka.pl\/index.php\/wp-json\/wp\/v2\/types\/product"}],"wp:featuredmedia":[{"embeddable":true,"href":"https:\/\/ksiegarnia-akademicka.pl\/index.php\/wp-json\/wp\/v2\/media\/9637"}],"wp:attachment":[{"href":"https:\/\/ksiegarnia-akademicka.pl\/index.php\/wp-json\/wp\/v2\/media?parent=7129"}],"wp:term":[{"taxonomy":"product_brand","embeddable":true,"href":"https:\/\/ksiegarnia-akademicka.pl\/index.php\/wp-json\/wp\/v2\/product_brand?post=7129"},{"taxonomy":"product_cat","embeddable":true,"href":"https:\/\/ksiegarnia-akademicka.pl\/index.php\/wp-json\/wp\/v2\/product_cat?post=7129"},{"taxonomy":"product_tag","embeddable":true,"href":"https:\/\/ksiegarnia-akademicka.pl\/index.php\/wp-json\/wp\/v2\/product_tag?post=7129"}],"curies":[{"name":"wp","href":"https:\/\/api.w.org\/{rel}","templated":true}]}}