{"id":71,"date":"2018-05-22T12:40:43","date_gmt":"2018-05-22T10:40:43","guid":{"rendered":"http:\/\/ksiegarnia-akademicka.pl\/index.php\/product\/niemieckie-teksty-techniczne-i-cwiczenia-z-zakresu-garbarstwa-i-technologii-obuwia\/"},"modified":"2019-04-01T08:24:26","modified_gmt":"2019-04-01T06:24:26","slug":"niemieckie-teksty-techniczne-i-cwiczenia-z-zakresu-garbarstwa-i-technologii-obuwia","status":"publish","type":"product","link":"https:\/\/ksiegarnia-akademicka.pl\/index.php\/product\/niemieckie-teksty-techniczne-i-cwiczenia-z-zakresu-garbarstwa-i-technologii-obuwia\/","title":{"rendered":"Niemieckie teksty techniczne i \u0107wiczenia z zakresu garbarstwa i technologii obuwia"},"content":{"rendered":"<p>Czachor Ma\u0142gorzata Wydawnictwo Politechniki Radomskiej 2001 wyd. II <\/br><\/br><\/p>\n<p><span style=\"font-size: small\"><span style=\"font-size: 11px\">Publikacja zawiera zar&oacute;wno oryginalne<br \/>\nteksty zawieraj\u0105ce s\u0142ownictwo fachowe z zakresu garbarstwa i<br \/>\ntechnologii obuwia, jak i \u0107wiczenia utrwalaj\u0105ce.Znajduje si\u0119 tu r&oacute;wnie\u017c<br \/>\ns\u0142ownik niemiecko-polski, w kt&oacute;rym wszystkie wyrazy podane s\u0105 w takim<br \/>\nznaczeniu, w jakim wyst\u0119puj\u0105 w tekstach, a tak\u017ce ilustracje u\u0142atwiaj\u0105ce<br \/>\nkorzystanie z tekst&oacute;w i s\u0142ownika.<\/span><\/span><\/p>\n<p><\/br><\/br>pozycja dost\u0119pna<\/p>\n","protected":false},"excerpt":{"rendered":"<p>Czachor Ma\u0142gorzata Wydawnictwo Politechniki Radomskiej 2001 wyd. II Publikacja zawiera [&hellip;]<\/p>\n","protected":false},"featured_media":0,"template":"","meta":[],"product_brand":[],"product_cat":[7528,43],"product_tag":[170,171],"class_list":{"0":"post-71","1":"product","2":"type-product","3":"status-publish","5":"product_cat-technologie-chemiczne","6":"product_cat-wydawnictwo-uth","7":"product_tag-lederherstellung","8":"product_tag-technologie-der-schuhherstellung","10":"first","11":"instock","12":"shipping-taxable","13":"purchasable","14":"product-type-simple"},"_links":{"self":[{"href":"https:\/\/ksiegarnia-akademicka.pl\/index.php\/wp-json\/wp\/v2\/product\/71","targetHints":{"allow":["GET"]}}],"collection":[{"href":"https:\/\/ksiegarnia-akademicka.pl\/index.php\/wp-json\/wp\/v2\/product"}],"about":[{"href":"https:\/\/ksiegarnia-akademicka.pl\/index.php\/wp-json\/wp\/v2\/types\/product"}],"wp:attachment":[{"href":"https:\/\/ksiegarnia-akademicka.pl\/index.php\/wp-json\/wp\/v2\/media?parent=71"}],"wp:term":[{"taxonomy":"product_brand","embeddable":true,"href":"https:\/\/ksiegarnia-akademicka.pl\/index.php\/wp-json\/wp\/v2\/product_brand?post=71"},{"taxonomy":"product_cat","embeddable":true,"href":"https:\/\/ksiegarnia-akademicka.pl\/index.php\/wp-json\/wp\/v2\/product_cat?post=71"},{"taxonomy":"product_tag","embeddable":true,"href":"https:\/\/ksiegarnia-akademicka.pl\/index.php\/wp-json\/wp\/v2\/product_tag?post=71"}],"curies":[{"name":"wp","href":"https:\/\/api.w.org\/{rel}","templated":true}]}}