{"id":7076,"date":"2018-05-22T12:58:18","date_gmt":"2018-05-22T10:58:18","guid":{"rendered":"http:\/\/ksiegarnia-akademicka.pl\/index.php\/product\/cwiczenia-z-receptury\/"},"modified":"2018-12-06T15:56:19","modified_gmt":"2018-12-06T14:56:19","slug":"cwiczenia-z-receptury","status":"publish","type":"product","link":"https:\/\/ksiegarnia-akademicka.pl\/index.php\/product\/cwiczenia-z-receptury\/","title":{"rendered":"\u0106wiczenia z receptury"},"content":{"rendered":"<p>Redakcja: Kr\u00f3wczy\u0144ski Leszek, Jachowicz Renata<br \/>\nWydawca: Wydawnictwo Uniwersytetu Jagiello\u0144skiego<br \/>\nOprawa: Mi\u0119kka<br \/>\nFormat: 17.0&#215;24.0cm<br \/>\nLiczba stron: 266<br \/>\nWydanie: 7<br \/>\nRok wydania: 2000<\/p>\n<p>Podr\u0119cznik obejmuje problematyk\u0119 zwi\u0105zan\u0105 z prawid\u0142owym przygotowaniem wszystkich postaci leku recepturowego. Zamieszczone w ksi\u0105\u017cce przyk\u0142ady s\u0105 odpisami oryginalnych recept lekarskich. Przyj\u0119to nazewnictwo \u015brodk\u00f3w farmaceutycznych, b\u0119d\u0105cych substancjami leczniczymi, zalecone przez \u015awiatow\u0105 Organizacj\u0119 Zdrowia (WHO) zgodnie z Farmakologi\u0105 Polsk\u0105. Uk\u0142ad podr\u0119cznika pozostawiono taki sam, jak w poprzednich wydaniach. Dokonano jednak w poszczeg\u00f3lnych rozdzia\u0142ach pewnych zmian, aktualizacji informacji, a tak\u017ce poprawek. Niekt\u00f3re rozdzia\u0142y zosta\u0142y na nowo opracowane.26,40<\/p>\n","protected":false},"excerpt":{"rendered":"<p>Redakcja: Kr\u00f3wczy\u0144ski Leszek, Jachowicz Renata Wydawca: Wydawnictwo Uniwersytetu Jagiello\u0144skiego Oprawa: [&hellip;]<\/p>\n","protected":false},"featured_media":9175,"template":"","meta":[],"product_brand":[],"product_cat":[7493,44],"product_tag":[343,3994,4268],"class_list":{"0":"post-7076","1":"product","2":"type-product","3":"status-publish","4":"has-post-thumbnail","6":"product_cat-medycyna","7":"product_cat-nauki-medyczne","8":"product_tag-cwiczenia","9":"product_tag-medycyna","10":"product_tag-receptura-apteczna","12":"first","13":"instock","14":"sale","15":"shipping-taxable","16":"purchasable","17":"product-type-simple"},"_links":{"self":[{"href":"https:\/\/ksiegarnia-akademicka.pl\/index.php\/wp-json\/wp\/v2\/product\/7076","targetHints":{"allow":["GET"]}}],"collection":[{"href":"https:\/\/ksiegarnia-akademicka.pl\/index.php\/wp-json\/wp\/v2\/product"}],"about":[{"href":"https:\/\/ksiegarnia-akademicka.pl\/index.php\/wp-json\/wp\/v2\/types\/product"}],"wp:featuredmedia":[{"embeddable":true,"href":"https:\/\/ksiegarnia-akademicka.pl\/index.php\/wp-json\/wp\/v2\/media\/9175"}],"wp:attachment":[{"href":"https:\/\/ksiegarnia-akademicka.pl\/index.php\/wp-json\/wp\/v2\/media?parent=7076"}],"wp:term":[{"taxonomy":"product_brand","embeddable":true,"href":"https:\/\/ksiegarnia-akademicka.pl\/index.php\/wp-json\/wp\/v2\/product_brand?post=7076"},{"taxonomy":"product_cat","embeddable":true,"href":"https:\/\/ksiegarnia-akademicka.pl\/index.php\/wp-json\/wp\/v2\/product_cat?post=7076"},{"taxonomy":"product_tag","embeddable":true,"href":"https:\/\/ksiegarnia-akademicka.pl\/index.php\/wp-json\/wp\/v2\/product_tag?post=7076"}],"curies":[{"name":"wp","href":"https:\/\/api.w.org\/{rel}","templated":true}]}}