{"id":7075,"date":"2018-05-22T12:58:18","date_gmt":"2018-05-22T10:58:18","guid":{"rendered":"http:\/\/ksiegarnia-akademicka.pl\/index.php\/product\/administrategia\/"},"modified":"2018-12-12T15:18:47","modified_gmt":"2018-12-12T14:18:47","slug":"administrategia","status":"publish","type":"product","link":"https:\/\/ksiegarnia-akademicka.pl\/index.php\/product\/administrategia\/","title":{"rendered":"Administrategia"},"content":{"rendered":"<p>Maciej Kisilowski<br \/>\nIzabela Kisilowska<br \/>\nWydawca: Studio Emka<br \/>\nOprawa: Mi\u0119kka<br \/>\nFormat: 14.4&#215;21.9<br \/>\nLiczba stron: 369<br \/>\nRok wydania: 2016<\/p>\n<p>Administrategia to pierwsze w Polsce i Europie \u015arodkowej praktyczne kompendium wiedzy o strategicznym zarz\u0105dzaniu w sektorze publicznym. B\u0119d\u0105ca wynikiem bada\u0144 w dziesi\u0105tkach urz\u0119d\u00f3w, a tak\u017ce wykorzystuj\u0105ca najnowsze idee i dobre praktyki z ca\u0142ego \u015bwiata, podpowie Ci, krok po kroku, jak zarz\u0105dza\u0107 instytucjami publicznymi, dbaj\u0105c zarazem o w\u0142asny sukces zawodowy. Ksi\u0105\u017cka zaprasza r\u00f3wnie\u017c wszystkich zainteresowanych sprawami publicznymi do zastanowienia si\u0119 nad za\u015bniedzia\u0142ymi pogl\u0105dami na temat instytucji naszego pa\u0144stwa.<br \/>\nPatronami ksi\u0105\u017cki s\u0105 Unia Metropolii Polskich, Zwi\u0105zek Miast Polskich, Zwi\u0105zek Powiat\u00f3w Polskich, Tygodnik Powszechny, Konfederacja Lewiatan, Instytut Allerhanda, Centrum Analiz Klubu Jagiello\u0144skiego, o\u015brodek dialogu i analiz THINKTANK, oraz Index Copernicus International.<br \/>\nAutorzy \u0142\u0105cz\u0105 wykszta\u0142cenie na najlepszych \u015bwiatowych uczelniach z do\u015bwiadczeniem pracy z urz\u0119dami i menad\u017cerami publicznymi w Polsce i w regionie.<\/p>\n","protected":false},"excerpt":{"rendered":"<p>Maciej Kisilowski Izabela Kisilowska Wydawca: Studio Emka Oprawa: Mi\u0119kka Format: [&hellip;]<\/p>\n","protected":false},"featured_media":7796,"template":"","meta":[],"product_brand":[],"product_cat":[7492,7497,18,7494],"product_tag":[585,473,541],"class_list":{"0":"post-7075","1":"product","2":"type-product","3":"status-publish","4":"has-post-thumbnail","6":"product_cat-administracyjne","7":"product_cat-ogolne-zagadnienia-prawa","8":"product_cat-prawo","9":"product_cat-samorzad-terytorialny","10":"product_tag-administracja-publiczna","11":"product_tag-sektor-publiczny","12":"product_tag-zarzadzanie","14":"first","15":"instock","16":"sale","17":"shipping-taxable","18":"purchasable","19":"product-type-simple"},"_links":{"self":[{"href":"https:\/\/ksiegarnia-akademicka.pl\/index.php\/wp-json\/wp\/v2\/product\/7075","targetHints":{"allow":["GET"]}}],"collection":[{"href":"https:\/\/ksiegarnia-akademicka.pl\/index.php\/wp-json\/wp\/v2\/product"}],"about":[{"href":"https:\/\/ksiegarnia-akademicka.pl\/index.php\/wp-json\/wp\/v2\/types\/product"}],"wp:featuredmedia":[{"embeddable":true,"href":"https:\/\/ksiegarnia-akademicka.pl\/index.php\/wp-json\/wp\/v2\/media\/7796"}],"wp:attachment":[{"href":"https:\/\/ksiegarnia-akademicka.pl\/index.php\/wp-json\/wp\/v2\/media?parent=7075"}],"wp:term":[{"taxonomy":"product_brand","embeddable":true,"href":"https:\/\/ksiegarnia-akademicka.pl\/index.php\/wp-json\/wp\/v2\/product_brand?post=7075"},{"taxonomy":"product_cat","embeddable":true,"href":"https:\/\/ksiegarnia-akademicka.pl\/index.php\/wp-json\/wp\/v2\/product_cat?post=7075"},{"taxonomy":"product_tag","embeddable":true,"href":"https:\/\/ksiegarnia-akademicka.pl\/index.php\/wp-json\/wp\/v2\/product_tag?post=7075"}],"curies":[{"name":"wp","href":"https:\/\/api.w.org\/{rel}","templated":true}]}}