{"id":7055,"date":"2018-05-22T12:58:13","date_gmt":"2018-05-22T10:58:13","guid":{"rendered":"http:\/\/ksiegarnia-akademicka.pl\/index.php\/product\/modele-ksztalcenia-a-przystosowanie-zawodowe-mlodych-oficerow-wojska-polskiego\/"},"modified":"2018-05-22T12:58:13","modified_gmt":"2018-05-22T10:58:13","slug":"modele-ksztalcenia-a-przystosowanie-zawodowe-mlodych-oficerow-wojska-polskiego","status":"publish","type":"product","link":"https:\/\/ksiegarnia-akademicka.pl\/index.php\/product\/modele-ksztalcenia-a-przystosowanie-zawodowe-mlodych-oficerow-wojska-polskiego\/","title":{"rendered":"Modele kszta\u0142cenia a przystosowanie zawodowe m\u0142odych oficer\u00f3w Wojska Polskiego"},"content":{"rendered":"","protected":false},"excerpt":{"rendered":"","protected":false},"featured_media":0,"template":"","meta":[],"product_brand":[],"product_cat":[16],"product_tag":[1195,7392,6879],"class_list":{"0":"post-7055","1":"product","2":"type-product","3":"status-publish","5":"product_cat-ksiegarnia-akademicka-radom","6":"product_tag-edukacja","7":"product_tag-wojsko-polskie","8":"product_tag-wojskowosc","10":"first","11":"instock","12":"shipping-taxable","13":"purchasable","14":"product-type-simple"},"_links":{"self":[{"href":"https:\/\/ksiegarnia-akademicka.pl\/index.php\/wp-json\/wp\/v2\/product\/7055","targetHints":{"allow":["GET"]}}],"collection":[{"href":"https:\/\/ksiegarnia-akademicka.pl\/index.php\/wp-json\/wp\/v2\/product"}],"about":[{"href":"https:\/\/ksiegarnia-akademicka.pl\/index.php\/wp-json\/wp\/v2\/types\/product"}],"wp:attachment":[{"href":"https:\/\/ksiegarnia-akademicka.pl\/index.php\/wp-json\/wp\/v2\/media?parent=7055"}],"wp:term":[{"taxonomy":"product_brand","embeddable":true,"href":"https:\/\/ksiegarnia-akademicka.pl\/index.php\/wp-json\/wp\/v2\/product_brand?post=7055"},{"taxonomy":"product_cat","embeddable":true,"href":"https:\/\/ksiegarnia-akademicka.pl\/index.php\/wp-json\/wp\/v2\/product_cat?post=7055"},{"taxonomy":"product_tag","embeddable":true,"href":"https:\/\/ksiegarnia-akademicka.pl\/index.php\/wp-json\/wp\/v2\/product_tag?post=7055"}],"curies":[{"name":"wp","href":"https:\/\/api.w.org\/{rel}","templated":true}]}}