{"id":7030,"date":"2018-05-22T12:58:08","date_gmt":"2018-05-22T10:58:08","guid":{"rendered":"http:\/\/ksiegarnia-akademicka.pl\/index.php\/product\/podstawy-wspolczesnej-bankowosci\/"},"modified":"2018-05-22T12:58:08","modified_gmt":"2018-05-22T10:58:08","slug":"podstawy-wspolczesnej-bankowosci","status":"publish","type":"product","link":"https:\/\/ksiegarnia-akademicka.pl\/index.php\/product\/podstawy-wspolczesnej-bankowosci\/","title":{"rendered":"Podstawy wsp\u00f3\u0142czesnej bankowo\u015bci"},"content":{"rendered":"","protected":false},"excerpt":{"rendered":"","protected":false},"featured_media":0,"template":"","meta":[],"product_brand":[],"product_cat":[16],"product_tag":[411,269],"class_list":{"0":"post-7030","1":"product","2":"type-product","3":"status-publish","5":"product_cat-ksiegarnia-akademicka-radom","6":"product_tag-bankowosc","7":"product_tag-podrecznik-akademicki","9":"first","10":"instock","11":"shipping-taxable","12":"purchasable","13":"product-type-simple"},"_links":{"self":[{"href":"https:\/\/ksiegarnia-akademicka.pl\/index.php\/wp-json\/wp\/v2\/product\/7030","targetHints":{"allow":["GET"]}}],"collection":[{"href":"https:\/\/ksiegarnia-akademicka.pl\/index.php\/wp-json\/wp\/v2\/product"}],"about":[{"href":"https:\/\/ksiegarnia-akademicka.pl\/index.php\/wp-json\/wp\/v2\/types\/product"}],"wp:attachment":[{"href":"https:\/\/ksiegarnia-akademicka.pl\/index.php\/wp-json\/wp\/v2\/media?parent=7030"}],"wp:term":[{"taxonomy":"product_brand","embeddable":true,"href":"https:\/\/ksiegarnia-akademicka.pl\/index.php\/wp-json\/wp\/v2\/product_brand?post=7030"},{"taxonomy":"product_cat","embeddable":true,"href":"https:\/\/ksiegarnia-akademicka.pl\/index.php\/wp-json\/wp\/v2\/product_cat?post=7030"},{"taxonomy":"product_tag","embeddable":true,"href":"https:\/\/ksiegarnia-akademicka.pl\/index.php\/wp-json\/wp\/v2\/product_tag?post=7030"}],"curies":[{"name":"wp","href":"https:\/\/api.w.org\/{rel}","templated":true}]}}