{"id":7023,"date":"2018-05-22T12:58:07","date_gmt":"2018-05-22T10:58:07","guid":{"rendered":"http:\/\/ksiegarnia-akademicka.pl\/index.php\/product\/wybrane-systemy-telematyki-w-bezpieczenstwie-i-zarzadzaniu-w-transporcie-ladowym-i-srodladowym\/"},"modified":"2018-05-22T12:58:07","modified_gmt":"2018-05-22T10:58:07","slug":"wybrane-systemy-telematyki-w-bezpieczenstwie-i-zarzadzaniu-w-transporcie-ladowym-i-srodladowym","status":"publish","type":"product","link":"https:\/\/ksiegarnia-akademicka.pl\/index.php\/product\/wybrane-systemy-telematyki-w-bezpieczenstwie-i-zarzadzaniu-w-transporcie-ladowym-i-srodladowym\/","title":{"rendered":"Wybrane systemy telematyki w bezpiecze\u0144stwie i zarz\u0105dzaniu w transporcie l\u0105dowym i \u015br\u00f3dl\u0105dowym"},"content":{"rendered":"","protected":false},"excerpt":{"rendered":"","protected":false},"featured_media":0,"template":"","meta":[],"product_brand":[],"product_cat":[16],"product_tag":[7379,6754,6562,642],"class_list":{"0":"post-7023","1":"product","2":"type-product","3":"status-publish","5":"product_cat-ksiegarnia-akademicka-radom","6":"product_tag-bezpieczenstwo-transportu","7":"product_tag-monografie-uth","8":"product_tag-telematyka","9":"product_tag-transport","11":"first","12":"instock","13":"shipping-taxable","14":"purchasable","15":"product-type-simple"},"_links":{"self":[{"href":"https:\/\/ksiegarnia-akademicka.pl\/index.php\/wp-json\/wp\/v2\/product\/7023","targetHints":{"allow":["GET"]}}],"collection":[{"href":"https:\/\/ksiegarnia-akademicka.pl\/index.php\/wp-json\/wp\/v2\/product"}],"about":[{"href":"https:\/\/ksiegarnia-akademicka.pl\/index.php\/wp-json\/wp\/v2\/types\/product"}],"wp:attachment":[{"href":"https:\/\/ksiegarnia-akademicka.pl\/index.php\/wp-json\/wp\/v2\/media?parent=7023"}],"wp:term":[{"taxonomy":"product_brand","embeddable":true,"href":"https:\/\/ksiegarnia-akademicka.pl\/index.php\/wp-json\/wp\/v2\/product_brand?post=7023"},{"taxonomy":"product_cat","embeddable":true,"href":"https:\/\/ksiegarnia-akademicka.pl\/index.php\/wp-json\/wp\/v2\/product_cat?post=7023"},{"taxonomy":"product_tag","embeddable":true,"href":"https:\/\/ksiegarnia-akademicka.pl\/index.php\/wp-json\/wp\/v2\/product_tag?post=7023"}],"curies":[{"name":"wp","href":"https:\/\/api.w.org\/{rel}","templated":true}]}}