{"id":700,"date":"2018-05-22T12:41:58","date_gmt":"2018-05-22T10:41:58","guid":{"rendered":"http:\/\/ksiegarnia-akademicka.pl\/index.php\/product\/przestepczosc-zorganizowana-system-zwalczania\/"},"modified":"2018-09-06T09:14:44","modified_gmt":"2018-09-06T07:14:44","slug":"przestepczosc-zorganizowana-system-zwalczania","status":"publish","type":"product","link":"https:\/\/ksiegarnia-akademicka.pl\/index.php\/product\/przestepczosc-zorganizowana-system-zwalczania\/","title":{"rendered":"Przest\u0119pczo\u015b\u0107 zorganizowana. System zwalczania."},"content":{"rendered":"<p>Wies\u0142aw M\u0105drzejowski<br \/>\nWydawca: Editions Spotkania<br \/>\nOprawa: Mi\u0119kka<br \/>\nFormat: 16.5&#215;23.5cm<br \/>\nLiczba stron: 216<br \/>\nRok wydania: 2015<\/p>\n<p>Zjawisko przest\u0119pczo\u015bci zorganizowanej cechuje si\u0119 niezwyk\u0142\u0105 dynamik\u0105. Sprawcy dostosowuj\u0105 formy swojej dzia\u0142alno\u015bci do aktualnej sytuacji gospodarczej i polityczno-spo\u0142ecznej. St\u0105d te\u017c informacje o formach zorganizowanej dzia\u0142alno\u015bci przest\u0119pczej i metodach jej zwalczania, zawarte w r\u00f3\u017cnych publikacjach, stosunkowo szybko trac\u0105 swoj\u0105 aktualno\u015b\u0107.<\/p>\n<p>Skuteczne przeciwdzia\u0142anie opisywanemu zjawisku wymaga przygotowania wyspecjalizowanych kadr zar\u00f3wno w organach \u015bcigania, jak i w innych instytucjach przeciwdzia\u0142aj\u0105cych przest\u0119pczo\u015bci zorganizowanej i zagro\u017conych jej dzia\u0142aniami (administracja pa\u0144stwowa i samorz\u0105dowa, administracja gospodarcza, instytucje finansowe i kontrolne, przedsi\u0119biorstwa). Zapotrzebowanie na dobrze przygotowanych specjalist\u00f3w potrafi\u0105cych skutecznie a jednocze\u015bnie zgodnie z prawem podejmowa\u0107 walk\u0119 z przest\u0119pczo\u015bci\u0105 zorganizowan\u0105 ci\u0105gle wzrasta. Poza og\u00f3ln\u0105 wiedz\u0105 o formach przest\u0119pczo\u015bci zorganizowanej, mechanizmach najcz\u0119\u015bciej wyst\u0119puj\u0105cych przest\u0119pstw, narz\u0119dziach i metodach dzia\u0142ania grup przest\u0119pczych niezb\u0119dna jest aktualna wiedza o \u015brodkach, jakimi dysponuje pa\u0144stwo i jego obywatele w walce z tymi strukturami. Narz\u0119dzia te oraz sposoby ich stosowania s\u0105 ci\u0105gle doskonalone, zmieniaj\u0105 si\u0119 odpowiednie przepisy i ich interpretacja.<\/p>\n<p>Celem tej publikacji jest wi\u0119c zar\u00f3wno przedstawienie najbardziej aktualnych zagro\u017ce\u0144 ze strony przest\u0119pczo\u015bci zorganizowanej oraz \u015brodk\u00f3w, jakimi mo\u017cna j\u0105 skutecznie zwalcza\u0107, jak i om\u00f3wienie praktycznych zasad stosowania tych \u015brodk\u00f3w.<\/p>\n<p>Publikacja przeznaczona nie tylko dla student\u00f3w prawa i kierunk\u00f3w zwi\u0105zanych z bezpiecze\u0144stwem wewn\u0119trznym, ale tak\u017ce dla os\u00f3b i instytucji ju\u017c zaanga\u017cowanych w zwalczanie opisywanego zjawiska. Tre\u015b\u0107 publikacji oparta jest na wynikach dotychczasowych bada\u0144 prowadzonych w tym obszarze w kraju i za granic\u0105, jak i na w\u0142asnych do\u015bwiadczeniach autora zajmuj\u0105cego si\u0119 t\u0105 problematyk\u0105 praktycznie i teoretycznie od ponad trzydziestu lat.<\/p>\n","protected":false},"excerpt":{"rendered":"<p>Wies\u0142aw M\u0105drzejowski Wydawca: Editions Spotkania Oprawa: Mi\u0119kka Format: 16.5&#215;23.5cm Liczba [&hellip;]<\/p>\n","protected":false},"featured_media":8517,"template":"","meta":[],"product_brand":[],"product_cat":[7492,7490,7497,18],"product_tag":[3809,308,1856,1857],"class_list":{"0":"post-700","1":"product","2":"type-product","3":"status-publish","4":"has-post-thumbnail","6":"product_cat-administracyjne","7":"product_cat-karne","8":"product_cat-ogolne-zagadnienia-prawa","9":"product_cat-prawo","10":"product_tag-bezpieczenstwo-wewnetrzne","11":"product_tag-kryminalistyka","12":"product_tag-przestepczosc-ekonomiczna","13":"product_tag-terroryzm-polityczny","15":"first","16":"instock","17":"shipping-taxable","18":"purchasable","19":"product-type-simple"},"_links":{"self":[{"href":"https:\/\/ksiegarnia-akademicka.pl\/index.php\/wp-json\/wp\/v2\/product\/700","targetHints":{"allow":["GET"]}}],"collection":[{"href":"https:\/\/ksiegarnia-akademicka.pl\/index.php\/wp-json\/wp\/v2\/product"}],"about":[{"href":"https:\/\/ksiegarnia-akademicka.pl\/index.php\/wp-json\/wp\/v2\/types\/product"}],"wp:featuredmedia":[{"embeddable":true,"href":"https:\/\/ksiegarnia-akademicka.pl\/index.php\/wp-json\/wp\/v2\/media\/8517"}],"wp:attachment":[{"href":"https:\/\/ksiegarnia-akademicka.pl\/index.php\/wp-json\/wp\/v2\/media?parent=700"}],"wp:term":[{"taxonomy":"product_brand","embeddable":true,"href":"https:\/\/ksiegarnia-akademicka.pl\/index.php\/wp-json\/wp\/v2\/product_brand?post=700"},{"taxonomy":"product_cat","embeddable":true,"href":"https:\/\/ksiegarnia-akademicka.pl\/index.php\/wp-json\/wp\/v2\/product_cat?post=700"},{"taxonomy":"product_tag","embeddable":true,"href":"https:\/\/ksiegarnia-akademicka.pl\/index.php\/wp-json\/wp\/v2\/product_tag?post=700"}],"curies":[{"name":"wp","href":"https:\/\/api.w.org\/{rel}","templated":true}]}}