{"id":6987,"date":"2018-05-22T12:57:59","date_gmt":"2018-05-22T10:57:59","guid":{"rendered":"http:\/\/ksiegarnia-akademicka.pl\/index.php\/product\/dermatologia-estetyczna\/"},"modified":"2024-12-04T13:28:47","modified_gmt":"2024-12-04T12:28:47","slug":"dermatologia-estetyczna","status":"publish","type":"product","link":"https:\/\/ksiegarnia-akademicka.pl\/index.php\/product\/dermatologia-estetyczna\/","title":{"rendered":"Dermatologia estetyczna"},"content":{"rendered":"<p>Autor:<br \/>\nBaumann Leslie<br \/>\nRedakcja: Padlewska Kamila<br \/>\nT\u0142umacze: Karolak Dariusz<br \/>\nWydawca: PZWL<br \/>\nOprawa: Mi\u0119kka<br \/>\nFormat: 21.0&#215;29.0cm<br \/>\nLiczba stron: 364<br \/>\nRok wydania: 2020<br \/>\nJ\u0119zyk wydania: polski<\/p>\n<p>W bogato ilustrowanej publikacji zwi\u0119\u017ale, a zarazem szczeg\u00f3\u0142owo zaprezentowano \u201eteori\u0119 i praktyk\u0119\u201d dotycz\u0105c\u0105 podstawowych zabieg\u00f3w estetycznych oraz codziennej i profesjonalnej piel\u0119gnacji sk\u00f3ry. Ksi\u0105\u017cka przybli\u017ca wiadomo\u015bci na temat r\u00f3\u017cnych produkt\u00f3w i procedur kosmetycznych; analizuje wiedz\u0119 o wp\u0142ywie kosmetyk\u00f3w i zabieg\u00f3w kosmetycznych na sk\u00f3r\u0119 i wygl\u0105d os\u00f3b poddaj\u0105cych si\u0119 ich dzia\u0142aniu. B\u0119dzie niezwykle pomocna w codziennej praktyce zawodowej dermatolog\u00f3w, kosmetolog\u00f3w i specjalist\u00f3w medycyny estetycznej oraz lekarzy r\u00f3\u017cnych specjalno\u015bci, kt\u00f3rzy podchodz\u0105 ca\u0142o\u015bciowo do zagadnie\u0144 zdrowia i kondycji psychofizycznej swoich pacjent\u00f3w.<\/p>\n","protected":false},"excerpt":{"rendered":"<p>Autor: Baumann Leslie Redakcja: Padlewska Kamila T\u0142umacze: Karolak Dariusz Wydawca: [&hellip;]<\/p>\n","protected":false},"featured_media":12793,"template":"","meta":[],"product_brand":[],"product_cat":[7493],"product_tag":[2861,4934,7368],"class_list":{"0":"post-6987","1":"product","2":"type-product","3":"status-publish","4":"has-post-thumbnail","6":"product_cat-medycyna","7":"product_tag-dermatologia","8":"product_tag-kosmetologia","9":"product_tag-zabiegi-pielegnacyjne","11":"first","12":"instock","13":"sale","14":"shipping-taxable","15":"purchasable","16":"product-type-simple"},"_links":{"self":[{"href":"https:\/\/ksiegarnia-akademicka.pl\/index.php\/wp-json\/wp\/v2\/product\/6987","targetHints":{"allow":["GET"]}}],"collection":[{"href":"https:\/\/ksiegarnia-akademicka.pl\/index.php\/wp-json\/wp\/v2\/product"}],"about":[{"href":"https:\/\/ksiegarnia-akademicka.pl\/index.php\/wp-json\/wp\/v2\/types\/product"}],"wp:featuredmedia":[{"embeddable":true,"href":"https:\/\/ksiegarnia-akademicka.pl\/index.php\/wp-json\/wp\/v2\/media\/12793"}],"wp:attachment":[{"href":"https:\/\/ksiegarnia-akademicka.pl\/index.php\/wp-json\/wp\/v2\/media?parent=6987"}],"wp:term":[{"taxonomy":"product_brand","embeddable":true,"href":"https:\/\/ksiegarnia-akademicka.pl\/index.php\/wp-json\/wp\/v2\/product_brand?post=6987"},{"taxonomy":"product_cat","embeddable":true,"href":"https:\/\/ksiegarnia-akademicka.pl\/index.php\/wp-json\/wp\/v2\/product_cat?post=6987"},{"taxonomy":"product_tag","embeddable":true,"href":"https:\/\/ksiegarnia-akademicka.pl\/index.php\/wp-json\/wp\/v2\/product_tag?post=6987"}],"curies":[{"name":"wp","href":"https:\/\/api.w.org\/{rel}","templated":true}]}}