{"id":6961,"date":"2018-05-22T12:57:54","date_gmt":"2018-05-22T10:57:54","guid":{"rendered":"http:\/\/ksiegarnia-akademicka.pl\/index.php\/product\/zrodla-informacji-o-popelnionym-przestepstwie\/"},"modified":"2018-05-22T12:57:54","modified_gmt":"2018-05-22T10:57:54","slug":"zrodla-informacji-o-popelnionym-przestepstwie","status":"publish","type":"product","link":"https:\/\/ksiegarnia-akademicka.pl\/index.php\/product\/zrodla-informacji-o-popelnionym-przestepstwie\/","title":{"rendered":"\u0179r\u00f3d\u0142a informacji o pope\u0142nionym przest\u0119pstwie"},"content":{"rendered":"","protected":false},"excerpt":{"rendered":"","protected":false},"featured_media":0,"template":"","meta":[],"product_brand":[],"product_cat":[16],"product_tag":[4980,308,4231,4300,6121],"class_list":{"0":"post-6961","1":"product","2":"type-product","3":"status-publish","5":"product_cat-ksiegarnia-akademicka-radom","6":"product_tag-bezpieczenstwo-publiczne","7":"product_tag-kryminalistyka","8":"product_tag-policja","9":"product_tag-przestepczosc","10":"product_tag-wieziennictwo","12":"first","13":"instock","14":"shipping-taxable","15":"purchasable","16":"product-type-simple"},"_links":{"self":[{"href":"https:\/\/ksiegarnia-akademicka.pl\/index.php\/wp-json\/wp\/v2\/product\/6961","targetHints":{"allow":["GET"]}}],"collection":[{"href":"https:\/\/ksiegarnia-akademicka.pl\/index.php\/wp-json\/wp\/v2\/product"}],"about":[{"href":"https:\/\/ksiegarnia-akademicka.pl\/index.php\/wp-json\/wp\/v2\/types\/product"}],"wp:attachment":[{"href":"https:\/\/ksiegarnia-akademicka.pl\/index.php\/wp-json\/wp\/v2\/media?parent=6961"}],"wp:term":[{"taxonomy":"product_brand","embeddable":true,"href":"https:\/\/ksiegarnia-akademicka.pl\/index.php\/wp-json\/wp\/v2\/product_brand?post=6961"},{"taxonomy":"product_cat","embeddable":true,"href":"https:\/\/ksiegarnia-akademicka.pl\/index.php\/wp-json\/wp\/v2\/product_cat?post=6961"},{"taxonomy":"product_tag","embeddable":true,"href":"https:\/\/ksiegarnia-akademicka.pl\/index.php\/wp-json\/wp\/v2\/product_tag?post=6961"}],"curies":[{"name":"wp","href":"https:\/\/api.w.org\/{rel}","templated":true}]}}