{"id":6926,"date":"2018-05-22T12:57:47","date_gmt":"2018-05-22T10:57:47","guid":{"rendered":"http:\/\/ksiegarnia-akademicka.pl\/index.php\/product\/zrodla-finansowania-przedsiebiorstw-stan-badan-i-ich-metaanaliza\/"},"modified":"2018-05-22T12:57:47","modified_gmt":"2018-05-22T10:57:47","slug":"zrodla-finansowania-przedsiebiorstw-stan-badan-i-ich-metaanaliza","status":"publish","type":"product","link":"https:\/\/ksiegarnia-akademicka.pl\/index.php\/product\/zrodla-finansowania-przedsiebiorstw-stan-badan-i-ich-metaanaliza\/","title":{"rendered":"\u0179r\u00f3d\u0142a finansowania przedsi\u0119biorstw Stan bada\u0144 i ich metaanaliza"},"content":{"rendered":"","protected":false},"excerpt":{"rendered":"","protected":false},"featured_media":0,"template":"","meta":[],"product_brand":[],"product_cat":[16],"product_tag":[437,541,918],"class_list":{"0":"post-6926","1":"product","2":"type-product","3":"status-publish","5":"product_cat-ksiegarnia-akademicka-radom","6":"product_tag-finanse-przedsiebiorstwa","7":"product_tag-zarzadzanie","8":"product_tag-zarzadzanie-przedsiebiorstwem","10":"first","11":"instock","12":"shipping-taxable","13":"purchasable","14":"product-type-simple"},"_links":{"self":[{"href":"https:\/\/ksiegarnia-akademicka.pl\/index.php\/wp-json\/wp\/v2\/product\/6926","targetHints":{"allow":["GET"]}}],"collection":[{"href":"https:\/\/ksiegarnia-akademicka.pl\/index.php\/wp-json\/wp\/v2\/product"}],"about":[{"href":"https:\/\/ksiegarnia-akademicka.pl\/index.php\/wp-json\/wp\/v2\/types\/product"}],"wp:attachment":[{"href":"https:\/\/ksiegarnia-akademicka.pl\/index.php\/wp-json\/wp\/v2\/media?parent=6926"}],"wp:term":[{"taxonomy":"product_brand","embeddable":true,"href":"https:\/\/ksiegarnia-akademicka.pl\/index.php\/wp-json\/wp\/v2\/product_brand?post=6926"},{"taxonomy":"product_cat","embeddable":true,"href":"https:\/\/ksiegarnia-akademicka.pl\/index.php\/wp-json\/wp\/v2\/product_cat?post=6926"},{"taxonomy":"product_tag","embeddable":true,"href":"https:\/\/ksiegarnia-akademicka.pl\/index.php\/wp-json\/wp\/v2\/product_tag?post=6926"}],"curies":[{"name":"wp","href":"https:\/\/api.w.org\/{rel}","templated":true}]}}