{"id":6911,"date":"2018-05-22T12:57:44","date_gmt":"2018-05-22T10:57:44","guid":{"rendered":"http:\/\/ksiegarnia-akademicka.pl\/index.php\/product\/psychologia-kluczowe-koncepcje-tom-5-czlowiek-i-jego-srodowisko\/"},"modified":"2022-10-06T09:18:18","modified_gmt":"2022-10-06T07:18:18","slug":"psychologia-kluczowe-koncepcje-tom-5-czlowiek-i-jego-srodowisko","status":"publish","type":"product","link":"https:\/\/ksiegarnia-akademicka.pl\/index.php\/product\/psychologia-kluczowe-koncepcje-tom-5-czlowiek-i-jego-srodowisko\/","title":{"rendered":"Psychologia Kluczowe koncepcje Tom 5. Cz\u0142owiek i jego \u015brodowisko"},"content":{"rendered":"<p>Autor:<br \/>\nVivian McCann<br \/>\nRobert Johnson<br \/>\nPhilip Zimbardo<br \/>\nWydawca: Wydawnictwo Naukowe PWN<br \/>\nOprawa: Mi\u0119kka<br \/>\nFormat: 16.5&#215;23.4<br \/>\nLiczba stron: 254<br \/>\nWydanie: 2<br \/>\nRok wydania: 2022<br \/>\nJ\u0119zyk wydania: polski<\/p>\n<p>Psychologia. Kluczowe koncepcje to pi\u0119\u0107 tom\u00f3w solidnej wiedzy psychologicznej, podanej w niezwykle przyst\u0119pny i przyjazny spos\u00f3b. Nowe wydanie zosta\u0142o zaktualizowane o wyniki bada\u0144 z ostatnich lat oraz najbardziej aktualne zagadnienia. Podr\u0119cznik ten mo\u017ce s\u0142u\u017cy\u0107 zar\u00f3wno studentom, jak i entuzjastom psychologii. Philip Zimbardo, zwany \u201etwarz\u0105 i g\u0142osem psychologii\u201d, wraz z Robertem Johnsonem i Vivian McCann przybli\u017caj\u0105 Czytelnikom podstawowe teorie i poj\u0119cia psychologii. Struktur\u0119 podr\u0119cznika Autorzy zaplanowali tak, by u\u0142atwia\u0142a uczenie si\u0119 i zapami\u0119tywanie materia\u0142u, a tak\u017ce zach\u0119ca\u0142a do krytycznego my\u015blenia. Liczne przyk\u0142ady, \u0107wiczenia i zadania pozwalaj\u0105 odnie\u015b\u0107 wiedz\u0119 psychologiczn\u0105 do w\u0142asnego do\u015bwiadczenia i dostrzec jej zastosowania w codziennym \u017cyciu.<br \/>\nW tomie V, Cz\u0142owiek i jego \u015brodowisko, Czytelnicy znajd\u0105 odpowiedzi na pytania:<br \/>\nW jaki spos\u00f3b sytuacja spo\u0142eczna wp\u0142ywa na nasze zachowanie?<br \/>\nCo wp\u0142ywa na nasze oceny innych?<br \/>\nSk\u0105d bierze si\u0119 stres?<br \/>\nJak stres wp\u0142ywa na nas fizycznie?<br \/>\nJak mo\u017cemy zredukowa\u0107 wp\u0142yw stresu na nasze zdrowie?<br \/>\nAutorzy opisuj\u0105 najwa\u017cniejsze dokonania psychologii spo\u0142ecznej, przybli\u017caj\u0105 wiedz\u0119 na temat atrakcyjno\u015bci interpersonalnej, dokonywania atrybucji oraz natury uprzedze\u0144, relacjonuj\u0105 najs\u0142ynniejsze eksperymenty. Wyja\u015bniaj\u0105 tak\u017ce, w jaki spos\u00f3b stres oddzia\u0142uje na nasze samopoczucie i jak ten wp\u0142yw minimalizowa\u0107.<br \/>\nCzytelnik dowie si\u0119 tak\u017ce, jak wykorzystuj\u0105c krytyczne my\u015blenie, rozstrzyga\u0107 kontrowersyjne zagadnienia: czy terroryzm jest \u201ebezsensownym aktem przemocy, kt\u00f3rego dopuszczaj\u0105 si\u0119 ob\u0142\u0105kani fanatycy\u201d? Czy zmiany w \u017cyciu s\u0105 naprawd\u0119 niebezpieczne dla zdrowia?<\/p>\n","protected":false},"excerpt":{"rendered":"<p>Autor: Vivian McCann Robert Johnson Philip Zimbardo Wydawca: Wydawnictwo Naukowe [&hellip;]<\/p>\n","protected":false},"featured_media":14130,"template":"","meta":[],"product_brand":[],"product_cat":[27,7509],"product_tag":[1186,1659],"class_list":{"0":"post-6911","1":"product","2":"type-product","3":"status-publish","4":"has-post-thumbnail","6":"product_cat-nauki-spoleczne","7":"product_cat-psychologia","8":"product_tag-psychologia","9":"product_tag-psychoterapia","11":"first","12":"instock","13":"sale","14":"shipping-taxable","15":"purchasable","16":"product-type-simple"},"_links":{"self":[{"href":"https:\/\/ksiegarnia-akademicka.pl\/index.php\/wp-json\/wp\/v2\/product\/6911","targetHints":{"allow":["GET"]}}],"collection":[{"href":"https:\/\/ksiegarnia-akademicka.pl\/index.php\/wp-json\/wp\/v2\/product"}],"about":[{"href":"https:\/\/ksiegarnia-akademicka.pl\/index.php\/wp-json\/wp\/v2\/types\/product"}],"wp:featuredmedia":[{"embeddable":true,"href":"https:\/\/ksiegarnia-akademicka.pl\/index.php\/wp-json\/wp\/v2\/media\/14130"}],"wp:attachment":[{"href":"https:\/\/ksiegarnia-akademicka.pl\/index.php\/wp-json\/wp\/v2\/media?parent=6911"}],"wp:term":[{"taxonomy":"product_brand","embeddable":true,"href":"https:\/\/ksiegarnia-akademicka.pl\/index.php\/wp-json\/wp\/v2\/product_brand?post=6911"},{"taxonomy":"product_cat","embeddable":true,"href":"https:\/\/ksiegarnia-akademicka.pl\/index.php\/wp-json\/wp\/v2\/product_cat?post=6911"},{"taxonomy":"product_tag","embeddable":true,"href":"https:\/\/ksiegarnia-akademicka.pl\/index.php\/wp-json\/wp\/v2\/product_tag?post=6911"}],"curies":[{"name":"wp","href":"https:\/\/api.w.org\/{rel}","templated":true}]}}