{"id":6832,"date":"2018-05-22T12:57:29","date_gmt":"2018-05-22T10:57:29","guid":{"rendered":"http:\/\/ksiegarnia-akademicka.pl\/index.php\/product\/zarzadzanie-humanistyczne\/"},"modified":"2018-12-14T16:03:33","modified_gmt":"2018-12-14T15:03:33","slug":"zarzadzanie-humanistyczne","status":"publish","type":"product","link":"https:\/\/ksiegarnia-akademicka.pl\/index.php\/product\/zarzadzanie-humanistyczne\/","title":{"rendered":"Zarz\u0105dzanie humanistyczne"},"content":{"rendered":"<p>Redakcja: Nierenberg Bogus\u0142aw, Batko Roman, Su\u0142kowski \u0141ukasz<br \/>\nWydawca: Wydawnictwo Uniwersytetu Jagiello\u0144skiego<br \/>\nOprawa: Mi\u0119kka<br \/>\nFormat: 16.0&#215;23.0cm<br \/>\nLiczba stron: 254<br \/>\nWydanie: 1<br \/>\nRok wydania: 2015<\/p>\n<p>Wszystkie teksty zamieszczone w niniejszej publikacji mo\u017cna uzna\u0107 za oryginalne i wnosz\u0105ce do nurtu humanistycznego my\u015blenia o zarz\u0105dzaniu nowe, a czasami wr\u0119cz intryguj\u0105ce w\u0105tki. Monografia Zarz\u0105dzanie humanistyczne jest pierwsz\u0105 tego typu prac\u0105 ukazuj\u0105c\u0105 si\u0119 w j\u0119zyku polskim. Cho\u0107 wsp\u00f3lnym mianownikiem ca\u0142o\u015bci jest humanistyka, to po lekturze wszystkich rozdzia\u0142\u00f3w czytelnik konstatuje, \u017ce dochodzenie do niej w przypadku kolejnych Autor\u00f3w mia\u0142o sw\u00f3j indywidualny i specyficzny charakter. Stanowi to bez w\u0105tpienia istotny walor ca\u0142ego tomu. Co zaskakuj\u0105ce, Zarz\u0105dzanie humanistyczne jawi si\u0119 jako praca interdyscyplinarna. Ca\u0142o\u015b\u0107 doskonale odzwierciedla r\u00f3\u017cnorodno\u015b\u0107 my\u015blenia, z jakim mamy do czynienia w obszarze humanistycznego zarz\u0105dzania.<br \/>\nZ recenzji prof. dra hab. Tadeusza Marka<\/p>\n","protected":false},"excerpt":{"rendered":"<p>Redakcja: Nierenberg Bogus\u0142aw, Batko Roman, Su\u0142kowski \u0141ukasz Wydawca: Wydawnictwo Uniwersytetu [&hellip;]<\/p>\n","protected":false},"featured_media":8233,"template":"","meta":[],"product_brand":[],"product_cat":[7511,30],"product_tag":[1902,7604],"class_list":{"0":"post-6832","1":"product","2":"type-product","3":"status-publish","4":"has-post-thumbnail","6":"product_cat-kierowanie-i-zarzadzanie","7":"product_cat-zarzadzanie","8":"product_tag-organizacja-i-zarzadzanie","9":"product_tag-zarzadzanie-humanistyczne","11":"first","12":"instock","13":"sale","14":"shipping-taxable","15":"purchasable","16":"product-type-simple"},"_links":{"self":[{"href":"https:\/\/ksiegarnia-akademicka.pl\/index.php\/wp-json\/wp\/v2\/product\/6832","targetHints":{"allow":["GET"]}}],"collection":[{"href":"https:\/\/ksiegarnia-akademicka.pl\/index.php\/wp-json\/wp\/v2\/product"}],"about":[{"href":"https:\/\/ksiegarnia-akademicka.pl\/index.php\/wp-json\/wp\/v2\/types\/product"}],"wp:featuredmedia":[{"embeddable":true,"href":"https:\/\/ksiegarnia-akademicka.pl\/index.php\/wp-json\/wp\/v2\/media\/8233"}],"wp:attachment":[{"href":"https:\/\/ksiegarnia-akademicka.pl\/index.php\/wp-json\/wp\/v2\/media?parent=6832"}],"wp:term":[{"taxonomy":"product_brand","embeddable":true,"href":"https:\/\/ksiegarnia-akademicka.pl\/index.php\/wp-json\/wp\/v2\/product_brand?post=6832"},{"taxonomy":"product_cat","embeddable":true,"href":"https:\/\/ksiegarnia-akademicka.pl\/index.php\/wp-json\/wp\/v2\/product_cat?post=6832"},{"taxonomy":"product_tag","embeddable":true,"href":"https:\/\/ksiegarnia-akademicka.pl\/index.php\/wp-json\/wp\/v2\/product_tag?post=6832"}],"curies":[{"name":"wp","href":"https:\/\/api.w.org\/{rel}","templated":true}]}}