{"id":683,"date":"2018-05-22T12:41:56","date_gmt":"2018-05-22T10:41:56","guid":{"rendered":"http:\/\/ksiegarnia-akademicka.pl\/index.php\/product\/gospodarka-swiata-u-progu-xxi-wieku\/"},"modified":"2018-07-25T09:57:53","modified_gmt":"2018-07-25T07:57:53","slug":"gospodarka-swiata-u-progu-xxi-wieku","status":"publish","type":"product","link":"https:\/\/ksiegarnia-akademicka.pl\/index.php\/product\/gospodarka-swiata-u-progu-xxi-wieku\/","title":{"rendered":"Gospodarka \u015bwiata u progu XXI wieku"},"content":{"rendered":"<p>Autor:<br \/>\nDariusz Wojnarski<br \/>\nWydawca: M.T.M. Firma<br \/>\nOprawa: Mi\u0119kka<br \/>\nFormat: 15.7&#215;23.2cm<br \/>\nLiczba stron: 142<br \/>\nRok wydania: 2007<\/p>\n<p>Ksi\u0105\u017cka jest pierwszym syntetycznym uj\u0119ciem rozwoju gospodarki \u015bwiata w ostatniej dekadzie XX wieku. To czas wyj\u0105tkowo intensywnych przemian zwi\u0105zanych chocia\u017cby z rozpadem bloku radzieckiego czy wybuchem licznych kryzys\u00f3w finansowo-walutowych. Na kanwie wydarze\u0144 politycznych, a przede wszystkim w kontek\u015bcie przyspieszonej globalizacji i pog\u0142\u0119bionej integracji, zaprezentowano uk\u0142ad si\u0142 gospodarki \u015bwiatowej oraz kondycj\u0119 ekonomiczn\u0105 poszczeg\u00f3lnych region\u00f3w i pa\u0144stw u progu trzeciego milenium. Po kolei omawiana jest sytuacja gospodarcza obszar\u00f3w rozwini\u0119tych (Stany Zjednoczone, Kanada, Japonia, Europa Zachodnia, Australia i Nowa Zelandia), przechodz\u0105cych transformacj\u0119 systemow\u0105 (Wsp\u00f3lnota Niepodleg\u0142ych Pa\u0144stw, Europa \u015arodkowo-Wschodnia. Chiny Ludowe) i rozwijaj\u0105cych si\u0119 (Kraje Czwartego \u015awiata, \u201etygrysy azjatyckie&#8221;, pa\u0144stwa nowo uprzemys\u0142owione Ameryki Po\u0142udniowej, pa\u0144stwa naftowe Afryki P\u00f3\u0142nocnej i Bliskiego Wschodu). Ksi\u0105\u017cka wype\u0142nia dotkliw\u0105 luk\u0119 na rynku wydawniczym. Napisana jest w oparciu o r\u00f3\u017cnorodne materia\u0142y \u017ar\u00f3d\u0142owe oraz opracowania polskie i zagraniczne. Autor kre\u015bli sw\u00f3j wyk\u0142ad j\u0119zykiem jasnym i komunikatywnym. Publikacja skierowana jest zw\u0142aszcza do ekonomist\u00f3w, historyk\u00f3w, politolog\u00f3w, w tym nauczycieli, student\u00f3w oraz wszystkich zainteresowanych powy\u017csz\u0105 tematyk\u0105.<\/p>\n","protected":false},"excerpt":{"rendered":"<p>Autor: Dariusz Wojnarski Wydawca: M.T.M. Firma Oprawa: Mi\u0119kka Format: 15.7&#215;23.2cm [&hellip;]<\/p>\n","protected":false},"featured_media":8273,"template":"","meta":[],"product_brand":[],"product_cat":[17,7499,26,27,7510],"product_tag":[551,7607,5020],"class_list":{"0":"post-683","1":"product","2":"type-product","3":"status-publish","4":"has-post-thumbnail","6":"product_cat-ekonomia","7":"product_cat-makro-i-mikroekonomia","8":"product_cat-miedzynarodowe-stosunki-gospodarcze","9":"product_cat-nauki-spoleczne","10":"product_cat-polityka-spoleczna","11":"product_tag-globalizacja","12":"product_tag-gospodarka-miedzynarodowa","13":"product_tag-miedzynarodowe-stosunki-ekonomiczne","15":"first","16":"instock","17":"sale","18":"shipping-taxable","19":"purchasable","20":"product-type-simple"},"_links":{"self":[{"href":"https:\/\/ksiegarnia-akademicka.pl\/index.php\/wp-json\/wp\/v2\/product\/683","targetHints":{"allow":["GET"]}}],"collection":[{"href":"https:\/\/ksiegarnia-akademicka.pl\/index.php\/wp-json\/wp\/v2\/product"}],"about":[{"href":"https:\/\/ksiegarnia-akademicka.pl\/index.php\/wp-json\/wp\/v2\/types\/product"}],"wp:featuredmedia":[{"embeddable":true,"href":"https:\/\/ksiegarnia-akademicka.pl\/index.php\/wp-json\/wp\/v2\/media\/8273"}],"wp:attachment":[{"href":"https:\/\/ksiegarnia-akademicka.pl\/index.php\/wp-json\/wp\/v2\/media?parent=683"}],"wp:term":[{"taxonomy":"product_brand","embeddable":true,"href":"https:\/\/ksiegarnia-akademicka.pl\/index.php\/wp-json\/wp\/v2\/product_brand?post=683"},{"taxonomy":"product_cat","embeddable":true,"href":"https:\/\/ksiegarnia-akademicka.pl\/index.php\/wp-json\/wp\/v2\/product_cat?post=683"},{"taxonomy":"product_tag","embeddable":true,"href":"https:\/\/ksiegarnia-akademicka.pl\/index.php\/wp-json\/wp\/v2\/product_tag?post=683"}],"curies":[{"name":"wp","href":"https:\/\/api.w.org\/{rel}","templated":true}]}}